{"id":803,"date":"2022-12-06T18:37:57","date_gmt":"2022-12-06T18:37:57","guid":{"rendered":"https:\/\/bestarbelegendary.com\/?page_id=803"},"modified":"2022-12-07T15:14:51","modified_gmt":"2022-12-07T15:14:51","slug":"termos-e-condicoes","status":"publish","type":"page","link":"https:\/\/bestarbelegendary.com\/fr\/termos-e-condicoes\/","title":{"rendered":"Termes et Conditions"},"content":{"rendered":"<p><strong>Collecte de donn\u00e9es et Informations G\u00e9n\u00e9rales<\/strong><br \/>\nLe site web Be Star Be Legendary recueille un certain nombre de donn\u00e9es et d\u2019informations g\u00e9n\u00e9rales lorsqu\u2019un la personne concern\u00e9e ou le syst\u00e8me automatis\u00e9 acc\u00e8de au site web. Ces donn\u00e9es et informations g\u00e9n\u00e9rales sont stock\u00e9s dans les archives du serveur. Parmi les \u00e9l\u00e9ments collect\u00e9s, on peut<br \/>\nciter :<br \/>\n(1) les types de navigateurs et les versions utilis\u00e9es<br \/>\n(2) le syst\u00e8me d\u2019exploitation utilis\u00e9 par le syst\u00e8me d\u2019acc\u00e8s<br \/>\n(3) le site \u00e0 partir duquel un syst\u00e8me d\u2019acc\u00e8s arrive sur notre site web (les r\u00e9f\u00e9rencements)<br \/>\n(4) Date et heure d\u2019acc\u00e8s au site Internet<br \/>\n(5) Adresse Internet (adresse IP)<br \/>\n(6) Syst\u00e8me d\u2019acc\u00e8s du fournisseur d\u2019acc\u00e8s Internet (FAI)<br \/>\n(8) toute autre donn\u00e9e et information pouvant \u00eatre utilis\u00e9e en cas d\u2019attaques contre nos syst\u00e8mes informatiques.<\/p>\n<p>En utilisant ces donn\u00e9es et informations g\u00e9n\u00e9rales, le site web Be Star Be Legendary ne tire aucune conclusion sur la personne concern\u00e9e.<br \/>\nAu contraire, cette information est n\u00e9cessaire pour :<br \/>\n(1) fournir \u00e0 l\u2019utilisateur le contenu de notre site web, de forme correcte<br \/>\n(2) optimiser le contenu de notre site web, ainsi que sa publicit\u00e9<br \/>\n(3) assurer la viabilit\u00e9 \u00e0 long terme de nos syst\u00e8mes informatiques d\u2019information et de technologie du<br \/>\nsite Web<br \/>\n4) fournir aux autorit\u00e9s charg\u00e9es de l\u2019application de la loi les informations n\u00e9cessaires \u00e0 la proc\u00e9dure<br \/>\np\u00e9nale en cas de cyberattaque.<\/p>\n<p>Par cons\u00e9quent, Be Star Be Legendary analyse les donn\u00e9es et informations collect\u00e9es de mani\u00e8re anonyme, dans le but d\u2019accro\u00eetre la protection et la s\u00e9curit\u00e9 des donn\u00e9es pour notre entreprise et assurer un haut niveau de protection des donn\u00e9es personnelles que nous traitons. Les donn\u00e9es anonymes des fichiers journaux du serveur sont stock\u00e9s s\u00e9par\u00e9ment de toutes les donn\u00e9es personnelles<br \/>\nfournies par une personne d\u00e9tentrice de donn\u00e9es.<\/p>\n<p>Nous assurons aux utilisateurs qu\u2019aucune donn\u00e9e personnelle ne sera fournie \u00e0 des tiers sans le consentement pr\u00e9alable du titulaire et qu\u2019aucune des donn\u00e9es personnelles qui nous sont fournies seront transf\u00e9r\u00e9s, gratuitement ou commercialement, \u00e0 des soci\u00e9t\u00e9s de marketing.<\/p>\n<p><strong>Quel est le but des donn\u00e9es collect\u00e9es dans nos formulaires ?<\/strong><br \/>\nLes donn\u00e9es \u00e0 caract\u00e8re personnel transmises volontairement par une personne concern\u00e9e sont conserv\u00e9es afin de traiter ou contacter la personne concern\u00e9e.<\/p>\n<p><strong>RGPD<\/strong><br \/>\nLa d\u00e9claration de protection des donn\u00e9es de Be Star Be Legendary est bas\u00e9e sur les termes utilis\u00e9s par le l\u00e9gislateur europ\u00e9en pour l\u2019adoption du R\u00e8glement G\u00e9n\u00e9ral sur la Protection des Donn\u00e9es (RGPD).<br \/>\nLe traitement des donn\u00e9es personnelles, telles que le nom, l\u2019adresse, l\u2019adresse e-mail ou le num\u00e9ro de t\u00e9l\u00e9phone respecte les r\u00e8gles \u00e9nonc\u00e9es dans le R\u00e8glement G\u00e9n\u00e9ral sur la Protection des Donn\u00e9es (RGPD) et sont conformes \u00e0 la l\u00e9gislation sur la protection des donn\u00e9es appliqu\u00e9e au Portugal.<br \/>\nBe Star Be Legendary a mis en place des mesures pour assurer la protection des donn\u00e9es personnelles trait\u00e9es par le biais de ce site web. Cependant, les transmissions de donn\u00e9es sur Internet peuvent, en principe, pr\u00e9senter des lacunes en mati\u00e8re de s\u00e9curit\u00e9, de sorte qu\u2019une protection absolue peut ne pas \u00eatre garantie.<br \/>\nChaque personne concern\u00e9e a le droit, que le l\u00e9gislateur europ\u00e9en lui accorde, de retirer son consentement au traitement de ses donn\u00e9es personnelles \u00e0 tout moment.<br \/>\nSi la personne concern\u00e9e souhaite exercer son droit de retrait de son consentement, elle peut, \u00e0 tout moment, contacter Be Star Be Legendary.<\/p>","protected":false},"excerpt":{"rendered":"<p>Collecte de donn\u00e9es et Informations G\u00e9n\u00e9rales Le site web Be Star Be Legendary recueille un certain nombre de donn\u00e9es et d\u2019informations g\u00e9n\u00e9rales lorsqu\u2019un la personne concern\u00e9e ou le syst\u00e8me automatis\u00e9 acc\u00e8de au site web. Ces donn\u00e9es et informations g\u00e9n\u00e9rales sont stock\u00e9s dans les archives du serveur. Parmi les \u00e9l\u00e9ments collect\u00e9s, on peut citer : (1) [&hellip;]<\/p>\n","protected":false},"author":1,"featured_media":805,"parent":0,"menu_order":0,"comment_status":"closed","ping_status":"closed","template":"","meta":{"footnotes":""},"class_list":["post-803","page","type-page","status-publish","has-post-thumbnail","hentry"],"yoast_head":"<!-- This site is optimized with the Yoast SEO plugin v26.0 - https:\/\/yoast.com\/wordpress\/plugins\/seo\/ -->\n<title>Termes et Conditions - be star be legendary<\/title>\n<meta name=\"robots\" content=\"index, follow, max-snippet:-1, max-image-preview:large, max-video-preview:-1\" \/>\n<link rel=\"canonical\" href=\"https:\/\/bestarbelegendary.com\/fr\/termos-e-condicoes\/\" \/>\n<meta property=\"og:locale\" content=\"fr_FR\" \/>\n<meta property=\"og:type\" content=\"article\" \/>\n<meta property=\"og:title\" content=\"Termes et Conditions - be star be legendary\" \/>\n<meta property=\"og:description\" content=\"Collecte de donn\u00e9es et Informations G\u00e9n\u00e9rales Le site web Be Star Be Legendary recueille un certain nombre de donn\u00e9es et d\u2019informations g\u00e9n\u00e9rales lorsqu\u2019un la personne concern\u00e9e ou le syst\u00e8me automatis\u00e9 acc\u00e8de au site web. Ces donn\u00e9es et informations g\u00e9n\u00e9rales sont stock\u00e9s dans les archives du serveur. Parmi les \u00e9l\u00e9ments collect\u00e9s, on peut citer : (1) [&hellip;]\" \/>\n<meta property=\"og:url\" content=\"https:\/\/bestarbelegendary.com\/fr\/termos-e-condicoes\/\" \/>\n<meta property=\"og:site_name\" content=\"be star be legendary\" \/>\n<meta property=\"article:modified_time\" content=\"2022-12-07T15:14:51+00:00\" \/>\n<meta property=\"og:image\" content=\"https:\/\/bestarbelegendary.com\/wp-content\/uploads\/2022\/12\/arisa-chattasa-0LaBRkmH4fM-unsplash-scaled.jpg\" \/>\n\t<meta property=\"og:image:width\" content=\"2048\" \/>\n\t<meta property=\"og:image:height\" content=\"1152\" \/>\n\t<meta property=\"og:image:type\" content=\"image\/jpeg\" \/>\n<meta name=\"twitter:card\" content=\"summary_large_image\" \/>\n<meta name=\"twitter:label1\" content=\"Dur\u00e9e de lecture estim\u00e9e\" \/>\n\t<meta name=\"twitter:data1\" content=\"3 minutes\" \/>\n<script type=\"application\/ld+json\" class=\"yoast-schema-graph\">{\"@context\":\"https:\/\/schema.org\",\"@graph\":[{\"@type\":\"WebPage\",\"@id\":\"https:\/\/bestarbelegendary.com\/fr\/termos-e-condicoes\/\",\"url\":\"https:\/\/bestarbelegendary.com\/fr\/termos-e-condicoes\/\",\"name\":\"Termes et Conditions - be star be legendary\",\"isPartOf\":{\"@id\":\"https:\/\/bestarbelegendary.com\/fr\/#website\"},\"primaryImageOfPage\":{\"@id\":\"https:\/\/bestarbelegendary.com\/fr\/termos-e-condicoes\/#primaryimage\"},\"image\":{\"@id\":\"https:\/\/bestarbelegendary.com\/termos-e-condicoes\/#primaryimage\"},\"thumbnailUrl\":\"https:\/\/bestarbelegendary.com\/wp-content\/uploads\/2022\/12\/arisa-chattasa-0LaBRkmH4fM-unsplash-scaled.jpg\",\"datePublished\":\"2022-12-06T18:37:57+00:00\",\"dateModified\":\"2022-12-07T15:14:51+00:00\",\"breadcrumb\":{\"@id\":\"https:\/\/bestarbelegendary.com\/fr\/termos-e-condicoes\/#breadcrumb\"},\"inLanguage\":\"fr-FR\",\"potentialAction\":[{\"@type\":\"ReadAction\",\"target\":[[\"https:\/\/bestarbelegendary.com\/fr\/termos-e-condicoes\/\"]]}]},{\"@type\":\"ImageObject\",\"inLanguage\":\"fr-FR\",\"@id\":\"https:\/\/bestarbelegendary.com\/fr\/termos-e-condicoes\/#primaryimage\",\"url\":\"https:\/\/bestarbelegendary.com\/wp-content\/uploads\/2022\/12\/arisa-chattasa-0LaBRkmH4fM-unsplash-scaled.jpg\",\"contentUrl\":\"https:\/\/bestarbelegendary.com\/wp-content\/uploads\/2022\/12\/arisa-chattasa-0LaBRkmH4fM-unsplash-scaled.jpg\",\"width\":2048,\"height\":1152},{\"@type\":\"BreadcrumbList\",\"@id\":\"https:\/\/bestarbelegendary.com\/fr\/termos-e-condicoes\/#breadcrumb\",\"itemListElement\":[{\"@type\":\"ListItem\",\"position\":1,\"name\":\"In\u00edcio\",\"item\":\"https:\/\/bestarbelegendary.com\/fr\/\"},{\"@type\":\"ListItem\",\"position\":2,\"name\":\"Termos e Condi\u00e7\u00f5es\"}]},{\"@type\":\"WebSite\",\"@id\":\"https:\/\/bestarbelegendary.com\/fr\/#website\",\"url\":\"https:\/\/bestarbelegendary.com\/fr\/\",\"name\":\"be star be legendary\",\"description\":\"www.bestarbelegendary.com\",\"potentialAction\":[{\"@type\":\"SearchAction\",\"target\":{\"@type\":\"EntryPoint\",\"urlTemplate\":\"https:\/\/bestarbelegendary.com\/fr\/?s={search_term_string}\"},\"query-input\":{\"@type\":\"PropertyValueSpecification\",\"valueRequired\":true,\"valueName\":\"search_term_string\"}}],\"inLanguage\":\"fr-FR\"}]}<\/script>\n<!-- \/ Yoast SEO plugin. -->","yoast_head_json":{"title":"Termes et Conditions - be star be legendary","robots":{"index":"index","follow":"follow","max-snippet":"max-snippet:-1","max-image-preview":"max-image-preview:large","max-video-preview":"max-video-preview:-1"},"canonical":"https:\/\/bestarbelegendary.com\/fr\/termos-e-condicoes\/","og_locale":"fr_FR","og_type":"article","og_title":"Termes et Conditions - be star be legendary","og_description":"Collecte de donn\u00e9es et Informations G\u00e9n\u00e9rales Le site web Be Star Be Legendary recueille un certain nombre de donn\u00e9es et d\u2019informations g\u00e9n\u00e9rales lorsqu\u2019un la personne concern\u00e9e ou le syst\u00e8me automatis\u00e9 acc\u00e8de au site web. Ces donn\u00e9es et informations g\u00e9n\u00e9rales sont stock\u00e9s dans les archives du serveur. Parmi les \u00e9l\u00e9ments collect\u00e9s, on peut citer : (1) [&hellip;]","og_url":"https:\/\/bestarbelegendary.com\/fr\/termos-e-condicoes\/","og_site_name":"be star be legendary","article_modified_time":"2022-12-07T15:14:51+00:00","og_image":[{"width":2048,"height":1152,"url":"https:\/\/bestarbelegendary.com\/wp-content\/uploads\/2022\/12\/arisa-chattasa-0LaBRkmH4fM-unsplash-scaled.jpg","type":"image\/jpeg"}],"twitter_card":"summary_large_image","twitter_misc":{"Dur\u00e9e de lecture estim\u00e9e":"3 minutes"},"schema":{"@context":"https:\/\/schema.org","@graph":[{"@type":"WebPage","@id":"https:\/\/bestarbelegendary.com\/fr\/termos-e-condicoes\/","url":"https:\/\/bestarbelegendary.com\/fr\/termos-e-condicoes\/","name":"Termes et Conditions - be star be legendary","isPartOf":{"@id":"https:\/\/bestarbelegendary.com\/fr\/#website"},"primaryImageOfPage":{"@id":"https:\/\/bestarbelegendary.com\/fr\/termos-e-condicoes\/#primaryimage"},"image":{"@id":"https:\/\/bestarbelegendary.com\/termos-e-condicoes\/#primaryimage"},"thumbnailUrl":"https:\/\/bestarbelegendary.com\/wp-content\/uploads\/2022\/12\/arisa-chattasa-0LaBRkmH4fM-unsplash-scaled.jpg","datePublished":"2022-12-06T18:37:57+00:00","dateModified":"2022-12-07T15:14:51+00:00","breadcrumb":{"@id":"https:\/\/bestarbelegendary.com\/fr\/termos-e-condicoes\/#breadcrumb"},"inLanguage":"fr-FR","potentialAction":[{"@type":"ReadAction","target":[["https:\/\/bestarbelegendary.com\/fr\/termos-e-condicoes\/"]]}]},{"@type":"ImageObject","inLanguage":"fr-FR","@id":"https:\/\/bestarbelegendary.com\/fr\/termos-e-condicoes\/#primaryimage","url":"https:\/\/bestarbelegendary.com\/wp-content\/uploads\/2022\/12\/arisa-chattasa-0LaBRkmH4fM-unsplash-scaled.jpg","contentUrl":"https:\/\/bestarbelegendary.com\/wp-content\/uploads\/2022\/12\/arisa-chattasa-0LaBRkmH4fM-unsplash-scaled.jpg","width":2048,"height":1152},{"@type":"BreadcrumbList","@id":"https:\/\/bestarbelegendary.com\/fr\/termos-e-condicoes\/#breadcrumb","itemListElement":[{"@type":"ListItem","position":1,"name":"In\u00edcio","item":"https:\/\/bestarbelegendary.com\/fr\/"},{"@type":"ListItem","position":2,"name":"Termos e Condi\u00e7\u00f5es"}]},{"@type":"WebSite","@id":"https:\/\/bestarbelegendary.com\/fr\/#website","url":"https:\/\/bestarbelegendary.com\/fr\/","name":"be star be legendary","description":"www.bestarbelegendary.com","potentialAction":[{"@type":"SearchAction","target":{"@type":"EntryPoint","urlTemplate":"https:\/\/bestarbelegendary.com\/fr\/?s={search_term_string}"},"query-input":{"@type":"PropertyValueSpecification","valueRequired":true,"valueName":"search_term_string"}}],"inLanguage":"fr-FR"}]}},"_links":{"self":[{"href":"https:\/\/bestarbelegendary.com\/fr\/wp-json\/wp\/v2\/pages\/803","targetHints":{"allow":["GET"]}}],"collection":[{"href":"https:\/\/bestarbelegendary.com\/fr\/wp-json\/wp\/v2\/pages"}],"about":[{"href":"https:\/\/bestarbelegendary.com\/fr\/wp-json\/wp\/v2\/types\/page"}],"author":[{"embeddable":true,"href":"https:\/\/bestarbelegendary.com\/fr\/wp-json\/wp\/v2\/users\/1"}],"replies":[{"embeddable":true,"href":"https:\/\/bestarbelegendary.com\/fr\/wp-json\/wp\/v2\/comments?post=803"}],"version-history":[{"count":3,"href":"https:\/\/bestarbelegendary.com\/fr\/wp-json\/wp\/v2\/pages\/803\/revisions"}],"predecessor-version":[{"id":821,"href":"https:\/\/bestarbelegendary.com\/fr\/wp-json\/wp\/v2\/pages\/803\/revisions\/821"}],"wp:featuredmedia":[{"embeddable":true,"href":"https:\/\/bestarbelegendary.com\/fr\/wp-json\/wp\/v2\/media\/805"}],"wp:attachment":[{"href":"https:\/\/bestarbelegendary.com\/fr\/wp-json\/wp\/v2\/media?parent=803"}],"curies":[{"name":"wp","href":"https:\/\/api.w.org\/{rel}","templated":true}]}}