{"id":24,"date":"2022-07-01T21:22:17","date_gmt":"2022-07-01T20:22:17","guid":{"rendered":"https:\/\/bestarbelegendary.com\/formacao\/"},"modified":"2022-10-12T17:56:59","modified_gmt":"2022-10-12T16:56:59","slug":"formacao","status":"publish","type":"page","link":"https:\/\/bestarbelegendary.com\/fr\/formacao\/","title":{"rendered":"Formation"},"content":{"rendered":"<p><\/p>\n<h3><strong>Change ta vision<\/strong><\/h3>\n<p>Un jour, quelqu&rsquo;un a pos\u00e9 \u00e0 chacun de nous des questions que nous voulons maintenant vous poser.<\/p>\n<figure id=\"attachment_235\" aria-describedby=\"caption-attachment-235\" style=\"width: 600px\" class=\"wp-caption aligncenter\"><img decoding=\"async\" class=\"wp-image-235 size-medium\" src=\"https:\/\/bestarbelegendary.com\/wp-content\/uploads\/2022\/07\/equipa-2-600x314.jpg\" alt=\"\" width=\"600\" height=\"314\" srcset=\"https:\/\/bestarbelegendary.com\/wp-content\/uploads\/2022\/07\/equipa-2-600x314.jpg 600w, https:\/\/bestarbelegendary.com\/wp-content\/uploads\/2022\/07\/equipa-2-768x402.jpg 768w, https:\/\/bestarbelegendary.com\/wp-content\/uploads\/2022\/07\/equipa-2.jpg 956w\" sizes=\"(max-width: 600px) 100vw, 600px\" \/><figcaption id=\"caption-attachment-235\" class=\"wp-caption-text\">F\u00e1tima Silva, Bruno Gon\u00e7alves, Roger Vilar, Sofia Costa, Iolanda Grenha, Teresa Freitas e Andr\u00e9 Martins<\/figcaption><\/figure>\n<p><strong>&#8211; Avez-vous d\u00e9j\u00e0 voulu changer de vie, mais avez-vous dout\u00e9 de vous-m\u00eame et de vos capacit\u00e9s\u00a0? Vous croyez que vous ne pouvez pas\u00a0!<\/strong><\/p>\n<p><strong>&#8211; Avez-vous cru que vous n&rsquo;\u00eates pas chanceux et qu&rsquo;avoir une vie meilleure n&rsquo;est pas pour vous ?<\/strong><\/p>\n<p><strong>&#8211; Vous \u00eates-vous d\u00e9j\u00e0 senti perdu et n&rsquo;\u00eates-vous pas s\u00fbr du but de votre vie\u00a0?<\/strong><\/p>\n<p><strong>&#8211; Avez-vous d\u00e9j\u00e0 eu le sentiment d&rsquo;avoir atteint les objectifs que vous vous \u00eates fix\u00e9s, mais au final vous n&rsquo;en ressentez pas la satisfaction ?<\/strong><\/p>\n<p><strong>&#8211; Avez-vous d\u00e9j\u00e0 eu l&rsquo;impression que lorsque vous partagez votre fa\u00e7on de penser et vos id\u00e9es, personne ne vous comprend, ne vous appr\u00e9cie et peut-\u00eatre m\u00eame vous juge ?<\/strong><\/p>\n<p><strong>&#8211; Avez-vous d\u00e9j\u00e0 ressenti que peu importe \u00e0 quel point vous essayez, vous ne vous sentez pas heureux\u00a0?<\/strong><\/p>\n<p><strong>&#8211; Le temps vous manque pour faire ce que vous aimez et \u00eatre avec ceux que vous aimez ?<\/strong><\/p>\n<p>Nous avons tous ressenti l&rsquo;impact de l&rsquo;une de ces questions, car elle refl\u00e9tait un aspect de notre vie qui nous causait de l&rsquo;inconfort. Si vous vous identifiez \u00e9galement \u00e0 cela, c&rsquo;est parce que vous n&rsquo;investissez pas en vous-m\u00eame et ne travaillez pas votre esprit comme vous le devriez.<\/p>\n<figure id=\"attachment_513\" aria-describedby=\"caption-attachment-513\" style=\"width: 600px\" class=\"wp-caption aligncenter\"><img decoding=\"async\" class=\"wp-image-513 size-medium\" src=\"https:\/\/bestarbelegendary.com\/wp-content\/uploads\/2022\/09\/Web_Photo_Editor-27-600x398.jpg\" alt=\"\" width=\"600\" height=\"398\" srcset=\"https:\/\/bestarbelegendary.com\/wp-content\/uploads\/2022\/09\/Web_Photo_Editor-27-600x398.jpg 600w, https:\/\/bestarbelegendary.com\/wp-content\/uploads\/2022\/09\/Web_Photo_Editor-27-768x510.jpg 768w, https:\/\/bestarbelegendary.com\/wp-content\/uploads\/2022\/09\/Web_Photo_Editor-27.jpg 967w\" sizes=\"(max-width: 600px) 100vw, 600px\" \/><figcaption id=\"caption-attachment-513\" class=\"wp-caption-text\">Jantar tem\u00e1tico num Congresso | Paula Perry, Sam, Daniela Lima, Roger Vilar, Sofia Costa, Teresa Freitas, Iolanda Grenha, Eduardo Ara\u00fajo, Paulo, Bruno Gon\u00e7alves<\/figcaption><\/figure>\n<p>Vous \u00eates-vous d\u00e9j\u00e0 demand\u00e9 pourquoi nous allons plusieurs fois \u00e0 la salle de sport, par exemple, mais peut-\u00eatre ne lisez-vous jamais de livres, ou faites-vous un entra\u00eenement qui pourrait vous aider \u00e0 avoir une vie plus heureuse ?<\/p>\n<p>Nous sommes \u00e0 une \u00e9poque o\u00f9 l&rsquo;on vit beaucoup d&rsquo;apparences et o\u00f9 le culte du corps est encourag\u00e9. Il n&rsquo;y a rien de mal \u00e0 cela, mais comme tout dans la vie, il doit y avoir un \u00e9quilibre. Notre bien-\u00eatre commence de l&rsquo;int\u00e9rieur. Lorsque vous \u00eates bien \u00e0 l&rsquo;int\u00e9rieur, cela se refl\u00e9tera \u00e0 l&rsquo;ext\u00e9rieur. Au fait, imaginez quelqu&rsquo;un qui commence une s\u00e9ance d&rsquo;entra\u00eenement \u00e0 la salle de sport ou un suivi chez un nutritionniste, mais se sent compl\u00e8tement d\u00e9motiv\u00e9, combien de temps cette personne sera-t-elle coh\u00e9rente\u00a0? Quels r\u00e9sultats aura-t-il ? Tout commence dans notre esprit, c&rsquo;est celui qui a le pouvoir de nous mener au succ\u00e8s, ou \u00e0 l&rsquo;\u00e9chec complet dans n&rsquo;importe quel domaine de notre vie.<\/p>\n<p>Lorsque nous avons d\u00e9cid\u00e9 de dire oui \u00e0 cette opportunit\u00e9, nous sommes entr\u00e9s dans le monde du d\u00e9veloppement personnel et cela a \u00e9t\u00e9 vraiment transformateur pour chacun de nous. Non seulement sur le plan professionnel, mais aussi sur le plan personnel. Nous avons tellement appris, qu&rsquo;un texte ne suffirait pas \u00e0 d\u00e9crire&#8230;<\/p>\n<p>Au niveau professionnel, nous apprenons, par exemple : comment mieux g\u00e9rer notre temps, comment augmenter notre motivation et notre concentration, fixer des objectifs, mieux relever les d\u00e9fis, comment communiquer plus efficacement, d\u00e9velopper des comp\u00e9tences en leadership, etc.<\/p>\n<p>Sur le plan personnel, on apprend entre autres : comment g\u00e9rer plus intelligemment nos \u00e9motions, comment avoir des relations familiales plus satisfaisantes, comment \u00eatre de meilleurs parents, augmenter notre confiance en soi, etc.<\/p>\n<figure id=\"attachment_537\" aria-describedby=\"caption-attachment-537\" style=\"width: 526px\" class=\"wp-caption aligncenter\"><img decoding=\"async\" class=\"wp-image-537 size-full\" src=\"https:\/\/bestarbelegendary.com\/wp-content\/uploads\/2022\/09\/Eduardo-e-Bruno.jpg\" alt=\"\" width=\"526\" height=\"789\" \/><figcaption id=\"caption-attachment-537\" class=\"wp-caption-text\">Jantar tem\u00e1tico de Congresso: Eduardo Ara\u00fajo &#8211; @instagram.com\/edward_araujo97 | Bruno Gon\u00e7alves &#8211; @instagram\/brunog_29<\/figcaption><\/figure>\n<p>Votre Mental Gym vous offre un programme d&rsquo;entra\u00eenement de d\u00e9veloppement personnel complet et abordable. L&rsquo;objectif principal est de mettre \u00e0 la disposition de chacun les bons outils qui lui permettent de construire la vie qu&rsquo;il d\u00e9sire tant. Toute personne qui veut vraiment am\u00e9liorer sa vie aura un suivi constant afin de garantir des r\u00e9sultats r\u00e9els et durables dans l&rsquo;am\u00e9lioration de la qualit\u00e9 de vie, dans ses diff\u00e9rents domaines.<\/p>\n<p>Le d\u00e9veloppement a \u00e9t\u00e9 la premi\u00e8re \u00e9tape pour que notre vie commence enfin \u00e0 changer, apr\u00e8s tant de tentatives infructueuses que nous avons tous travers\u00e9es. Nous vivons actuellement la vie plus sagement, ce qui nous apporte confiance et, par cons\u00e9quent, tranquillit\u00e9. Nous parvenons \u00e0 booster les r\u00e9sultats, \u00e0 surmonter tout obstacle qui peut survenir sur le chemin beaucoup plus facilement. Et nous sommes conscients qu&rsquo;avec concentration, pers\u00e9v\u00e9rance, coh\u00e9rence et volont\u00e9 d&rsquo;apprendre, notre croissance sera continue.<\/p>\n<h3><strong>Acad\u00e9mie de formation<\/strong><\/h3>\n<figure id=\"attachment_261\" aria-describedby=\"caption-attachment-261\" style=\"width: 600px\" class=\"wp-caption aligncenter\"><img decoding=\"async\" class=\"wp-image-261 size-medium\" src=\"https:\/\/bestarbelegendary.com\/wp-content\/uploads\/2022\/07\/Roger-editada-600x399.jpg\" alt=\"\" width=\"600\" height=\"399\" srcset=\"https:\/\/bestarbelegendary.com\/wp-content\/uploads\/2022\/07\/Roger-editada-600x399.jpg 600w, https:\/\/bestarbelegendary.com\/wp-content\/uploads\/2022\/07\/Roger-editada-768x511.jpg 768w, https:\/\/bestarbelegendary.com\/wp-content\/uploads\/2022\/07\/Roger-editada.jpg 955w\" sizes=\"(max-width: 600px) 100vw, 600px\" \/><figcaption id=\"caption-attachment-261\" class=\"wp-caption-text\">Roger Vilar | @instagram.com\/rogervilar_go_pro<\/figcaption><\/figure>\n<p>Il propose une approche multidisciplinaire principalement au d\u00e9veloppement personnel, explorant des domaines tels que la programmation neurolinguistique (PNL), le coaching, l&rsquo;hypnose, la psychologie, le leadership et la persuasion. Plus qu&rsquo;un ensemble de cours, nous promouvons notre propre culture, qui reconna\u00eet que la cl\u00e9 du succ\u00e8s.qui reconna\u00eet que la cl\u00e9 du succ\u00e8s professionnel et d&rsquo;une vie heureuse r\u00e9side dans les relations que nous sommes capables de construire (\u00e0 commencer par celles que nous avons avec nous-m\u00eames).<\/p>\n<p><strong>&#8211; Bases de Coaching<\/strong><\/p>\n<figure id=\"attachment_195\" aria-describedby=\"caption-attachment-195\" style=\"width: 600px\" class=\"wp-caption aligncenter\"><img decoding=\"async\" class=\"size-medium wp-image-195\" src=\"https:\/\/bestarbelegendary.com\/wp-content\/uploads\/2022\/07\/PicsArt_07-05-05.52.04-600x409.jpg\" alt=\"\" width=\"600\" height=\"409\" srcset=\"https:\/\/bestarbelegendary.com\/wp-content\/uploads\/2022\/07\/PicsArt_07-05-05.52.04-600x409.jpg 600w, https:\/\/bestarbelegendary.com\/wp-content\/uploads\/2022\/07\/PicsArt_07-05-05.52.04-1150x784.jpg 1150w, https:\/\/bestarbelegendary.com\/wp-content\/uploads\/2022\/07\/PicsArt_07-05-05.52.04-768x523.jpg 768w, https:\/\/bestarbelegendary.com\/wp-content\/uploads\/2022\/07\/PicsArt_07-05-05.52.04-1536x1047.jpg 1536w, https:\/\/bestarbelegendary.com\/wp-content\/uploads\/2022\/07\/PicsArt_07-05-05.52.04.jpg 1736w\" sizes=\"(max-width: 600px) 100vw, 600px\" \/><figcaption id=\"caption-attachment-195\" class=\"wp-caption-text\">Sofia Costa | @instagram.com\/sofia_mumboss_traveler<\/figcaption><\/figure>\n<p>Le coaching est un ensemble de comp\u00e9tences qui peuvent \u00eatre apprises et d\u00e9velopp\u00e9es par n\u2019importe qui, \u00e0 n\u2019importe quelle \u00e9tape de sa vie, afin d\u2019am\u00e9liorer les habilit\u00e9s.<br \/>\nL\u2019ensemble de ce processus est r\u00e9alis\u00e9 gr\u00e2ce \u00e0 des m\u00e9thodologies, des outils et des<br \/>\ntechniques scientifiquement prouv\u00e9s qui nous aident \u00e0 comprendre comment nous<br \/>\npensons, r\u00e9agissons, changeons et \u00e9voluons.<br \/>\nIl est important de noter que le processus de coaching n\u2019est pas une th\u00e9rapie. En Coaching, nous travaillons \u00e0 d\u00e9finir des buts et des objectifs, non pour le traitement de la douleur, du dysfonctionnement ou du conflit. Tout au plus pouvons-nous aider \u00e0 prendre conscience de ce conflit, qui est devenu un probl\u00e8me. Ainsi, le Coaching est l\u2019un des outils les plus efficaces du D\u00e9veloppement Personnel.<br \/>\nDans cette formation, nous vous aiderons \u00e0 comprendre et \u00e0 atteindre vos objectifs de vie!<\/p>\n<p><strong>&#8211; Bases PNL<\/strong><br \/>\nPNL, c\u2019est la science qui \u00e9tudie comment le langage et les \u00e9motions interf\u00e8rent dans nos actions.<br \/>\nSavoir comment fonctionne notre esprit est la premi\u00e8re \u00e9tape pour am\u00e9liorer nos vies. La seconde est de savoir comment communiquer efficacement. Et le troisi\u00e8me est de percevoir les autres et de construire des relations r\u00e9ussies.<br \/>\nCette formation est votre initiation dans le monde du d\u00e9veloppement personnel et le<br \/>\nd\u00e9but du chemin pour trouver votre meilleure version.<\/p>\n<p><strong>&#8211; Gestion \u00e9motionnelle : comment contr\u00f4ler les pens\u00e9es et les \u00e9motions<\/strong><\/p>\n<p>Vous avez s\u00fbrement entendu cette phrase : \u00abLa qualit\u00e9 de votre vie est directement li\u00e9e \u00e0 la qualit\u00e9 de vos \u00e9motion\u00bb<\/p>\n<p>Si nous vivons constamment dans des \u00e9tats \u00e9motionnels n\u00e9gatifs (col\u00e8re, frustration, anxi\u00e9t\u00e9, tristesse, etc.), cela signifie que notre vie est \u00e9puisante et probl\u00e9matique.\u00a0 Si, en revanche, nous nous concentrons davantage sur le bon c\u00f4t\u00e9 des choses (joie, enthousiasme, calme, amour, etc.), cela rendra certainement notre chemin plus heureux!!!!<br \/>\nCette formation a \u00e9t\u00e9 con\u00e7u pour vous donner la libert\u00e9 \u00e9motionnelle et les pens\u00e9es<br \/>\nque vous recherchez, afin que vous puissiez vivre la vie que vous avez id\u00e9alis\u00e9e pour<br \/>\nvous-m\u00eame!<\/p>\n<figure id=\"attachment_260\" aria-describedby=\"caption-attachment-260\" style=\"width: 600px\" class=\"wp-caption aligncenter\"><img decoding=\"async\" class=\"size-medium wp-image-260\" src=\"https:\/\/bestarbelegendary.com\/wp-content\/uploads\/2022\/07\/1658943885562-600x412.jpg\" alt=\"\" width=\"600\" height=\"412\" srcset=\"https:\/\/bestarbelegendary.com\/wp-content\/uploads\/2022\/07\/1658943885562-600x412.jpg 600w, https:\/\/bestarbelegendary.com\/wp-content\/uploads\/2022\/07\/1658943885562-768x528.jpg 768w, https:\/\/bestarbelegendary.com\/wp-content\/uploads\/2022\/07\/1658943885562.jpg 783w\" sizes=\"(max-width: 600px) 100vw, 600px\" \/><figcaption id=\"caption-attachment-260\" class=\"wp-caption-text\">Iolanda Grenha | https:\/\/iolandagrenha.com\/<\/figcaption><\/figure>\n<p><strong>&#8211; Intelligence linguistique<\/strong><br \/>\nUtiliser les mots correctement est la moiti\u00e9 du chemin vers le succ\u00e8s !<br \/>\nLa fa\u00e7on dont vous communiquez avec le monde ext\u00e9rieur influencera toujours la fa\u00e7on dont les autres vous voient ! Communiquer clairement et avoir un impact sur les autres par les mots est presque un cadeau !<br \/>\nDonc, avec cette formation, nous vous aiderons \u00e0 communiquer correctement et \u00e0 obtenir ce que vous voulez ! Gr\u00e2ce \u00e0 des questions puissantes, vous serez en mesure d\u2019avoir plus de clart\u00e9 sur ce que vous voulez pour vous-m\u00eame !<\/p>\n<p><strong>&#8211; Leadership<\/strong><br \/>\nEst-ce qu\u2019\u00eatre Chef est la m\u00eame chose qu\u2019\u00eatre un Leader ?<br \/>\nPremi\u00e8re chose \u00e0 retenir, Personne ne na\u00eet leader ! Le leadership est une comp\u00e9tence qui s\u2019acquiert en la travaillant !<br \/>\nAvec cette formation, vous apprendrez des fa\u00e7ons de travailler sur vos comp\u00e9tences en leadership!!!!<\/p>\n<p><strong>&#8211; Ventes<\/strong><br \/>\nVous connaissez probablement quelqu\u2019un qui a dit plusieurs fois&#8230; \u00abJe ne sais pas<br \/>\nvendre !\u00bb<br \/>\nPeut-\u00eatre que cette personne est \u00ab\u00a0n\u00e9e\u00a0\u00bb pour la vente et ne le sait pas\u00a0!<br \/>\nTout le monde dans notre vie a d\u00e9j\u00e0 eu \u00e0 persuader quelqu\u2019un d\u2019acheter ou d\u2019acheter quelque chose, donc dans cette formation, vous allez apprendre \u00e0 persuader correctement et \u00e0 vous faire entendre!!!!<br \/>\nIci, nous allons vous guider dans un voyage \u00e0 travers la formule de persuasion que nous extrayons du meilleur au monde. Une formule qui, lorsque vous commencerez \u00e0 utiliser, fera de vous quelqu\u2019un de plus persuasif dans votre vie quotidienne et obtiendra des r\u00e9sultats vraiment inspirants dans n\u2019importe quel secteur.<\/p>\n<p><figure id=\"attachment_444\" aria-describedby=\"caption-attachment-444\" style=\"width: 600px\" class=\"wp-caption aligncenter\"><img decoding=\"async\" class=\"size-medium wp-image-444\" src=\"https:\/\/bestarbelegendary.com\/wp-content\/uploads\/2022\/08\/PicsArt_08-24-10.05.33-600x569.jpg\" alt=\"\" width=\"600\" height=\"569\" srcset=\"https:\/\/bestarbelegendary.com\/wp-content\/uploads\/2022\/08\/PicsArt_08-24-10.05.33-600x569.jpg 600w, https:\/\/bestarbelegendary.com\/wp-content\/uploads\/2022\/08\/PicsArt_08-24-10.05.33-768x728.jpg 768w, https:\/\/bestarbelegendary.com\/wp-content\/uploads\/2022\/08\/PicsArt_08-24-10.05.33.jpg 881w\" sizes=\"(max-width: 600px) 100vw, 600px\" \/><figcaption id=\"caption-attachment-444\" class=\"wp-caption-text\">F\u00e1tima Silva | https:\/\/www.instagram.com\/ganheiasasparavoar\/<\/figcaption><\/figure><\/p>","protected":false},"excerpt":{"rendered":"<p>Change ta vision Un jour, quelqu&rsquo;un a pos\u00e9 \u00e0 chacun de nous des questions que nous voulons maintenant vous poser. &#8211; Avez-vous d\u00e9j\u00e0 voulu changer de vie, mais avez-vous dout\u00e9 de vous-m\u00eame et de vos capacit\u00e9s\u00a0? Vous croyez que vous ne pouvez pas\u00a0! &#8211; Avez-vous cru que vous n&rsquo;\u00eates pas chanceux et qu&rsquo;avoir une vie [&hellip;]<\/p>\n","protected":false},"author":1,"featured_media":523,"parent":0,"menu_order":0,"comment_status":"closed","ping_status":"closed","template":"templates\/formacao.php","meta":{"footnotes":""},"class_list":["post-24","page","type-page","status-publish","has-post-thumbnail","hentry"],"yoast_head":"<!-- This site is optimized with the Yoast SEO plugin v26.0 - https:\/\/yoast.com\/wordpress\/plugins\/seo\/ -->\n<title>Formation - be star be legendary<\/title>\n<meta name=\"robots\" content=\"index, follow, max-snippet:-1, max-image-preview:large, max-video-preview:-1\" \/>\n<link rel=\"canonical\" href=\"https:\/\/bestarbelegendary.com\/fr\/formacao\/\" \/>\n<meta property=\"og:locale\" content=\"fr_FR\" \/>\n<meta property=\"og:type\" content=\"article\" \/>\n<meta property=\"og:title\" content=\"Formation - be star be legendary\" \/>\n<meta property=\"og:description\" content=\"Change ta vision Un jour, quelqu&rsquo;un a pos\u00e9 \u00e0 chacun de nous des questions que nous voulons maintenant vous poser. &#8211; Avez-vous d\u00e9j\u00e0 voulu changer de vie, mais avez-vous dout\u00e9 de vous-m\u00eame et de vos capacit\u00e9s\u00a0? Vous croyez que vous ne pouvez pas\u00a0! &#8211; Avez-vous cru que vous n&rsquo;\u00eates pas chanceux et qu&rsquo;avoir une vie [&hellip;]\" \/>\n<meta property=\"og:url\" content=\"https:\/\/bestarbelegendary.com\/fr\/formacao\/\" \/>\n<meta property=\"og:site_name\" content=\"be star be legendary\" \/>\n<meta property=\"article:modified_time\" content=\"2022-10-12T16:56:59+00:00\" \/>\n<meta property=\"og:image\" content=\"https:\/\/bestarbelegendary.com\/wp-content\/uploads\/2022\/09\/Jantar-Congresso-topo-1.jpg\" \/>\n\t<meta property=\"og:image:width\" content=\"967\" \/>\n\t<meta property=\"og:image:height\" content=\"553\" \/>\n\t<meta property=\"og:image:type\" content=\"image\/jpeg\" \/>\n<meta name=\"twitter:card\" content=\"summary_large_image\" \/>\n<meta name=\"twitter:label1\" content=\"Dur\u00e9e de lecture estim\u00e9e\" \/>\n\t<meta name=\"twitter:data1\" content=\"8 minutes\" \/>\n<script type=\"application\/ld+json\" class=\"yoast-schema-graph\">{\"@context\":\"https:\/\/schema.org\",\"@graph\":[{\"@type\":\"WebPage\",\"@id\":\"https:\/\/bestarbelegendary.com\/fr\/formacao\/\",\"url\":\"https:\/\/bestarbelegendary.com\/fr\/formacao\/\",\"name\":\"Formation - be star be legendary\",\"isPartOf\":{\"@id\":\"https:\/\/bestarbelegendary.com\/fr\/#website\"},\"primaryImageOfPage\":{\"@id\":\"https:\/\/bestarbelegendary.com\/fr\/formacao\/#primaryimage\"},\"image\":{\"@id\":\"https:\/\/bestarbelegendary.com\/formacao\/#primaryimage\"},\"thumbnailUrl\":\"https:\/\/bestarbelegendary.com\/wp-content\/uploads\/2022\/09\/Jantar-Congresso-topo-1.jpg\",\"datePublished\":\"2022-07-01T20:22:17+00:00\",\"dateModified\":\"2022-10-12T16:56:59+00:00\",\"breadcrumb\":{\"@id\":\"https:\/\/bestarbelegendary.com\/fr\/formacao\/#breadcrumb\"},\"inLanguage\":\"fr-FR\",\"potentialAction\":[{\"@type\":\"ReadAction\",\"target\":[[\"https:\/\/bestarbelegendary.com\/fr\/formacao\/\"]]}]},{\"@type\":\"ImageObject\",\"inLanguage\":\"fr-FR\",\"@id\":\"https:\/\/bestarbelegendary.com\/fr\/formacao\/#primaryimage\",\"url\":\"https:\/\/bestarbelegendary.com\/wp-content\/uploads\/2022\/09\/Jantar-Congresso-topo-1.jpg\",\"contentUrl\":\"https:\/\/bestarbelegendary.com\/wp-content\/uploads\/2022\/09\/Jantar-Congresso-topo-1.jpg\",\"width\":967,\"height\":553},{\"@type\":\"BreadcrumbList\",\"@id\":\"https:\/\/bestarbelegendary.com\/fr\/formacao\/#breadcrumb\",\"itemListElement\":[{\"@type\":\"ListItem\",\"position\":1,\"name\":\"In\u00edcio\",\"item\":\"https:\/\/bestarbelegendary.com\/fr\/\"},{\"@type\":\"ListItem\",\"position\":2,\"name\":\"Forma\u00e7\u00e3o\"}]},{\"@type\":\"WebSite\",\"@id\":\"https:\/\/bestarbelegendary.com\/fr\/#website\",\"url\":\"https:\/\/bestarbelegendary.com\/fr\/\",\"name\":\"be star be legendary\",\"description\":\"www.bestarbelegendary.com\",\"potentialAction\":[{\"@type\":\"SearchAction\",\"target\":{\"@type\":\"EntryPoint\",\"urlTemplate\":\"https:\/\/bestarbelegendary.com\/fr\/?s={search_term_string}\"},\"query-input\":{\"@type\":\"PropertyValueSpecification\",\"valueRequired\":true,\"valueName\":\"search_term_string\"}}],\"inLanguage\":\"fr-FR\"}]}<\/script>\n<!-- \/ Yoast SEO plugin. -->","yoast_head_json":{"title":"Formation - be star be legendary","robots":{"index":"index","follow":"follow","max-snippet":"max-snippet:-1","max-image-preview":"max-image-preview:large","max-video-preview":"max-video-preview:-1"},"canonical":"https:\/\/bestarbelegendary.com\/fr\/formacao\/","og_locale":"fr_FR","og_type":"article","og_title":"Formation - be star be legendary","og_description":"Change ta vision Un jour, quelqu&rsquo;un a pos\u00e9 \u00e0 chacun de nous des questions que nous voulons maintenant vous poser. &#8211; Avez-vous d\u00e9j\u00e0 voulu changer de vie, mais avez-vous dout\u00e9 de vous-m\u00eame et de vos capacit\u00e9s\u00a0? Vous croyez que vous ne pouvez pas\u00a0! &#8211; Avez-vous cru que vous n&rsquo;\u00eates pas chanceux et qu&rsquo;avoir une vie [&hellip;]","og_url":"https:\/\/bestarbelegendary.com\/fr\/formacao\/","og_site_name":"be star be legendary","article_modified_time":"2022-10-12T16:56:59+00:00","og_image":[{"width":967,"height":553,"url":"https:\/\/bestarbelegendary.com\/wp-content\/uploads\/2022\/09\/Jantar-Congresso-topo-1.jpg","type":"image\/jpeg"}],"twitter_card":"summary_large_image","twitter_misc":{"Dur\u00e9e de lecture estim\u00e9e":"8 minutes"},"schema":{"@context":"https:\/\/schema.org","@graph":[{"@type":"WebPage","@id":"https:\/\/bestarbelegendary.com\/fr\/formacao\/","url":"https:\/\/bestarbelegendary.com\/fr\/formacao\/","name":"Formation - be star be legendary","isPartOf":{"@id":"https:\/\/bestarbelegendary.com\/fr\/#website"},"primaryImageOfPage":{"@id":"https:\/\/bestarbelegendary.com\/fr\/formacao\/#primaryimage"},"image":{"@id":"https:\/\/bestarbelegendary.com\/formacao\/#primaryimage"},"thumbnailUrl":"https:\/\/bestarbelegendary.com\/wp-content\/uploads\/2022\/09\/Jantar-Congresso-topo-1.jpg","datePublished":"2022-07-01T20:22:17+00:00","dateModified":"2022-10-12T16:56:59+00:00","breadcrumb":{"@id":"https:\/\/bestarbelegendary.com\/fr\/formacao\/#breadcrumb"},"inLanguage":"fr-FR","potentialAction":[{"@type":"ReadAction","target":[["https:\/\/bestarbelegendary.com\/fr\/formacao\/"]]}]},{"@type":"ImageObject","inLanguage":"fr-FR","@id":"https:\/\/bestarbelegendary.com\/fr\/formacao\/#primaryimage","url":"https:\/\/bestarbelegendary.com\/wp-content\/uploads\/2022\/09\/Jantar-Congresso-topo-1.jpg","contentUrl":"https:\/\/bestarbelegendary.com\/wp-content\/uploads\/2022\/09\/Jantar-Congresso-topo-1.jpg","width":967,"height":553},{"@type":"BreadcrumbList","@id":"https:\/\/bestarbelegendary.com\/fr\/formacao\/#breadcrumb","itemListElement":[{"@type":"ListItem","position":1,"name":"In\u00edcio","item":"https:\/\/bestarbelegendary.com\/fr\/"},{"@type":"ListItem","position":2,"name":"Forma\u00e7\u00e3o"}]},{"@type":"WebSite","@id":"https:\/\/bestarbelegendary.com\/fr\/#website","url":"https:\/\/bestarbelegendary.com\/fr\/","name":"be star be legendary","description":"www.bestarbelegendary.com","potentialAction":[{"@type":"SearchAction","target":{"@type":"EntryPoint","urlTemplate":"https:\/\/bestarbelegendary.com\/fr\/?s={search_term_string}"},"query-input":{"@type":"PropertyValueSpecification","valueRequired":true,"valueName":"search_term_string"}}],"inLanguage":"fr-FR"}]}},"_links":{"self":[{"href":"https:\/\/bestarbelegendary.com\/fr\/wp-json\/wp\/v2\/pages\/24","targetHints":{"allow":["GET"]}}],"collection":[{"href":"https:\/\/bestarbelegendary.com\/fr\/wp-json\/wp\/v2\/pages"}],"about":[{"href":"https:\/\/bestarbelegendary.com\/fr\/wp-json\/wp\/v2\/types\/page"}],"author":[{"embeddable":true,"href":"https:\/\/bestarbelegendary.com\/fr\/wp-json\/wp\/v2\/users\/1"}],"replies":[{"embeddable":true,"href":"https:\/\/bestarbelegendary.com\/fr\/wp-json\/wp\/v2\/comments?post=24"}],"version-history":[{"count":4,"href":"https:\/\/bestarbelegendary.com\/fr\/wp-json\/wp\/v2\/pages\/24\/revisions"}],"predecessor-version":[{"id":734,"href":"https:\/\/bestarbelegendary.com\/fr\/wp-json\/wp\/v2\/pages\/24\/revisions\/734"}],"wp:featuredmedia":[{"embeddable":true,"href":"https:\/\/bestarbelegendary.com\/fr\/wp-json\/wp\/v2\/media\/523"}],"wp:attachment":[{"href":"https:\/\/bestarbelegendary.com\/fr\/wp-json\/wp\/v2\/media?parent=24"}],"curies":[{"name":"wp","href":"https:\/\/api.w.org\/{rel}","templated":true}]}}