{"id":20,"date":"2022-07-01T21:22:17","date_gmt":"2022-07-01T20:22:17","guid":{"rendered":"https:\/\/bestarbelegendary.com\/oportunidade-de-negocio\/"},"modified":"2022-12-17T12:17:30","modified_gmt":"2022-12-17T12:17:30","slug":"oportunidade-de-negocio","status":"publish","type":"page","link":"https:\/\/bestarbelegendary.com\/fr\/oportunidade-de-negocio\/","title":{"rendered":"Opportunit\u00e9 Commerciale"},"content":{"rendered":"<p><figure id=\"attachment_262\" aria-describedby=\"caption-attachment-262\" style=\"width: 1150px\" class=\"wp-caption aligncenter\"><img decoding=\"async\" class=\"wp-image-262 size-large\" src=\"https:\/\/bestarbelegendary.com\/wp-content\/uploads\/2022\/07\/IMG-20220513-WA0041-1150x766.jpg\" alt=\"\" width=\"1150\" height=\"766\" srcset=\"https:\/\/bestarbelegendary.com\/wp-content\/uploads\/2022\/07\/IMG-20220513-WA0041-1150x766.jpg 1150w, https:\/\/bestarbelegendary.com\/wp-content\/uploads\/2022\/07\/IMG-20220513-WA0041-600x400.jpg 600w, https:\/\/bestarbelegendary.com\/wp-content\/uploads\/2022\/07\/IMG-20220513-WA0041-768x512.jpg 768w, https:\/\/bestarbelegendary.com\/wp-content\/uploads\/2022\/07\/IMG-20220513-WA0041-1536x1024.jpg 1536w, https:\/\/bestarbelegendary.com\/wp-content\/uploads\/2022\/07\/IMG-20220513-WA0041.jpg 2048w\" sizes=\"(max-width: 1150px) 100vw, 1150px\" \/><figcaption id=\"caption-attachment-262\" class=\"wp-caption-text\">Roger Vilar | @instagram.com\/rogervilar_go_pro<\/figcaption><\/figure><\/p>\n<p>Cr\u00e9er une entreprise en ligne dans le domaine du tourisme.<\/p>\n<p>Vous pourrez gagner des commissions illimit\u00e9es en promouvant et commercialisant tous types de produits touristiques : h\u00e9bergement, forfaits, croisi\u00e8res, location de voiture&#8230;<\/p>\n<p>C&rsquo;est une opportunit\u00e9 qui vous permet de r\u00e9aliser la vie que vous d\u00e9sirez tant.<\/p>\n<figure id=\"attachment_540\" aria-describedby=\"caption-attachment-540\" style=\"width: 950px\" class=\"wp-caption aligncenter\"><img decoding=\"async\" class=\"wp-image-540\" src=\"https:\/\/bestarbelegendary.com\/wp-content\/uploads\/2022\/09\/image00015.jpeg\" alt=\"\" width=\"950\" height=\"1430\" \/><figcaption id=\"caption-attachment-540\" class=\"wp-caption-text\">Eduardo Ara\u00fajo | @instagram.com\/edward_araujo97<\/figcaption><\/figure>\n<p>L\u2019entreprise avec laquelle nous travaillons est consciente que le monde a chang\u00e9 et, de plus en plus, les gens appr\u00e9cient les opinions de ceux qui savent, ou m\u00eame viennent demander des suggestions par le biais des r\u00e9seaux sociaux. De cette fa\u00e7on, ils ont d\u00e9cid\u00e9 d\u2019investir dans la publicit\u00e9 en utilisant la recommandation gr\u00e2ce \u00e0 un syst\u00e8me simple.<\/p>\n<p>Si vous faites partie de ces gens qui pensent : \u00ab Je ne sais pas vendre\u00bb, \u00abJe ne connais personne \u00bb ou \u00ab Je ne veux pas d\u00e9ranger \u00bb, il n\u2019y a pas de probl\u00e8me. Beaucoup d\u2019entre nous avaient aussi ces pens\u00e9es, avant de bien conna\u00eetre l\u2019entreprise et de r\u00e9aliser que nous aurons une \u00e9quipe pour nous enseigner et nous accompagner sur ce nouveau chemin. Mais ensuite, nous comprenons, qu\u2019apr\u00e8s tout et heureusement, nous sommes capables et que nous ne nous sommes pas limit\u00e9s aux craintes que nous ressentions.<\/p>\n<p>Dans notre vie quotidienne, nous vendons tous un produit, une exp\u00e9rience, un service, un concept, ou m\u00eame quelque chose que nous apprenons et on ne s\u2019en aper\u00e7oit pas, parce que nous le faisons de mani\u00e8re naturelle et simple. Mais si vous y r\u00e9fl\u00e9chissez, ceci est vendre.<br \/>\nMaintenant, imaginez que vous avez pass\u00e9 un week-end, que vous \u00e9tiez satisfait et d\u00e9cid\u00e9 \u00e0 partager des photos de l\u2019h\u00f4tel, ou \u00e0 recommander cet h\u00f4tel \u00e0 un ami. Sans vous en rendre compte, vous vendez indirectement votre exp\u00e9rience. Lorsque nous recommandons quelque chose que nous aimons, apr\u00e8s tout, nous partageons peut-\u00eatre quelque chose qui int\u00e9resse l\u2019autre personne.<\/p>\n<p><figure id=\"attachment_528\" aria-describedby=\"caption-attachment-528\" style=\"width: 1080px\" class=\"wp-caption aligncenter\"><img decoding=\"async\" class=\"wp-image-528 size-full\" src=\"https:\/\/bestarbelegendary.com\/wp-content\/uploads\/2022\/09\/Sofia-trabalho-online.jpg\" alt=\"\" width=\"1080\" height=\"977\" srcset=\"https:\/\/bestarbelegendary.com\/wp-content\/uploads\/2022\/09\/Sofia-trabalho-online.jpg 1080w, https:\/\/bestarbelegendary.com\/wp-content\/uploads\/2022\/09\/Sofia-trabalho-online-600x543.jpg 600w, https:\/\/bestarbelegendary.com\/wp-content\/uploads\/2022\/09\/Sofia-trabalho-online-768x695.jpg 768w\" sizes=\"(max-width: 1080px) 100vw, 1080px\" \/><figcaption id=\"caption-attachment-528\" class=\"wp-caption-text\">Sofia Costa | @instagram.com\/sofia_mumboss_traveler<\/figcaption><\/figure><\/p>","protected":false},"excerpt":{"rendered":"<p>Cr\u00e9er une entreprise en ligne dans le domaine du tourisme. Vous pourrez gagner des commissions illimit\u00e9es en promouvant et commercialisant tous types de produits touristiques : h\u00e9bergement, forfaits, croisi\u00e8res, location de voiture&#8230; C&rsquo;est une opportunit\u00e9 qui vous permet de r\u00e9aliser la vie que vous d\u00e9sirez tant. L\u2019entreprise avec laquelle nous travaillons est consciente que le [&hellip;]<\/p>\n","protected":false},"author":1,"featured_media":465,"parent":0,"menu_order":0,"comment_status":"closed","ping_status":"closed","template":"templates\/business-opportunity.php","meta":{"footnotes":""},"class_list":["post-20","page","type-page","status-publish","has-post-thumbnail","hentry"],"yoast_head":"<!-- This site is optimized with the Yoast SEO plugin v26.0 - https:\/\/yoast.com\/wordpress\/plugins\/seo\/ -->\n<title>Opportunit\u00e9 Commerciale - be star be legendary<\/title>\n<meta name=\"robots\" content=\"index, follow, max-snippet:-1, max-image-preview:large, max-video-preview:-1\" \/>\n<link rel=\"canonical\" href=\"https:\/\/bestarbelegendary.com\/fr\/oportunidade-de-negocio\/\" \/>\n<meta property=\"og:locale\" content=\"fr_FR\" \/>\n<meta property=\"og:type\" content=\"article\" \/>\n<meta property=\"og:title\" content=\"Opportunit\u00e9 Commerciale - be star be legendary\" \/>\n<meta property=\"og:description\" content=\"Cr\u00e9er une entreprise en ligne dans le domaine du tourisme. Vous pourrez gagner des commissions illimit\u00e9es en promouvant et commercialisant tous types de produits touristiques : h\u00e9bergement, forfaits, croisi\u00e8res, location de voiture&#8230; C&rsquo;est une opportunit\u00e9 qui vous permet de r\u00e9aliser la vie que vous d\u00e9sirez tant. L\u2019entreprise avec laquelle nous travaillons est consciente que le [&hellip;]\" \/>\n<meta property=\"og:url\" content=\"https:\/\/bestarbelegendary.com\/fr\/oportunidade-de-negocio\/\" \/>\n<meta property=\"og:site_name\" content=\"be star be legendary\" \/>\n<meta property=\"article:modified_time\" content=\"2022-12-17T12:17:30+00:00\" \/>\n<meta property=\"og:image\" content=\"https:\/\/bestarbelegendary.com\/wp-content\/uploads\/2022\/09\/Grupo-em-topo-de-montanha.png\" \/>\n\t<meta property=\"og:image:width\" content=\"720\" \/>\n\t<meta property=\"og:image:height\" content=\"480\" \/>\n\t<meta property=\"og:image:type\" content=\"image\/png\" \/>\n<meta name=\"twitter:card\" content=\"summary_large_image\" \/>\n<meta name=\"twitter:label1\" content=\"Dur\u00e9e de lecture estim\u00e9e\" \/>\n\t<meta name=\"twitter:data1\" content=\"3 minutes\" \/>\n<script type=\"application\/ld+json\" class=\"yoast-schema-graph\">{\"@context\":\"https:\/\/schema.org\",\"@graph\":[{\"@type\":\"WebPage\",\"@id\":\"https:\/\/bestarbelegendary.com\/fr\/oportunidade-de-negocio\/\",\"url\":\"https:\/\/bestarbelegendary.com\/fr\/oportunidade-de-negocio\/\",\"name\":\"Opportunit\u00e9 Commerciale - be star be legendary\",\"isPartOf\":{\"@id\":\"https:\/\/bestarbelegendary.com\/fr\/#website\"},\"primaryImageOfPage\":{\"@id\":\"https:\/\/bestarbelegendary.com\/fr\/oportunidade-de-negocio\/#primaryimage\"},\"image\":{\"@id\":\"https:\/\/bestarbelegendary.com\/oportunidade-de-negocio\/#primaryimage\"},\"thumbnailUrl\":\"https:\/\/bestarbelegendary.com\/wp-content\/uploads\/2022\/09\/Grupo-em-topo-de-montanha.png\",\"datePublished\":\"2022-07-01T20:22:17+00:00\",\"dateModified\":\"2022-12-17T12:17:30+00:00\",\"breadcrumb\":{\"@id\":\"https:\/\/bestarbelegendary.com\/fr\/oportunidade-de-negocio\/#breadcrumb\"},\"inLanguage\":\"fr-FR\",\"potentialAction\":[{\"@type\":\"ReadAction\",\"target\":[[\"https:\/\/bestarbelegendary.com\/fr\/oportunidade-de-negocio\/\"]]}]},{\"@type\":\"ImageObject\",\"inLanguage\":\"fr-FR\",\"@id\":\"https:\/\/bestarbelegendary.com\/fr\/oportunidade-de-negocio\/#primaryimage\",\"url\":\"https:\/\/bestarbelegendary.com\/wp-content\/uploads\/2022\/09\/Grupo-em-topo-de-montanha.png\",\"contentUrl\":\"https:\/\/bestarbelegendary.com\/wp-content\/uploads\/2022\/09\/Grupo-em-topo-de-montanha.png\",\"width\":720,\"height\":480},{\"@type\":\"BreadcrumbList\",\"@id\":\"https:\/\/bestarbelegendary.com\/fr\/oportunidade-de-negocio\/#breadcrumb\",\"itemListElement\":[{\"@type\":\"ListItem\",\"position\":1,\"name\":\"In\u00edcio\",\"item\":\"https:\/\/bestarbelegendary.com\/fr\/\"},{\"@type\":\"ListItem\",\"position\":2,\"name\":\"Oportunidade de neg\u00f3cio\"}]},{\"@type\":\"WebSite\",\"@id\":\"https:\/\/bestarbelegendary.com\/fr\/#website\",\"url\":\"https:\/\/bestarbelegendary.com\/fr\/\",\"name\":\"be star be legendary\",\"description\":\"www.bestarbelegendary.com\",\"potentialAction\":[{\"@type\":\"SearchAction\",\"target\":{\"@type\":\"EntryPoint\",\"urlTemplate\":\"https:\/\/bestarbelegendary.com\/fr\/?s={search_term_string}\"},\"query-input\":{\"@type\":\"PropertyValueSpecification\",\"valueRequired\":true,\"valueName\":\"search_term_string\"}}],\"inLanguage\":\"fr-FR\"}]}<\/script>\n<!-- \/ Yoast SEO plugin. -->","yoast_head_json":{"title":"Opportunit\u00e9 Commerciale - be star be legendary","robots":{"index":"index","follow":"follow","max-snippet":"max-snippet:-1","max-image-preview":"max-image-preview:large","max-video-preview":"max-video-preview:-1"},"canonical":"https:\/\/bestarbelegendary.com\/fr\/oportunidade-de-negocio\/","og_locale":"fr_FR","og_type":"article","og_title":"Opportunit\u00e9 Commerciale - be star be legendary","og_description":"Cr\u00e9er une entreprise en ligne dans le domaine du tourisme. Vous pourrez gagner des commissions illimit\u00e9es en promouvant et commercialisant tous types de produits touristiques : h\u00e9bergement, forfaits, croisi\u00e8res, location de voiture&#8230; C&rsquo;est une opportunit\u00e9 qui vous permet de r\u00e9aliser la vie que vous d\u00e9sirez tant. L\u2019entreprise avec laquelle nous travaillons est consciente que le [&hellip;]","og_url":"https:\/\/bestarbelegendary.com\/fr\/oportunidade-de-negocio\/","og_site_name":"be star be legendary","article_modified_time":"2022-12-17T12:17:30+00:00","og_image":[{"width":720,"height":480,"url":"https:\/\/bestarbelegendary.com\/wp-content\/uploads\/2022\/09\/Grupo-em-topo-de-montanha.png","type":"image\/png"}],"twitter_card":"summary_large_image","twitter_misc":{"Dur\u00e9e de lecture estim\u00e9e":"3 minutes"},"schema":{"@context":"https:\/\/schema.org","@graph":[{"@type":"WebPage","@id":"https:\/\/bestarbelegendary.com\/fr\/oportunidade-de-negocio\/","url":"https:\/\/bestarbelegendary.com\/fr\/oportunidade-de-negocio\/","name":"Opportunit\u00e9 Commerciale - be star be legendary","isPartOf":{"@id":"https:\/\/bestarbelegendary.com\/fr\/#website"},"primaryImageOfPage":{"@id":"https:\/\/bestarbelegendary.com\/fr\/oportunidade-de-negocio\/#primaryimage"},"image":{"@id":"https:\/\/bestarbelegendary.com\/oportunidade-de-negocio\/#primaryimage"},"thumbnailUrl":"https:\/\/bestarbelegendary.com\/wp-content\/uploads\/2022\/09\/Grupo-em-topo-de-montanha.png","datePublished":"2022-07-01T20:22:17+00:00","dateModified":"2022-12-17T12:17:30+00:00","breadcrumb":{"@id":"https:\/\/bestarbelegendary.com\/fr\/oportunidade-de-negocio\/#breadcrumb"},"inLanguage":"fr-FR","potentialAction":[{"@type":"ReadAction","target":[["https:\/\/bestarbelegendary.com\/fr\/oportunidade-de-negocio\/"]]}]},{"@type":"ImageObject","inLanguage":"fr-FR","@id":"https:\/\/bestarbelegendary.com\/fr\/oportunidade-de-negocio\/#primaryimage","url":"https:\/\/bestarbelegendary.com\/wp-content\/uploads\/2022\/09\/Grupo-em-topo-de-montanha.png","contentUrl":"https:\/\/bestarbelegendary.com\/wp-content\/uploads\/2022\/09\/Grupo-em-topo-de-montanha.png","width":720,"height":480},{"@type":"BreadcrumbList","@id":"https:\/\/bestarbelegendary.com\/fr\/oportunidade-de-negocio\/#breadcrumb","itemListElement":[{"@type":"ListItem","position":1,"name":"In\u00edcio","item":"https:\/\/bestarbelegendary.com\/fr\/"},{"@type":"ListItem","position":2,"name":"Oportunidade de neg\u00f3cio"}]},{"@type":"WebSite","@id":"https:\/\/bestarbelegendary.com\/fr\/#website","url":"https:\/\/bestarbelegendary.com\/fr\/","name":"be star be legendary","description":"www.bestarbelegendary.com","potentialAction":[{"@type":"SearchAction","target":{"@type":"EntryPoint","urlTemplate":"https:\/\/bestarbelegendary.com\/fr\/?s={search_term_string}"},"query-input":{"@type":"PropertyValueSpecification","valueRequired":true,"valueName":"search_term_string"}}],"inLanguage":"fr-FR"}]}},"_links":{"self":[{"href":"https:\/\/bestarbelegendary.com\/fr\/wp-json\/wp\/v2\/pages\/20","targetHints":{"allow":["GET"]}}],"collection":[{"href":"https:\/\/bestarbelegendary.com\/fr\/wp-json\/wp\/v2\/pages"}],"about":[{"href":"https:\/\/bestarbelegendary.com\/fr\/wp-json\/wp\/v2\/types\/page"}],"author":[{"embeddable":true,"href":"https:\/\/bestarbelegendary.com\/fr\/wp-json\/wp\/v2\/users\/1"}],"replies":[{"embeddable":true,"href":"https:\/\/bestarbelegendary.com\/fr\/wp-json\/wp\/v2\/comments?post=20"}],"version-history":[{"count":3,"href":"https:\/\/bestarbelegendary.com\/fr\/wp-json\/wp\/v2\/pages\/20\/revisions"}],"predecessor-version":[{"id":843,"href":"https:\/\/bestarbelegendary.com\/fr\/wp-json\/wp\/v2\/pages\/20\/revisions\/843"}],"wp:featuredmedia":[{"embeddable":true,"href":"https:\/\/bestarbelegendary.com\/fr\/wp-json\/wp\/v2\/media\/465"}],"wp:attachment":[{"href":"https:\/\/bestarbelegendary.com\/fr\/wp-json\/wp\/v2\/media?parent=20"}],"curies":[{"name":"wp","href":"https:\/\/api.w.org\/{rel}","templated":true}]}}