{"id":16,"date":"2022-07-01T21:22:15","date_gmt":"2022-07-01T20:22:15","guid":{"rendered":"https:\/\/bestarbelegendary.com\/consultoria-de-viagem\/"},"modified":"2022-10-12T17:53:51","modified_gmt":"2022-10-12T16:53:51","slug":"consultoria-de-viagem","status":"publish","type":"page","link":"https:\/\/bestarbelegendary.com\/fr\/consultoria-de-viagem\/","title":{"rendered":"Conseil en voyage"},"content":{"rendered":"<p>Du voyage low cost au voyage de luxe, choisis ta destination et nous serons l\u00e0 pour faire de ton souhait une r\u00e9alit\u00e9!<\/p>\n<p><strong>Nous avons 2 formules adapt\u00e9es \u00e0 vos envies :<\/strong><\/p>\n<h4><strong>OPTION 1 &#8211; J&rsquo;AIME RECHERCHER ET PLANIFIER MES PROPRES VOYAGES!<\/strong><\/h4>\n<p><img decoding=\"async\" class=\"aligncenter wp-image-532 size-large\" src=\"https:\/\/bestarbelegendary.com\/wp-content\/uploads\/2022\/09\/plataforma-aveiro-1150x850.jpg\" alt=\"\" width=\"1150\" height=\"850\" srcset=\"https:\/\/bestarbelegendary.com\/wp-content\/uploads\/2022\/09\/plataforma-aveiro-1150x850.jpg 1150w, https:\/\/bestarbelegendary.com\/wp-content\/uploads\/2022\/09\/plataforma-aveiro-600x443.jpg 600w, https:\/\/bestarbelegendary.com\/wp-content\/uploads\/2022\/09\/plataforma-aveiro-768x567.jpg 768w, https:\/\/bestarbelegendary.com\/wp-content\/uploads\/2022\/09\/plataforma-aveiro.jpg 1440w\" sizes=\"(max-width: 1150px) 100vw, 1150px\" \/>Ensuite, nous pouvons recommander notre plate-forme, o\u00f9 tu pourras t\u2019 inscrire gratuitement en tant que client et r\u00e9server tes voyages de mani\u00e8re ind\u00e9pendante. Et si tu es int\u00e9ress\u00e9, tu peux t\u2019 inscrire en tant qu&rsquo;affili\u00e9 et gagner des commissions sur tes voyages.<\/p>\n<h4><strong>OPTION 2 &#8211; J&rsquo;AI BESOIN D\u2019UN CONSEILLER EN VOYAGE<\/strong><\/h4>\n<figure id=\"attachment_525\" aria-describedby=\"caption-attachment-525\" style=\"width: 1000px\" class=\"wp-caption aligncenter\"><img decoding=\"async\" class=\"wp-image-525 size-full\" src=\"https:\/\/bestarbelegendary.com\/wp-content\/uploads\/2022\/09\/PicsArt_09-15-11.49.10-1.jpg\" alt=\"\" width=\"1000\" height=\"750\" srcset=\"https:\/\/bestarbelegendary.com\/wp-content\/uploads\/2022\/09\/PicsArt_09-15-11.49.10-1.jpg 1000w, https:\/\/bestarbelegendary.com\/wp-content\/uploads\/2022\/09\/PicsArt_09-15-11.49.10-1-600x450.jpg 600w, https:\/\/bestarbelegendary.com\/wp-content\/uploads\/2022\/09\/PicsArt_09-15-11.49.10-1-768x576.jpg 768w\" sizes=\"(max-width: 1000px) 100vw, 1000px\" \/><figcaption id=\"caption-attachment-525\" class=\"wp-caption-text\">Iolanda Grenha | iolandagrenha.com<\/figcaption><\/figure>\n<h4>Nous planifions tes d\u00e9placements nationaux ou internationaux selon tes go\u00fbts, tes objectifs et ton budget.<\/h4>\n<h4><strong>1. Tu ne sais pas o\u00f9 aller?<\/strong><\/h4>\n<figure id=\"attachment_729\" aria-describedby=\"caption-attachment-729\" style=\"width: 1150px\" class=\"wp-caption aligncenter\"><img decoding=\"async\" class=\"size-large wp-image-729\" src=\"https:\/\/bestarbelegendary.com\/wp-content\/uploads\/2022\/10\/Estocolmo-89-1150x896.jpg\" alt=\"\" width=\"1150\" height=\"896\" srcset=\"https:\/\/bestarbelegendary.com\/wp-content\/uploads\/2022\/10\/Estocolmo-89-1150x896.jpg 1150w, https:\/\/bestarbelegendary.com\/wp-content\/uploads\/2022\/10\/Estocolmo-89-600x467.jpg 600w, https:\/\/bestarbelegendary.com\/wp-content\/uploads\/2022\/10\/Estocolmo-89-768x598.jpg 768w, https:\/\/bestarbelegendary.com\/wp-content\/uploads\/2022\/10\/Estocolmo-89-1536x1196.jpg 1536w, https:\/\/bestarbelegendary.com\/wp-content\/uploads\/2022\/10\/Estocolmo-89.jpg 2008w\" sizes=\"(max-width: 1150px) 100vw, 1150px\" \/><figcaption id=\"caption-attachment-729\" class=\"wp-caption-text\">Estocolmo &#8211; Joana Nascimento | @instagram.com\/in_the_mood_to_travel<\/figcaption><\/figure>\n<h4>Pas de probl\u00e8me, nous parlerons avec toi pour comprendre ce qui est important pour toi sur le voyage que tu souhaites faire et nous te proposerons des options en fonction de ce que tu souhaites.<\/h4>\n<h4><strong>2. Tu voyages pour la premi\u00e8re fois avec des enfants et tu ne connais pas le lieu id\u00e9al?<\/strong><\/h4>\n<figure id=\"attachment_533\" aria-describedby=\"caption-attachment-533\" style=\"width: 1080px\" class=\"wp-caption aligncenter\"><img decoding=\"async\" class=\"wp-image-533 size-full\" src=\"https:\/\/bestarbelegendary.com\/wp-content\/uploads\/2022\/09\/sofia-roger-e-filhos.jpg\" alt=\"\" width=\"1080\" height=\"1080\" srcset=\"https:\/\/bestarbelegendary.com\/wp-content\/uploads\/2022\/09\/sofia-roger-e-filhos.jpg 1080w, https:\/\/bestarbelegendary.com\/wp-content\/uploads\/2022\/09\/sofia-roger-e-filhos-600x600.jpg 600w, https:\/\/bestarbelegendary.com\/wp-content\/uploads\/2022\/09\/sofia-roger-e-filhos-250x250.jpg 250w, https:\/\/bestarbelegendary.com\/wp-content\/uploads\/2022\/09\/sofia-roger-e-filhos-768x768.jpg 768w\" sizes=\"(max-width: 1080px) 100vw, 1080px\" \/><figcaption id=\"caption-attachment-533\" class=\"wp-caption-text\">Palma de Maiorca &#8211; Sofia Costa: @instagram.com\/sofia_mumboss_traveler | Roger Vilar: @instagram.com\/rogervilar_go_pro<\/figcaption><\/figure>\n<h4>Nous te sugg\u00e9rons quelques destinations que certains d&rsquo;entre nous ont visit\u00e9es avec nos enfants, ou dont nous savons qu&rsquo;elles ont \u00e9t\u00e9 appr\u00e9ci\u00e9es par de nombreux clients qui ont \u00e9galement voyag\u00e9 avec des enfants.<br \/>\n<strong>3. Tu n&rsquo;as pas envie de voyager en avion, alors tu cherches une bonne destination que tu pourras visiter en voiture?<\/strong><br \/>\nNous t&rsquo; aiderons \u00e0 choisir l&#8217;emplacement, l&rsquo;h\u00e9bergement, tu pourras recevoir des conseils sur les visites et les attractions de la destination.<br \/>\n<strong>4. Tu vas visiter un autre continent pour la premi\u00e8re fois et tu ne sais pas quels sont les documents dont tu as besoin?<\/strong><br \/>\nNous te donnerons tous les conseils dont tu as besoin.<br \/>\n<strong>5. Tu ne sais pas comment enregistrer ton vol en ligne?<\/strong><br \/>\nTu peux compter sur nous pour t\u2019 aider.<br \/>\n<strong>6. Et s&rsquo;il y a un emp\u00eachement pendant le voyage?<\/strong><br \/>\nTu peux \u00eatre rassur\u00e9, tu b\u00e9n\u00e9ficieras d&rsquo;une assistance voyage 7 jours sur 7, 24 heures sur 24.<\/h4>\n<p><figure id=\"attachment_669\" aria-describedby=\"caption-attachment-669\" style=\"width: 905px\" class=\"wp-caption aligncenter\"><img decoding=\"async\" class=\"wp-image-669 size-full\" src=\"https:\/\/bestarbelegendary.com\/wp-content\/uploads\/2022\/10\/Joana-Mascarenhas-grecia-1.jpg\" alt=\"\" width=\"905\" height=\"715\" srcset=\"https:\/\/bestarbelegendary.com\/wp-content\/uploads\/2022\/10\/Joana-Mascarenhas-grecia-1.jpg 905w, https:\/\/bestarbelegendary.com\/wp-content\/uploads\/2022\/10\/Joana-Mascarenhas-grecia-1-600x474.jpg 600w, https:\/\/bestarbelegendary.com\/wp-content\/uploads\/2022\/10\/Joana-Mascarenhas-grecia-1-768x607.jpg 768w\" sizes=\"(max-width: 905px) 100vw, 905px\" \/><figcaption id=\"caption-attachment-669\" class=\"wp-caption-text\">Gr\u00e9cia \u2013 Joana Mascarenhas | @instagram.com\/joanamascarenhass\/<\/figcaption><\/figure><\/p>","protected":false},"excerpt":{"rendered":"<p>Du voyage low cost au voyage de luxe, choisis ta destination et nous serons l\u00e0 pour faire de ton souhait une r\u00e9alit\u00e9! Nous avons 2 formules adapt\u00e9es \u00e0 vos envies : OPTION 1 &#8211; J&rsquo;AIME RECHERCHER ET PLANIFIER MES PROPRES VOYAGES! Ensuite, nous pouvons recommander notre plate-forme, o\u00f9 tu pourras t\u2019 inscrire gratuitement en tant [&hellip;]<\/p>\n","protected":false},"author":1,"featured_media":668,"parent":0,"menu_order":0,"comment_status":"closed","ping_status":"closed","template":"templates\/consulting-services.php","meta":{"footnotes":""},"class_list":["post-16","page","type-page","status-publish","has-post-thumbnail","hentry"],"yoast_head":"<!-- This site is optimized with the Yoast SEO plugin v26.0 - https:\/\/yoast.com\/wordpress\/plugins\/seo\/ -->\n<title>Conseil en voyage - be star be legendary<\/title>\n<meta name=\"robots\" content=\"index, follow, max-snippet:-1, max-image-preview:large, max-video-preview:-1\" \/>\n<link rel=\"canonical\" href=\"https:\/\/bestarbelegendary.com\/fr\/consultoria-de-viagem\/\" \/>\n<meta property=\"og:locale\" content=\"fr_FR\" \/>\n<meta property=\"og:type\" content=\"article\" \/>\n<meta property=\"og:title\" content=\"Conseil en voyage - be star be legendary\" \/>\n<meta property=\"og:description\" content=\"Du voyage low cost au voyage de luxe, choisis ta destination et nous serons l\u00e0 pour faire de ton souhait une r\u00e9alit\u00e9! Nous avons 2 formules adapt\u00e9es \u00e0 vos envies : OPTION 1 &#8211; J&rsquo;AIME RECHERCHER ET PLANIFIER MES PROPRES VOYAGES! Ensuite, nous pouvons recommander notre plate-forme, o\u00f9 tu pourras t\u2019 inscrire gratuitement en tant [&hellip;]\" \/>\n<meta property=\"og:url\" content=\"https:\/\/bestarbelegendary.com\/fr\/consultoria-de-viagem\/\" \/>\n<meta property=\"og:site_name\" content=\"be star be legendary\" \/>\n<meta property=\"article:modified_time\" content=\"2022-10-12T16:53:51+00:00\" \/>\n<meta property=\"og:image\" content=\"https:\/\/bestarbelegendary.com\/wp-content\/uploads\/2022\/10\/Imagem-topo-1.jpg\" \/>\n\t<meta property=\"og:image:width\" content=\"1927\" \/>\n\t<meta property=\"og:image:height\" content=\"898\" \/>\n\t<meta property=\"og:image:type\" content=\"image\/jpeg\" \/>\n<meta name=\"twitter:card\" content=\"summary_large_image\" \/>\n<meta name=\"twitter:label1\" content=\"Dur\u00e9e de lecture estim\u00e9e\" \/>\n\t<meta name=\"twitter:data1\" content=\"3 minutes\" \/>\n<script type=\"application\/ld+json\" class=\"yoast-schema-graph\">{\"@context\":\"https:\/\/schema.org\",\"@graph\":[{\"@type\":\"WebPage\",\"@id\":\"https:\/\/bestarbelegendary.com\/fr\/consultoria-de-viagem\/\",\"url\":\"https:\/\/bestarbelegendary.com\/fr\/consultoria-de-viagem\/\",\"name\":\"Conseil en voyage - be star be legendary\",\"isPartOf\":{\"@id\":\"https:\/\/bestarbelegendary.com\/fr\/#website\"},\"primaryImageOfPage\":{\"@id\":\"https:\/\/bestarbelegendary.com\/fr\/consultoria-de-viagem\/#primaryimage\"},\"image\":{\"@id\":\"https:\/\/bestarbelegendary.com\/consultoria-de-viagem\/#primaryimage\"},\"thumbnailUrl\":\"https:\/\/bestarbelegendary.com\/wp-content\/uploads\/2022\/10\/Imagem-topo-1.jpg\",\"datePublished\":\"2022-07-01T20:22:15+00:00\",\"dateModified\":\"2022-10-12T16:53:51+00:00\",\"breadcrumb\":{\"@id\":\"https:\/\/bestarbelegendary.com\/fr\/consultoria-de-viagem\/#breadcrumb\"},\"inLanguage\":\"fr-FR\",\"potentialAction\":[{\"@type\":\"ReadAction\",\"target\":[[\"https:\/\/bestarbelegendary.com\/fr\/consultoria-de-viagem\/\"]]}]},{\"@type\":\"ImageObject\",\"inLanguage\":\"fr-FR\",\"@id\":\"https:\/\/bestarbelegendary.com\/fr\/consultoria-de-viagem\/#primaryimage\",\"url\":\"https:\/\/bestarbelegendary.com\/wp-content\/uploads\/2022\/10\/Imagem-topo-1.jpg\",\"contentUrl\":\"https:\/\/bestarbelegendary.com\/wp-content\/uploads\/2022\/10\/Imagem-topo-1.jpg\",\"width\":1927,\"height\":898},{\"@type\":\"BreadcrumbList\",\"@id\":\"https:\/\/bestarbelegendary.com\/fr\/consultoria-de-viagem\/#breadcrumb\",\"itemListElement\":[{\"@type\":\"ListItem\",\"position\":1,\"name\":\"In\u00edcio\",\"item\":\"https:\/\/bestarbelegendary.com\/fr\/\"},{\"@type\":\"ListItem\",\"position\":2,\"name\":\"Consultoria de Viagem\"}]},{\"@type\":\"WebSite\",\"@id\":\"https:\/\/bestarbelegendary.com\/fr\/#website\",\"url\":\"https:\/\/bestarbelegendary.com\/fr\/\",\"name\":\"be star be legendary\",\"description\":\"www.bestarbelegendary.com\",\"potentialAction\":[{\"@type\":\"SearchAction\",\"target\":{\"@type\":\"EntryPoint\",\"urlTemplate\":\"https:\/\/bestarbelegendary.com\/fr\/?s={search_term_string}\"},\"query-input\":{\"@type\":\"PropertyValueSpecification\",\"valueRequired\":true,\"valueName\":\"search_term_string\"}}],\"inLanguage\":\"fr-FR\"}]}<\/script>\n<!-- \/ Yoast SEO plugin. -->","yoast_head_json":{"title":"Conseil en voyage - be star be legendary","robots":{"index":"index","follow":"follow","max-snippet":"max-snippet:-1","max-image-preview":"max-image-preview:large","max-video-preview":"max-video-preview:-1"},"canonical":"https:\/\/bestarbelegendary.com\/fr\/consultoria-de-viagem\/","og_locale":"fr_FR","og_type":"article","og_title":"Conseil en voyage - be star be legendary","og_description":"Du voyage low cost au voyage de luxe, choisis ta destination et nous serons l\u00e0 pour faire de ton souhait une r\u00e9alit\u00e9! Nous avons 2 formules adapt\u00e9es \u00e0 vos envies : OPTION 1 &#8211; J&rsquo;AIME RECHERCHER ET PLANIFIER MES PROPRES VOYAGES! Ensuite, nous pouvons recommander notre plate-forme, o\u00f9 tu pourras t\u2019 inscrire gratuitement en tant [&hellip;]","og_url":"https:\/\/bestarbelegendary.com\/fr\/consultoria-de-viagem\/","og_site_name":"be star be legendary","article_modified_time":"2022-10-12T16:53:51+00:00","og_image":[{"width":1927,"height":898,"url":"https:\/\/bestarbelegendary.com\/wp-content\/uploads\/2022\/10\/Imagem-topo-1.jpg","type":"image\/jpeg"}],"twitter_card":"summary_large_image","twitter_misc":{"Dur\u00e9e de lecture estim\u00e9e":"3 minutes"},"schema":{"@context":"https:\/\/schema.org","@graph":[{"@type":"WebPage","@id":"https:\/\/bestarbelegendary.com\/fr\/consultoria-de-viagem\/","url":"https:\/\/bestarbelegendary.com\/fr\/consultoria-de-viagem\/","name":"Conseil en voyage - be star be legendary","isPartOf":{"@id":"https:\/\/bestarbelegendary.com\/fr\/#website"},"primaryImageOfPage":{"@id":"https:\/\/bestarbelegendary.com\/fr\/consultoria-de-viagem\/#primaryimage"},"image":{"@id":"https:\/\/bestarbelegendary.com\/consultoria-de-viagem\/#primaryimage"},"thumbnailUrl":"https:\/\/bestarbelegendary.com\/wp-content\/uploads\/2022\/10\/Imagem-topo-1.jpg","datePublished":"2022-07-01T20:22:15+00:00","dateModified":"2022-10-12T16:53:51+00:00","breadcrumb":{"@id":"https:\/\/bestarbelegendary.com\/fr\/consultoria-de-viagem\/#breadcrumb"},"inLanguage":"fr-FR","potentialAction":[{"@type":"ReadAction","target":[["https:\/\/bestarbelegendary.com\/fr\/consultoria-de-viagem\/"]]}]},{"@type":"ImageObject","inLanguage":"fr-FR","@id":"https:\/\/bestarbelegendary.com\/fr\/consultoria-de-viagem\/#primaryimage","url":"https:\/\/bestarbelegendary.com\/wp-content\/uploads\/2022\/10\/Imagem-topo-1.jpg","contentUrl":"https:\/\/bestarbelegendary.com\/wp-content\/uploads\/2022\/10\/Imagem-topo-1.jpg","width":1927,"height":898},{"@type":"BreadcrumbList","@id":"https:\/\/bestarbelegendary.com\/fr\/consultoria-de-viagem\/#breadcrumb","itemListElement":[{"@type":"ListItem","position":1,"name":"In\u00edcio","item":"https:\/\/bestarbelegendary.com\/fr\/"},{"@type":"ListItem","position":2,"name":"Consultoria de Viagem"}]},{"@type":"WebSite","@id":"https:\/\/bestarbelegendary.com\/fr\/#website","url":"https:\/\/bestarbelegendary.com\/fr\/","name":"be star be legendary","description":"www.bestarbelegendary.com","potentialAction":[{"@type":"SearchAction","target":{"@type":"EntryPoint","urlTemplate":"https:\/\/bestarbelegendary.com\/fr\/?s={search_term_string}"},"query-input":{"@type":"PropertyValueSpecification","valueRequired":true,"valueName":"search_term_string"}}],"inLanguage":"fr-FR"}]}},"_links":{"self":[{"href":"https:\/\/bestarbelegendary.com\/fr\/wp-json\/wp\/v2\/pages\/16","targetHints":{"allow":["GET"]}}],"collection":[{"href":"https:\/\/bestarbelegendary.com\/fr\/wp-json\/wp\/v2\/pages"}],"about":[{"href":"https:\/\/bestarbelegendary.com\/fr\/wp-json\/wp\/v2\/types\/page"}],"author":[{"embeddable":true,"href":"https:\/\/bestarbelegendary.com\/fr\/wp-json\/wp\/v2\/users\/1"}],"replies":[{"embeddable":true,"href":"https:\/\/bestarbelegendary.com\/fr\/wp-json\/wp\/v2\/comments?post=16"}],"version-history":[{"count":3,"href":"https:\/\/bestarbelegendary.com\/fr\/wp-json\/wp\/v2\/pages\/16\/revisions"}],"predecessor-version":[{"id":733,"href":"https:\/\/bestarbelegendary.com\/fr\/wp-json\/wp\/v2\/pages\/16\/revisions\/733"}],"wp:featuredmedia":[{"embeddable":true,"href":"https:\/\/bestarbelegendary.com\/fr\/wp-json\/wp\/v2\/media\/668"}],"wp:attachment":[{"href":"https:\/\/bestarbelegendary.com\/fr\/wp-json\/wp\/v2\/media?parent=16"}],"curies":[{"name":"wp","href":"https:\/\/api.w.org\/{rel}","templated":true}]}}