{"id":12,"date":"2022-07-01T21:22:14","date_gmt":"2022-07-01T20:22:14","guid":{"rendered":"https:\/\/bestarbelegendary.com\/sobre-nos\/"},"modified":"2022-11-10T22:15:06","modified_gmt":"2022-11-10T22:15:06","slug":"sobre-nos","status":"publish","type":"page","link":"https:\/\/bestarbelegendary.com\/fr\/sobre-nos\/","title":{"rendered":"Qui Sommes-Nous ?"},"content":{"rendered":"<p>Nous sommes un groupe de personnes qui vivions sans grandes perspectives d\u2019avenir. Nous \u00e9tions dans une logique d\u2019emplois, que, le plus souvent, nous n\u2019aimions pas et o\u00f9 nous devions travailler uniquement pour payer nos factures quotidiennes. Beaucoup d\u2019entre nous, malgr\u00e9 le d\u00e9vouement accompli, n\u2019\u00e9tions m\u00eame pas valoris\u00e9s, car nous n\u2019\u00e9tions rien de plus qu\u2019un num\u00e9ro dans l\u2019organisation de l\u2019entreprise. Nous ressentions une profonde insatisfaction de travailler autant d\u2019heures et de gagner si peu, ou si avions un bon salaire, nous n\u2019avions pas de<br \/>\ntemps pour notre famille, parce que nous \u00e9changions \u00abdu temps contre de l\u2019argent\u00bb.<br \/>\nNous avons constat\u00e9 que nous avons \u00ab port\u00e9 la chemise \u00bb de notre entreprise pour r\u00e9aliser les r\u00eaves d\u2019autres personnes. Mais nous avions nos r\u00eaves enferm\u00e9s dans le tiroir, parce que nous ne les avons jamais r\u00e9alis\u00e9s. Car nous avons \u00e9t\u00e9 \u00e9duqu\u00e9s \u00e0 choisir la voie qui semble la plus s\u00fbre, en tant que telle, nous avions peur de risquer et d\u2019\u00e9changer le suppos\u00e9 \u00ab certain, contre l\u2019incertain\u00bb.<\/p>\n<p>Quelques-uns d\u2019entre nous, avons tent\u00e9 de d\u00e9marrer une entreprise par eux-m\u00eames. Mais nous avons compris que cela pouvait couter tr\u00e8s cher, et que cela impliquait parfois un investissement de milliers d\u2019euros et que nous n\u2019\u00e9tions pas toujours pr\u00eats \u00e0 le faire sans avoir un soutien financier, ou strat\u00e9gique.<\/p>\n<h4><strong>QU\u2019EST-CE QUI NOUS UNIT ?<\/strong><\/h4>\n<figure id=\"attachment_513\" aria-describedby=\"caption-attachment-513\" style=\"width: 967px\" class=\"wp-caption aligncenter\"><img decoding=\"async\" class=\"wp-image-513 size-full\" src=\"https:\/\/bestarbelegendary.com\/wp-content\/uploads\/2022\/09\/Web_Photo_Editor-27.jpg\" alt=\"\" width=\"967\" height=\"642\" srcset=\"https:\/\/bestarbelegendary.com\/wp-content\/uploads\/2022\/09\/Web_Photo_Editor-27.jpg 967w, https:\/\/bestarbelegendary.com\/wp-content\/uploads\/2022\/09\/Web_Photo_Editor-27-600x398.jpg 600w, https:\/\/bestarbelegendary.com\/wp-content\/uploads\/2022\/09\/Web_Photo_Editor-27-768x510.jpg 768w\" sizes=\"(max-width: 967px) 100vw, 967px\" \/><figcaption id=\"caption-attachment-513\" class=\"wp-caption-text\">Jantar tem\u00e1tico num Congresso | Paula Perry, Sam, Daniela Lima, Roger Vilar, Sofia Costa, Teresa Freitas, Iolanda Grenha, Eduardo Ara\u00fajo, Paulo, Bruno Gon\u00e7alves<\/figcaption><\/figure>\n<p>Est-ce qu\u2019on t-a d\u00e9j\u00e0 demand\u00e9 quel serait l\u2019emploi de tes r\u00eaves si tu n\u2019\u00e9tais pas d\u00e9pendant de l\u2019argent ?<br \/>\nUn jour, quelqu\u2019un nous a pos\u00e9 cette question. Et il nous a \u00e9galement demand\u00e9 de d\u00e9finir \u00e0 quoi ressemblerait cet emploi. Nos r\u00e9ponses n\u2019\u00e9taient pas exactement les m\u00eames, mais elles avaient plusieurs points en commun. Avoir du temps pour \u00eatre disponible pour notre famille, pouvoir travailler o\u00f9 nous voulions. Nous souhaitions, aussi, un travail qui nous reconnaisse par nos r\u00e9sultats, que nous ayons un plan de carri\u00e8re qui nous permettrait de gagner de plus en plus, sans avoir \u00e0 travailler plus d\u2019heures et qui nous procurerait de la libert\u00e9 financi\u00e8re. En plus de cela, nous pensons qu\u2019il serait incroyable de pouvoir travailler avec des personnes que nous<br \/>\naimons et que nous pouvons voyager davantage. Nous consid\u00e9rions que nous r\u00eavions d\u00e9j\u00e0 trop, mais pour que cela soit vraiment parfait, nous aimerions aider, \u00e9galement, d\u2019autres personnes \u00e0 avoir une vie avec un but et avec plus de qualit\u00e9.<br \/>\nNous avons tous cru, tout au long de notre vie, qu\u2019il \u00e9tait impossible d\u2019avoir une activit\u00e9 avec toutes ces caract\u00e9ristiques.<br \/>\nJusqu\u2019au jour o\u00f9, quelqu\u2019un, nous a offert l\u2019opportunit\u00e9 dont nous avions toujours r\u00eav\u00e9, dans une multinationale portugaise innovante qui, depuis 2015, a d\u00e9j\u00e0 factur\u00e9 des millions d\u2019euros.<br \/>\nCette opportunit\u00e9 est encore meilleure de ce que nous avions imagin\u00e9, car d\u2019une part, elle nous a permis une incroyable transformation interne par le d\u00e9veloppement personnel et d\u2019autre part, de pouvoir travailler dans le domaine du tourisme qui facture des milliers de milliards d\u2019euros par an. C\u2019est un domaine fascinant, en effet, nous ne connaissons personne qui n\u2019aime pas voyager, ce qui signifie que toutes les personnes sont des clients potentiels. En fait, si vous pensez bien, la plupart des personnes passent les mois, lorsqu\u2019ils travaillent, \u00e0 r\u00eaver des vacances tant d\u00e9sir\u00e9es et parfois, ils \u00e9pargnent durant des mois pour voyager. D\u2019ailleurs, c\u2019est incroyable que nous ayons le sentiment d\u2019avoir la possibilit\u00e9 de contribuer \u00e0 la r\u00e9alisation des r\u00eaves de quelqu\u2019un.<\/p>\n<h4><strong>QU\u2019EST-CE QU\u2019ON FAIT ?<\/strong><\/h4>\n<p>L\u2019entreprise avec laquelle nous travaillons est consciente que le monde a chang\u00e9 et, de plus en plus, les gens appr\u00e9cient les opinions de ceux qui savent, ou m\u00eame viennent demander des suggestions par le biais des r\u00e9seaux sociaux. De cette fa\u00e7on, ils ont d\u00e9cid\u00e9 d\u2019investir dans la publicit\u00e9 en utilisant la recommandation gr\u00e2ce \u00e0 un syst\u00e8me simple.<\/p>\n<p>Si vous faites partie de ces gens qui pensent : \u00abJe ne sais pas vendre\u00bb, \u00abJe ne connais personne\u00bb ou \u00abJe ne veux pas d\u00e9ranger\u00bb, il n\u2019y a pas de probl\u00e8me. Beaucoup d\u2019entre nous avaient aussi ces pens\u00e9es, avant de bien conna\u00eetre l\u2019entreprise et de r\u00e9aliser que nous aurons une \u00e9quipe pour nous enseigner et nous accompagner sur ce nouveau chemin. Mais ensuite, nous comprenons, qu\u2019apr\u00e8s tout et heureusement, nous sommes capables et que nous ne nous sommes pas limit\u00e9s aux craintes que nous ressentions.<\/p>\n<p>Dans notre vie quotidienne, nous vendons tous un produit, une exp\u00e9rience, un service, un concept, ou m\u00eame quelque chose que nous apprenons et on ne s\u2019en aper\u00e7oit pas, parce que nous le faisons de mani\u00e8re naturelle et simple. Mais si vous y r\u00e9fl\u00e9chissez, ceci est vendre.<br \/>\nMaintenant, imaginez que vous avez pass\u00e9 un week-end, que vous \u00e9tiez satisfait et d\u00e9cid\u00e9 \u00e0 partager des photos de l\u2019h\u00f4tel, ou \u00e0 recommander cet h\u00f4tel \u00e0 un ami. Sans vous en rendre compte, vous vendez indirectement votre exp\u00e9rience. Lorsque nous recommandons quelque chose que nous aimons, apr\u00e8s tout, nous partageons peut-\u00eatre quelque chose qui int\u00e9resse l\u2019autre personne.<\/p>\n<p><strong>Aimeriez-vous pouvoir gagner de l\u2019argent sur vos recommandations ?<\/strong><br \/>\nNous avons d\u00e9cid\u00e9 de nous donner une opportunit\u00e9 parce que nous avons compris rapidement que nous avions, entre les mains, quelque chose d\u2019unique et d\u2019un immense potentiel. Nous travaillons avec des personnes qui vivent dans plusieurs pays, parce que bien s\u00fbr, quelque chose d\u2019aussi bon doit \u00eatre partag\u00e9 dans le monde entier.<br \/>\nDe nos jours, nous ne craignons pas l\u2019avenir, quand nous y pensons, nous ressentons un \u00e9norme enthousiasme, nous attendons avec impatience tout ce que nous accomplirons et la vie que nous offrirons \u00e0 ceux que nous aimons plus, car nous sommes s\u00fbrs que le meilleur est encore \u00e0 venir.<\/p>","protected":false},"excerpt":{"rendered":"<p>Nous sommes un groupe de personnes qui vivions sans grandes perspectives d\u2019avenir. Nous \u00e9tions dans une logique d\u2019emplois, que, le plus souvent, nous n\u2019aimions pas et o\u00f9 nous devions travailler uniquement pour payer nos factures quotidiennes. Beaucoup d\u2019entre nous, malgr\u00e9 le d\u00e9vouement accompli, n\u2019\u00e9tions m\u00eame pas valoris\u00e9s, car nous n\u2019\u00e9tions rien de plus qu\u2019un num\u00e9ro [&hellip;]<\/p>\n","protected":false},"author":1,"featured_media":235,"parent":0,"menu_order":0,"comment_status":"closed","ping_status":"closed","template":"templates\/about.php","meta":{"footnotes":""},"class_list":["post-12","page","type-page","status-publish","has-post-thumbnail","hentry"],"yoast_head":"<!-- This site is optimized with the Yoast SEO plugin v26.0 - https:\/\/yoast.com\/wordpress\/plugins\/seo\/ -->\n<title>Qui Sommes-Nous ? - be star be legendary<\/title>\n<meta name=\"robots\" content=\"index, follow, max-snippet:-1, max-image-preview:large, max-video-preview:-1\" \/>\n<link rel=\"canonical\" href=\"https:\/\/bestarbelegendary.com\/fr\/sobre-nos\/\" \/>\n<meta property=\"og:locale\" content=\"fr_FR\" \/>\n<meta property=\"og:type\" content=\"article\" \/>\n<meta property=\"og:title\" content=\"Qui Sommes-Nous ? - be star be legendary\" \/>\n<meta property=\"og:description\" content=\"Nous sommes un groupe de personnes qui vivions sans grandes perspectives d\u2019avenir. Nous \u00e9tions dans une logique d\u2019emplois, que, le plus souvent, nous n\u2019aimions pas et o\u00f9 nous devions travailler uniquement pour payer nos factures quotidiennes. Beaucoup d\u2019entre nous, malgr\u00e9 le d\u00e9vouement accompli, n\u2019\u00e9tions m\u00eame pas valoris\u00e9s, car nous n\u2019\u00e9tions rien de plus qu\u2019un num\u00e9ro [&hellip;]\" \/>\n<meta property=\"og:url\" content=\"https:\/\/bestarbelegendary.com\/fr\/sobre-nos\/\" \/>\n<meta property=\"og:site_name\" content=\"be star be legendary\" \/>\n<meta property=\"article:modified_time\" content=\"2022-11-10T22:15:06+00:00\" \/>\n<meta property=\"og:image\" content=\"https:\/\/bestarbelegendary.com\/wp-content\/uploads\/2022\/07\/equipa-2.jpg\" \/>\n\t<meta property=\"og:image:width\" content=\"956\" \/>\n\t<meta property=\"og:image:height\" content=\"501\" \/>\n\t<meta property=\"og:image:type\" content=\"image\/jpeg\" \/>\n<meta name=\"twitter:card\" content=\"summary_large_image\" \/>\n<meta name=\"twitter:label1\" content=\"Dur\u00e9e de lecture estim\u00e9e\" \/>\n\t<meta name=\"twitter:data1\" content=\"6 minutes\" \/>\n<script type=\"application\/ld+json\" class=\"yoast-schema-graph\">{\"@context\":\"https:\/\/schema.org\",\"@graph\":[{\"@type\":\"WebPage\",\"@id\":\"https:\/\/bestarbelegendary.com\/fr\/sobre-nos\/\",\"url\":\"https:\/\/bestarbelegendary.com\/fr\/sobre-nos\/\",\"name\":\"Qui Sommes-Nous ? - be star be legendary\",\"isPartOf\":{\"@id\":\"https:\/\/bestarbelegendary.com\/fr\/#website\"},\"primaryImageOfPage\":{\"@id\":\"https:\/\/bestarbelegendary.com\/fr\/sobre-nos\/#primaryimage\"},\"image\":{\"@id\":\"https:\/\/bestarbelegendary.com\/sobre-nos\/#primaryimage\"},\"thumbnailUrl\":\"https:\/\/bestarbelegendary.com\/wp-content\/uploads\/2022\/07\/equipa-2.jpg\",\"datePublished\":\"2022-07-01T20:22:14+00:00\",\"dateModified\":\"2022-11-10T22:15:06+00:00\",\"breadcrumb\":{\"@id\":\"https:\/\/bestarbelegendary.com\/fr\/sobre-nos\/#breadcrumb\"},\"inLanguage\":\"fr-FR\",\"potentialAction\":[{\"@type\":\"ReadAction\",\"target\":[[\"https:\/\/bestarbelegendary.com\/fr\/sobre-nos\/\"]]}]},{\"@type\":\"ImageObject\",\"inLanguage\":\"fr-FR\",\"@id\":\"https:\/\/bestarbelegendary.com\/fr\/sobre-nos\/#primaryimage\",\"url\":\"https:\/\/bestarbelegendary.com\/wp-content\/uploads\/2022\/07\/equipa-2.jpg\",\"contentUrl\":\"https:\/\/bestarbelegendary.com\/wp-content\/uploads\/2022\/07\/equipa-2.jpg\",\"width\":956,\"height\":501},{\"@type\":\"BreadcrumbList\",\"@id\":\"https:\/\/bestarbelegendary.com\/fr\/sobre-nos\/#breadcrumb\",\"itemListElement\":[{\"@type\":\"ListItem\",\"position\":1,\"name\":\"In\u00edcio\",\"item\":\"https:\/\/bestarbelegendary.com\/fr\/\"},{\"@type\":\"ListItem\",\"position\":2,\"name\":\"Sobre n\u00f3s\"}]},{\"@type\":\"WebSite\",\"@id\":\"https:\/\/bestarbelegendary.com\/fr\/#website\",\"url\":\"https:\/\/bestarbelegendary.com\/fr\/\",\"name\":\"be star be legendary\",\"description\":\"www.bestarbelegendary.com\",\"potentialAction\":[{\"@type\":\"SearchAction\",\"target\":{\"@type\":\"EntryPoint\",\"urlTemplate\":\"https:\/\/bestarbelegendary.com\/fr\/?s={search_term_string}\"},\"query-input\":{\"@type\":\"PropertyValueSpecification\",\"valueRequired\":true,\"valueName\":\"search_term_string\"}}],\"inLanguage\":\"fr-FR\"}]}<\/script>\n<!-- \/ Yoast SEO plugin. -->","yoast_head_json":{"title":"Qui Sommes-Nous ? - be star be legendary","robots":{"index":"index","follow":"follow","max-snippet":"max-snippet:-1","max-image-preview":"max-image-preview:large","max-video-preview":"max-video-preview:-1"},"canonical":"https:\/\/bestarbelegendary.com\/fr\/sobre-nos\/","og_locale":"fr_FR","og_type":"article","og_title":"Qui Sommes-Nous ? - be star be legendary","og_description":"Nous sommes un groupe de personnes qui vivions sans grandes perspectives d\u2019avenir. Nous \u00e9tions dans une logique d\u2019emplois, que, le plus souvent, nous n\u2019aimions pas et o\u00f9 nous devions travailler uniquement pour payer nos factures quotidiennes. Beaucoup d\u2019entre nous, malgr\u00e9 le d\u00e9vouement accompli, n\u2019\u00e9tions m\u00eame pas valoris\u00e9s, car nous n\u2019\u00e9tions rien de plus qu\u2019un num\u00e9ro [&hellip;]","og_url":"https:\/\/bestarbelegendary.com\/fr\/sobre-nos\/","og_site_name":"be star be legendary","article_modified_time":"2022-11-10T22:15:06+00:00","og_image":[{"width":956,"height":501,"url":"https:\/\/bestarbelegendary.com\/wp-content\/uploads\/2022\/07\/equipa-2.jpg","type":"image\/jpeg"}],"twitter_card":"summary_large_image","twitter_misc":{"Dur\u00e9e de lecture estim\u00e9e":"6 minutes"},"schema":{"@context":"https:\/\/schema.org","@graph":[{"@type":"WebPage","@id":"https:\/\/bestarbelegendary.com\/fr\/sobre-nos\/","url":"https:\/\/bestarbelegendary.com\/fr\/sobre-nos\/","name":"Qui Sommes-Nous ? - be star be legendary","isPartOf":{"@id":"https:\/\/bestarbelegendary.com\/fr\/#website"},"primaryImageOfPage":{"@id":"https:\/\/bestarbelegendary.com\/fr\/sobre-nos\/#primaryimage"},"image":{"@id":"https:\/\/bestarbelegendary.com\/sobre-nos\/#primaryimage"},"thumbnailUrl":"https:\/\/bestarbelegendary.com\/wp-content\/uploads\/2022\/07\/equipa-2.jpg","datePublished":"2022-07-01T20:22:14+00:00","dateModified":"2022-11-10T22:15:06+00:00","breadcrumb":{"@id":"https:\/\/bestarbelegendary.com\/fr\/sobre-nos\/#breadcrumb"},"inLanguage":"fr-FR","potentialAction":[{"@type":"ReadAction","target":[["https:\/\/bestarbelegendary.com\/fr\/sobre-nos\/"]]}]},{"@type":"ImageObject","inLanguage":"fr-FR","@id":"https:\/\/bestarbelegendary.com\/fr\/sobre-nos\/#primaryimage","url":"https:\/\/bestarbelegendary.com\/wp-content\/uploads\/2022\/07\/equipa-2.jpg","contentUrl":"https:\/\/bestarbelegendary.com\/wp-content\/uploads\/2022\/07\/equipa-2.jpg","width":956,"height":501},{"@type":"BreadcrumbList","@id":"https:\/\/bestarbelegendary.com\/fr\/sobre-nos\/#breadcrumb","itemListElement":[{"@type":"ListItem","position":1,"name":"In\u00edcio","item":"https:\/\/bestarbelegendary.com\/fr\/"},{"@type":"ListItem","position":2,"name":"Sobre n\u00f3s"}]},{"@type":"WebSite","@id":"https:\/\/bestarbelegendary.com\/fr\/#website","url":"https:\/\/bestarbelegendary.com\/fr\/","name":"be star be legendary","description":"www.bestarbelegendary.com","potentialAction":[{"@type":"SearchAction","target":{"@type":"EntryPoint","urlTemplate":"https:\/\/bestarbelegendary.com\/fr\/?s={search_term_string}"},"query-input":{"@type":"PropertyValueSpecification","valueRequired":true,"valueName":"search_term_string"}}],"inLanguage":"fr-FR"}]}},"_links":{"self":[{"href":"https:\/\/bestarbelegendary.com\/fr\/wp-json\/wp\/v2\/pages\/12","targetHints":{"allow":["GET"]}}],"collection":[{"href":"https:\/\/bestarbelegendary.com\/fr\/wp-json\/wp\/v2\/pages"}],"about":[{"href":"https:\/\/bestarbelegendary.com\/fr\/wp-json\/wp\/v2\/types\/page"}],"author":[{"embeddable":true,"href":"https:\/\/bestarbelegendary.com\/fr\/wp-json\/wp\/v2\/users\/1"}],"replies":[{"embeddable":true,"href":"https:\/\/bestarbelegendary.com\/fr\/wp-json\/wp\/v2\/comments?post=12"}],"version-history":[{"count":3,"href":"https:\/\/bestarbelegendary.com\/fr\/wp-json\/wp\/v2\/pages\/12\/revisions"}],"predecessor-version":[{"id":778,"href":"https:\/\/bestarbelegendary.com\/fr\/wp-json\/wp\/v2\/pages\/12\/revisions\/778"}],"wp:featuredmedia":[{"embeddable":true,"href":"https:\/\/bestarbelegendary.com\/fr\/wp-json\/wp\/v2\/media\/235"}],"wp:attachment":[{"href":"https:\/\/bestarbelegendary.com\/fr\/wp-json\/wp\/v2\/media?parent=12"}],"curies":[{"name":"wp","href":"https:\/\/api.w.org\/{rel}","templated":true}]}}