{"id":10,"date":"2022-07-01T21:22:14","date_gmt":"2022-07-01T20:22:14","guid":{"rendered":"https:\/\/bestarbelegendary.com\/junta-te\/"},"modified":"2022-12-07T18:07:53","modified_gmt":"2022-12-07T18:07:53","slug":"junta-te","status":"publish","type":"page","link":"https:\/\/bestarbelegendary.com\/fr\/junta-te\/","title":{"rendered":"Rejoignez-nous"},"content":{"rendered":"<p>Si tu souhaites avoir une vie avec plus de qualit\u00e9 et que tu t\u00b4identifies avec notre vision, offre, \u00e0 toi-m\u00eame, cette occasion. Rejoins une \u00e9quipe gagnante.<br \/>\nTu pourras compter sur notre soutien d\u00e8s le premier jour.\u00a0 Nous partagerons avec toi notre exp\u00e9rience et nos connaissances afin que tu puisses atteindre tes objectifs plus facilement.<\/p>","protected":false},"excerpt":{"rendered":"<p>Si tu souhaites avoir une vie avec plus de qualit\u00e9 et que tu t\u00b4identifies avec notre vision, offre, \u00e0 toi-m\u00eame, cette occasion. Rejoins une \u00e9quipe gagnante. Tu pourras compter sur notre soutien d\u00e8s le premier jour.\u00a0 Nous partagerons avec toi notre exp\u00e9rience et nos connaissances afin que tu puisses atteindre tes objectifs plus facilement.<\/p>\n","protected":false},"author":1,"featured_media":235,"parent":0,"menu_order":0,"comment_status":"closed","ping_status":"closed","template":"templates\/join-us.php","meta":{"footnotes":""},"class_list":["post-10","page","type-page","status-publish","has-post-thumbnail","hentry"],"yoast_head":"<!-- This site is optimized with the Yoast SEO plugin v26.0 - https:\/\/yoast.com\/wordpress\/plugins\/seo\/ -->\n<title>Rejoignez-nous - be star be legendary<\/title>\n<meta name=\"robots\" content=\"index, follow, max-snippet:-1, max-image-preview:large, max-video-preview:-1\" \/>\n<link rel=\"canonical\" href=\"https:\/\/bestarbelegendary.com\/fr\/junta-te\/\" \/>\n<meta property=\"og:locale\" content=\"fr_FR\" \/>\n<meta property=\"og:type\" content=\"article\" \/>\n<meta property=\"og:title\" content=\"Rejoignez-nous - be star be legendary\" \/>\n<meta property=\"og:description\" content=\"Si tu souhaites avoir une vie avec plus de qualit\u00e9 et que tu t\u00b4identifies avec notre vision, offre, \u00e0 toi-m\u00eame, cette occasion. Rejoins une \u00e9quipe gagnante. Tu pourras compter sur notre soutien d\u00e8s le premier jour.\u00a0 Nous partagerons avec toi notre exp\u00e9rience et nos connaissances afin que tu puisses atteindre tes objectifs plus facilement.\" \/>\n<meta property=\"og:url\" content=\"https:\/\/bestarbelegendary.com\/fr\/junta-te\/\" \/>\n<meta property=\"og:site_name\" content=\"be star be legendary\" \/>\n<meta property=\"article:modified_time\" content=\"2022-12-07T18:07:53+00:00\" \/>\n<meta property=\"og:image\" content=\"https:\/\/bestarbelegendary.com\/wp-content\/uploads\/2022\/07\/equipa-2.jpg\" \/>\n\t<meta property=\"og:image:width\" content=\"956\" \/>\n\t<meta property=\"og:image:height\" content=\"501\" \/>\n\t<meta property=\"og:image:type\" content=\"image\/jpeg\" \/>\n<meta name=\"twitter:card\" content=\"summary_large_image\" \/>\n<meta name=\"twitter:label1\" content=\"Dur\u00e9e de lecture estim\u00e9e\" \/>\n\t<meta name=\"twitter:data1\" content=\"1 minute\" \/>\n<script type=\"application\/ld+json\" class=\"yoast-schema-graph\">{\"@context\":\"https:\/\/schema.org\",\"@graph\":[{\"@type\":\"WebPage\",\"@id\":\"https:\/\/bestarbelegendary.com\/fr\/junta-te\/\",\"url\":\"https:\/\/bestarbelegendary.com\/fr\/junta-te\/\",\"name\":\"Rejoignez-nous - be star be legendary\",\"isPartOf\":{\"@id\":\"https:\/\/bestarbelegendary.com\/fr\/#website\"},\"primaryImageOfPage\":{\"@id\":\"https:\/\/bestarbelegendary.com\/fr\/junta-te\/#primaryimage\"},\"image\":{\"@id\":\"https:\/\/bestarbelegendary.com\/junta-te\/#primaryimage\"},\"thumbnailUrl\":\"https:\/\/bestarbelegendary.com\/wp-content\/uploads\/2022\/07\/equipa-2.jpg\",\"datePublished\":\"2022-07-01T20:22:14+00:00\",\"dateModified\":\"2022-12-07T18:07:53+00:00\",\"breadcrumb\":{\"@id\":\"https:\/\/bestarbelegendary.com\/fr\/junta-te\/#breadcrumb\"},\"inLanguage\":\"fr-FR\",\"potentialAction\":[{\"@type\":\"ReadAction\",\"target\":[[\"https:\/\/bestarbelegendary.com\/fr\/junta-te\/\"]]}]},{\"@type\":\"ImageObject\",\"inLanguage\":\"fr-FR\",\"@id\":\"https:\/\/bestarbelegendary.com\/fr\/junta-te\/#primaryimage\",\"url\":\"https:\/\/bestarbelegendary.com\/wp-content\/uploads\/2022\/07\/equipa-2.jpg\",\"contentUrl\":\"https:\/\/bestarbelegendary.com\/wp-content\/uploads\/2022\/07\/equipa-2.jpg\",\"width\":956,\"height\":501},{\"@type\":\"BreadcrumbList\",\"@id\":\"https:\/\/bestarbelegendary.com\/fr\/junta-te\/#breadcrumb\",\"itemListElement\":[{\"@type\":\"ListItem\",\"position\":1,\"name\":\"In\u00edcio\",\"item\":\"https:\/\/bestarbelegendary.com\/fr\/\"},{\"@type\":\"ListItem\",\"position\":2,\"name\":\"Junta-te a n\u00f3s\"}]},{\"@type\":\"WebSite\",\"@id\":\"https:\/\/bestarbelegendary.com\/fr\/#website\",\"url\":\"https:\/\/bestarbelegendary.com\/fr\/\",\"name\":\"be star be legendary\",\"description\":\"www.bestarbelegendary.com\",\"potentialAction\":[{\"@type\":\"SearchAction\",\"target\":{\"@type\":\"EntryPoint\",\"urlTemplate\":\"https:\/\/bestarbelegendary.com\/fr\/?s={search_term_string}\"},\"query-input\":{\"@type\":\"PropertyValueSpecification\",\"valueRequired\":true,\"valueName\":\"search_term_string\"}}],\"inLanguage\":\"fr-FR\"}]}<\/script>\n<!-- \/ Yoast SEO plugin. -->","yoast_head_json":{"title":"Rejoignez-nous - be star be legendary","robots":{"index":"index","follow":"follow","max-snippet":"max-snippet:-1","max-image-preview":"max-image-preview:large","max-video-preview":"max-video-preview:-1"},"canonical":"https:\/\/bestarbelegendary.com\/fr\/junta-te\/","og_locale":"fr_FR","og_type":"article","og_title":"Rejoignez-nous - be star be legendary","og_description":"Si tu souhaites avoir une vie avec plus de qualit\u00e9 et que tu t\u00b4identifies avec notre vision, offre, \u00e0 toi-m\u00eame, cette occasion. Rejoins une \u00e9quipe gagnante. Tu pourras compter sur notre soutien d\u00e8s le premier jour.\u00a0 Nous partagerons avec toi notre exp\u00e9rience et nos connaissances afin que tu puisses atteindre tes objectifs plus facilement.","og_url":"https:\/\/bestarbelegendary.com\/fr\/junta-te\/","og_site_name":"be star be legendary","article_modified_time":"2022-12-07T18:07:53+00:00","og_image":[{"width":956,"height":501,"url":"https:\/\/bestarbelegendary.com\/wp-content\/uploads\/2022\/07\/equipa-2.jpg","type":"image\/jpeg"}],"twitter_card":"summary_large_image","twitter_misc":{"Dur\u00e9e de lecture estim\u00e9e":"1 minute"},"schema":{"@context":"https:\/\/schema.org","@graph":[{"@type":"WebPage","@id":"https:\/\/bestarbelegendary.com\/fr\/junta-te\/","url":"https:\/\/bestarbelegendary.com\/fr\/junta-te\/","name":"Rejoignez-nous - be star be legendary","isPartOf":{"@id":"https:\/\/bestarbelegendary.com\/fr\/#website"},"primaryImageOfPage":{"@id":"https:\/\/bestarbelegendary.com\/fr\/junta-te\/#primaryimage"},"image":{"@id":"https:\/\/bestarbelegendary.com\/junta-te\/#primaryimage"},"thumbnailUrl":"https:\/\/bestarbelegendary.com\/wp-content\/uploads\/2022\/07\/equipa-2.jpg","datePublished":"2022-07-01T20:22:14+00:00","dateModified":"2022-12-07T18:07:53+00:00","breadcrumb":{"@id":"https:\/\/bestarbelegendary.com\/fr\/junta-te\/#breadcrumb"},"inLanguage":"fr-FR","potentialAction":[{"@type":"ReadAction","target":[["https:\/\/bestarbelegendary.com\/fr\/junta-te\/"]]}]},{"@type":"ImageObject","inLanguage":"fr-FR","@id":"https:\/\/bestarbelegendary.com\/fr\/junta-te\/#primaryimage","url":"https:\/\/bestarbelegendary.com\/wp-content\/uploads\/2022\/07\/equipa-2.jpg","contentUrl":"https:\/\/bestarbelegendary.com\/wp-content\/uploads\/2022\/07\/equipa-2.jpg","width":956,"height":501},{"@type":"BreadcrumbList","@id":"https:\/\/bestarbelegendary.com\/fr\/junta-te\/#breadcrumb","itemListElement":[{"@type":"ListItem","position":1,"name":"In\u00edcio","item":"https:\/\/bestarbelegendary.com\/fr\/"},{"@type":"ListItem","position":2,"name":"Junta-te a n\u00f3s"}]},{"@type":"WebSite","@id":"https:\/\/bestarbelegendary.com\/fr\/#website","url":"https:\/\/bestarbelegendary.com\/fr\/","name":"be star be legendary","description":"www.bestarbelegendary.com","potentialAction":[{"@type":"SearchAction","target":{"@type":"EntryPoint","urlTemplate":"https:\/\/bestarbelegendary.com\/fr\/?s={search_term_string}"},"query-input":{"@type":"PropertyValueSpecification","valueRequired":true,"valueName":"search_term_string"}}],"inLanguage":"fr-FR"}]}},"_links":{"self":[{"href":"https:\/\/bestarbelegendary.com\/fr\/wp-json\/wp\/v2\/pages\/10","targetHints":{"allow":["GET"]}}],"collection":[{"href":"https:\/\/bestarbelegendary.com\/fr\/wp-json\/wp\/v2\/pages"}],"about":[{"href":"https:\/\/bestarbelegendary.com\/fr\/wp-json\/wp\/v2\/types\/page"}],"author":[{"embeddable":true,"href":"https:\/\/bestarbelegendary.com\/fr\/wp-json\/wp\/v2\/users\/1"}],"replies":[{"embeddable":true,"href":"https:\/\/bestarbelegendary.com\/fr\/wp-json\/wp\/v2\/comments?post=10"}],"version-history":[{"count":3,"href":"https:\/\/bestarbelegendary.com\/fr\/wp-json\/wp\/v2\/pages\/10\/revisions"}],"predecessor-version":[{"id":831,"href":"https:\/\/bestarbelegendary.com\/fr\/wp-json\/wp\/v2\/pages\/10\/revisions\/831"}],"wp:featuredmedia":[{"embeddable":true,"href":"https:\/\/bestarbelegendary.com\/fr\/wp-json\/wp\/v2\/media\/235"}],"wp:attachment":[{"href":"https:\/\/bestarbelegendary.com\/fr\/wp-json\/wp\/v2\/media?parent=10"}],"curies":[{"name":"wp","href":"https:\/\/api.w.org\/{rel}","templated":true}]}}