{"id":803,"date":"2022-12-06T18:37:57","date_gmt":"2022-12-06T18:37:57","guid":{"rendered":"https:\/\/bestarbelegendary.com\/?page_id=803"},"modified":"2022-12-07T15:14:51","modified_gmt":"2022-12-07T15:14:51","slug":"termos-e-condicoes","status":"publish","type":"page","link":"https:\/\/bestarbelegendary.com\/es\/termos-e-condicoes\/","title":{"rendered":"T\u00e9rminos y Condiciones"},"content":{"rendered":"<p><strong>Recogida de datos e informaci\u00f3n general<\/strong><br \/>\nEl sitio web de Be Star Be Legendary recopila una serie de datos generales e informaci\u00f3n cuando un el sujeto de los datos o el sistema automatizado accede al sitio web. Estos datos e informaciones generales son almacenados en los archivos de registro del servidor. Entre los elementos recogidos pueden estar:<br \/>\n(1) los tipos de navegadores y las versiones utilizadas<br \/>\n(2) el sistema operativo utilizado por el sistema de acceso<br \/>\n(3) el sitio web desde el que un sistema de acceso llega a nuestro sitio web (denominado remitentes)<br \/>\n(4) fecha y hora de acceso al sitio web<br \/>\n(5) direcci\u00f3n de Internet (direcci\u00f3n IP)<br \/>\n(6) proveedor de servicios de Internet del sistema de acceso (ISP)<br \/>\n(8) cualquier otro dato e informaci\u00f3n que pueda utilizarse en caso de ataques a<br \/>\nnuestros sistemas de tecnolog\u00eda de la informaci\u00f3n.<\/p>\n<p>Al utilizar estos datos e informaci\u00f3n generales, el sitio web de Be Star Be Legendary no extrae ninguna conclusiones sobre el sujeto de los datos.<br \/>\nPor el contrario, esta informaci\u00f3n es necesaria para:<br \/>\n(1) entregar el contenido de nuestro sitio web correctamente al usuario<br \/>\n(2) optimizar el contenido de nuestro sitio web, as\u00ed como su publicidad<br \/>\n(3) garantizar la viabilidad a largo plazo de nuestros sistemas inform\u00e1ticos y<br \/>\ntecnolog\u00eda del sitio web<br \/>\n(4) proporcionar a las autoridades policiales la informaci\u00f3n necesaria para la persecuci\u00f3n penal en el el caso de un ciberataque.<\/p>\n<p>Por lo tanto, Be Star Be Legendary analiza los datos e informaci\u00f3n recogidos de forma an\u00f3nima con el objetivo de aumentar la protecci\u00f3n y la seguridad de los datos de nuestra empresa y garantizar un nivel \u00f3ptimo de protecci\u00f3n de los datos personales que tratamos. Los datos los datos an\u00f3nimos de los archivos de registro del servidor se almacenan por separado de todos los datos personales los datos personales facilitados por el interesado.<br \/>\nGarantizamos a los usuarios que no se facilitar\u00e1 ning\u00fan dato personal a terceros sin el consentimiento del interesado y que ning\u00fan dato personal que se nos facilite<br \/>\nse suministrar\u00e1, de forma gratuita o comercial, a las empresas de comercializaci\u00f3n.<\/p>\n<p><strong>Cu\u00e1l es la finalidad de los datos recogidos?<\/strong><br \/>\nLos datos personales facilitados voluntariamente por un interesado se conservan durante con el fin de procesar o contactar con el interesado.<\/p>\n<p><strong>RGPD<\/strong><br \/>\nLa declaraci\u00f3n de protecci\u00f3n de datos de Be Star Be Legendary se basa en los t\u00e9rminos utilizados por el legislador europeo para la adopci\u00f3n del Reglamento General de Protecci\u00f3n de Datos (RGPD).<br \/>\nEl tratamiento de datos personales, como el nombre, la direcci\u00f3n, la direcci\u00f3n de correo electr\u00f3nico o el n\u00famero de tel\u00e9fono, sigue las normas establecidas en el Reglamento General de Protecci\u00f3n de Datos (RGPD)<br \/>\ny son conformes a la legislaci\u00f3n de protecci\u00f3n de datos aplicada en Portugal.<br \/>\nBe Star Be Legendary ha aplicado medidas para garantizar la protecci\u00f3n de los datos personales procesado a trav\u00e9s de este sitio web. Sin embargo, las transmisiones de datos por Internet puede, en principio, tener lagunas de seguridad, por lo que la protecci\u00f3n absoluta no puede ser garantizado.<br \/>\nCada interesado tendr\u00e1 el derecho, que le otorga el legislador europeo, de retirar su consentimiento para el tratamiento de sus datos personales en cualquier momento.<br \/>\nSi el interesado desea ejercer el derecho a retirar su consentimiento, podr\u00e1, en cualquier momento, p\u00f3ngase en contacto con Be Star Be Legendary.<\/p>","protected":false},"excerpt":{"rendered":"<p>Recogida de datos e informaci\u00f3n general El sitio web de Be Star Be Legendary recopila una serie de datos generales e informaci\u00f3n cuando un el sujeto de los datos o el sistema automatizado accede al sitio web. Estos datos e informaciones generales son almacenados en los archivos de registro del servidor. Entre los elementos recogidos [&hellip;]<\/p>\n","protected":false},"author":1,"featured_media":805,"parent":0,"menu_order":0,"comment_status":"closed","ping_status":"closed","template":"","meta":{"footnotes":""},"class_list":["post-803","page","type-page","status-publish","has-post-thumbnail","hentry"],"yoast_head":"<!-- This site is optimized with the Yoast SEO plugin v26.0 - https:\/\/yoast.com\/wordpress\/plugins\/seo\/ -->\n<title>T\u00e9rminos y Condiciones - be star be legendary<\/title>\n<meta name=\"robots\" content=\"index, follow, max-snippet:-1, max-image-preview:large, max-video-preview:-1\" \/>\n<link rel=\"canonical\" href=\"https:\/\/bestarbelegendary.com\/es\/termos-e-condicoes\/\" \/>\n<meta property=\"og:locale\" content=\"es_ES\" \/>\n<meta property=\"og:type\" content=\"article\" \/>\n<meta property=\"og:title\" content=\"T\u00e9rminos y Condiciones - be star be legendary\" \/>\n<meta property=\"og:description\" content=\"Recogida de datos e informaci\u00f3n general El sitio web de Be Star Be Legendary recopila una serie de datos generales e informaci\u00f3n cuando un el sujeto de los datos o el sistema automatizado accede al sitio web. Estos datos e informaciones generales son almacenados en los archivos de registro del servidor. Entre los elementos recogidos [&hellip;]\" \/>\n<meta property=\"og:url\" content=\"https:\/\/bestarbelegendary.com\/es\/termos-e-condicoes\/\" \/>\n<meta property=\"og:site_name\" content=\"be star be legendary\" \/>\n<meta property=\"article:modified_time\" content=\"2022-12-07T15:14:51+00:00\" \/>\n<meta property=\"og:image\" content=\"https:\/\/bestarbelegendary.com\/wp-content\/uploads\/2022\/12\/arisa-chattasa-0LaBRkmH4fM-unsplash-scaled.jpg\" \/>\n\t<meta property=\"og:image:width\" content=\"2048\" \/>\n\t<meta property=\"og:image:height\" content=\"1152\" \/>\n\t<meta property=\"og:image:type\" content=\"image\/jpeg\" \/>\n<meta name=\"twitter:card\" content=\"summary_large_image\" \/>\n<meta name=\"twitter:label1\" content=\"Tiempo de lectura\" \/>\n\t<meta name=\"twitter:data1\" content=\"3 minutos\" \/>\n<script type=\"application\/ld+json\" class=\"yoast-schema-graph\">{\"@context\":\"https:\/\/schema.org\",\"@graph\":[{\"@type\":\"WebPage\",\"@id\":\"https:\/\/bestarbelegendary.com\/es\/termos-e-condicoes\/\",\"url\":\"https:\/\/bestarbelegendary.com\/es\/termos-e-condicoes\/\",\"name\":\"T\u00e9rminos y Condiciones - be star be legendary\",\"isPartOf\":{\"@id\":\"https:\/\/bestarbelegendary.com\/es\/#website\"},\"primaryImageOfPage\":{\"@id\":\"https:\/\/bestarbelegendary.com\/es\/termos-e-condicoes\/#primaryimage\"},\"image\":{\"@id\":\"https:\/\/bestarbelegendary.com\/termos-e-condicoes\/#primaryimage\"},\"thumbnailUrl\":\"https:\/\/bestarbelegendary.com\/wp-content\/uploads\/2022\/12\/arisa-chattasa-0LaBRkmH4fM-unsplash-scaled.jpg\",\"datePublished\":\"2022-12-06T18:37:57+00:00\",\"dateModified\":\"2022-12-07T15:14:51+00:00\",\"breadcrumb\":{\"@id\":\"https:\/\/bestarbelegendary.com\/es\/termos-e-condicoes\/#breadcrumb\"},\"inLanguage\":\"es\",\"potentialAction\":[{\"@type\":\"ReadAction\",\"target\":[[\"https:\/\/bestarbelegendary.com\/es\/termos-e-condicoes\/\"]]}]},{\"@type\":\"ImageObject\",\"inLanguage\":\"es\",\"@id\":\"https:\/\/bestarbelegendary.com\/es\/termos-e-condicoes\/#primaryimage\",\"url\":\"https:\/\/bestarbelegendary.com\/wp-content\/uploads\/2022\/12\/arisa-chattasa-0LaBRkmH4fM-unsplash-scaled.jpg\",\"contentUrl\":\"https:\/\/bestarbelegendary.com\/wp-content\/uploads\/2022\/12\/arisa-chattasa-0LaBRkmH4fM-unsplash-scaled.jpg\",\"width\":2048,\"height\":1152},{\"@type\":\"BreadcrumbList\",\"@id\":\"https:\/\/bestarbelegendary.com\/es\/termos-e-condicoes\/#breadcrumb\",\"itemListElement\":[{\"@type\":\"ListItem\",\"position\":1,\"name\":\"In\u00edcio\",\"item\":\"https:\/\/bestarbelegendary.com\/es\/\"},{\"@type\":\"ListItem\",\"position\":2,\"name\":\"Termos e Condi\u00e7\u00f5es\"}]},{\"@type\":\"WebSite\",\"@id\":\"https:\/\/bestarbelegendary.com\/es\/#website\",\"url\":\"https:\/\/bestarbelegendary.com\/es\/\",\"name\":\"be star be legendary\",\"description\":\"www.bestarbelegendary.com\",\"potentialAction\":[{\"@type\":\"SearchAction\",\"target\":{\"@type\":\"EntryPoint\",\"urlTemplate\":\"https:\/\/bestarbelegendary.com\/es\/?s={search_term_string}\"},\"query-input\":{\"@type\":\"PropertyValueSpecification\",\"valueRequired\":true,\"valueName\":\"search_term_string\"}}],\"inLanguage\":\"es\"}]}<\/script>\n<!-- \/ Yoast SEO plugin. -->","yoast_head_json":{"title":"T\u00e9rminos y Condiciones - be star be legendary","robots":{"index":"index","follow":"follow","max-snippet":"max-snippet:-1","max-image-preview":"max-image-preview:large","max-video-preview":"max-video-preview:-1"},"canonical":"https:\/\/bestarbelegendary.com\/es\/termos-e-condicoes\/","og_locale":"es_ES","og_type":"article","og_title":"T\u00e9rminos y Condiciones - be star be legendary","og_description":"Recogida de datos e informaci\u00f3n general El sitio web de Be Star Be Legendary recopila una serie de datos generales e informaci\u00f3n cuando un el sujeto de los datos o el sistema automatizado accede al sitio web. Estos datos e informaciones generales son almacenados en los archivos de registro del servidor. Entre los elementos recogidos [&hellip;]","og_url":"https:\/\/bestarbelegendary.com\/es\/termos-e-condicoes\/","og_site_name":"be star be legendary","article_modified_time":"2022-12-07T15:14:51+00:00","og_image":[{"width":2048,"height":1152,"url":"https:\/\/bestarbelegendary.com\/wp-content\/uploads\/2022\/12\/arisa-chattasa-0LaBRkmH4fM-unsplash-scaled.jpg","type":"image\/jpeg"}],"twitter_card":"summary_large_image","twitter_misc":{"Tiempo de lectura":"3 minutos"},"schema":{"@context":"https:\/\/schema.org","@graph":[{"@type":"WebPage","@id":"https:\/\/bestarbelegendary.com\/es\/termos-e-condicoes\/","url":"https:\/\/bestarbelegendary.com\/es\/termos-e-condicoes\/","name":"T\u00e9rminos y Condiciones - be star be legendary","isPartOf":{"@id":"https:\/\/bestarbelegendary.com\/es\/#website"},"primaryImageOfPage":{"@id":"https:\/\/bestarbelegendary.com\/es\/termos-e-condicoes\/#primaryimage"},"image":{"@id":"https:\/\/bestarbelegendary.com\/termos-e-condicoes\/#primaryimage"},"thumbnailUrl":"https:\/\/bestarbelegendary.com\/wp-content\/uploads\/2022\/12\/arisa-chattasa-0LaBRkmH4fM-unsplash-scaled.jpg","datePublished":"2022-12-06T18:37:57+00:00","dateModified":"2022-12-07T15:14:51+00:00","breadcrumb":{"@id":"https:\/\/bestarbelegendary.com\/es\/termos-e-condicoes\/#breadcrumb"},"inLanguage":"es","potentialAction":[{"@type":"ReadAction","target":[["https:\/\/bestarbelegendary.com\/es\/termos-e-condicoes\/"]]}]},{"@type":"ImageObject","inLanguage":"es","@id":"https:\/\/bestarbelegendary.com\/es\/termos-e-condicoes\/#primaryimage","url":"https:\/\/bestarbelegendary.com\/wp-content\/uploads\/2022\/12\/arisa-chattasa-0LaBRkmH4fM-unsplash-scaled.jpg","contentUrl":"https:\/\/bestarbelegendary.com\/wp-content\/uploads\/2022\/12\/arisa-chattasa-0LaBRkmH4fM-unsplash-scaled.jpg","width":2048,"height":1152},{"@type":"BreadcrumbList","@id":"https:\/\/bestarbelegendary.com\/es\/termos-e-condicoes\/#breadcrumb","itemListElement":[{"@type":"ListItem","position":1,"name":"In\u00edcio","item":"https:\/\/bestarbelegendary.com\/es\/"},{"@type":"ListItem","position":2,"name":"Termos e Condi\u00e7\u00f5es"}]},{"@type":"WebSite","@id":"https:\/\/bestarbelegendary.com\/es\/#website","url":"https:\/\/bestarbelegendary.com\/es\/","name":"be star be legendary","description":"www.bestarbelegendary.com","potentialAction":[{"@type":"SearchAction","target":{"@type":"EntryPoint","urlTemplate":"https:\/\/bestarbelegendary.com\/es\/?s={search_term_string}"},"query-input":{"@type":"PropertyValueSpecification","valueRequired":true,"valueName":"search_term_string"}}],"inLanguage":"es"}]}},"_links":{"self":[{"href":"https:\/\/bestarbelegendary.com\/es\/wp-json\/wp\/v2\/pages\/803","targetHints":{"allow":["GET"]}}],"collection":[{"href":"https:\/\/bestarbelegendary.com\/es\/wp-json\/wp\/v2\/pages"}],"about":[{"href":"https:\/\/bestarbelegendary.com\/es\/wp-json\/wp\/v2\/types\/page"}],"author":[{"embeddable":true,"href":"https:\/\/bestarbelegendary.com\/es\/wp-json\/wp\/v2\/users\/1"}],"replies":[{"embeddable":true,"href":"https:\/\/bestarbelegendary.com\/es\/wp-json\/wp\/v2\/comments?post=803"}],"version-history":[{"count":3,"href":"https:\/\/bestarbelegendary.com\/es\/wp-json\/wp\/v2\/pages\/803\/revisions"}],"predecessor-version":[{"id":821,"href":"https:\/\/bestarbelegendary.com\/es\/wp-json\/wp\/v2\/pages\/803\/revisions\/821"}],"wp:featuredmedia":[{"embeddable":true,"href":"https:\/\/bestarbelegendary.com\/es\/wp-json\/wp\/v2\/media\/805"}],"wp:attachment":[{"href":"https:\/\/bestarbelegendary.com\/es\/wp-json\/wp\/v2\/media?parent=803"}],"curies":[{"name":"wp","href":"https:\/\/api.w.org\/{rel}","templated":true}]}}