{"id":7,"date":"2022-07-01T21:22:13","date_gmt":"2022-07-01T20:22:13","guid":{"rendered":"https:\/\/bestarbelegendary.com\/home\/"},"modified":"2022-07-04T14:34:38","modified_gmt":"2022-07-04T13:34:38","slug":"home","status":"publish","type":"page","link":"https:\/\/bestarbelegendary.com\/es\/","title":{"rendered":"Home"},"content":{"rendered":"<p class=\"qtranxs-available-languages-message qtranxs-available-languages-message-es\">Disculpa, pero esta entrada est\u00e1 disponible s\u00f3lo en <a href=\"https:\/\/bestarbelegendary.com\/pt\/wp-json\/wp\/v2\/pages\/7\" class=\"qtranxs-available-language-link qtranxs-available-language-link-pt\" title=\"Portugu\u00eas\">Portugu\u00eas<\/a>.<\/p>","protected":false},"excerpt":{"rendered":"<p>Disculpa, pero esta entrada est\u00e1 disponible s\u00f3lo en Portugu\u00eas.<\/p>\n","protected":false},"author":1,"featured_media":0,"parent":0,"menu_order":0,"comment_status":"closed","ping_status":"closed","template":"","meta":{"footnotes":""},"class_list":["post-7","page","type-page","status-publish","hentry"],"yoast_head":"<!-- This site is optimized with the Yoast SEO plugin v26.0 - https:\/\/yoast.com\/wordpress\/plugins\/seo\/ -->\n<title>be star be legendary - www.bestarbelegendary.com<\/title>\n<meta name=\"robots\" content=\"index, follow, max-snippet:-1, max-image-preview:large, max-video-preview:-1\" \/>\n<link rel=\"canonical\" href=\"https:\/\/bestarbelegendary.com\/es\/\" \/>\n<meta property=\"og:locale\" content=\"es_ES\" \/>\n<meta property=\"og:type\" content=\"article\" \/>\n<meta property=\"og:title\" content=\"be star be legendary - www.bestarbelegendary.com\" \/>\n<meta property=\"og:description\" content=\"Disculpa, pero esta entrada est\u00e1 disponible s\u00f3lo en Portugu\u00eas.\" \/>\n<meta property=\"og:url\" content=\"https:\/\/bestarbelegendary.com\/es\/\" \/>\n<meta property=\"og:site_name\" content=\"be star be legendary\" \/>\n<meta property=\"article:modified_time\" content=\"2022-07-04T13:34:38+00:00\" \/>\n<meta name=\"twitter:card\" content=\"summary_large_image\" \/>\n<script type=\"application\/ld+json\" class=\"yoast-schema-graph\">{\"@context\":\"https:\/\/schema.org\",\"@graph\":[{\"@type\":\"WebPage\",\"@id\":\"https:\/\/bestarbelegendary.com\/es\/\",\"url\":\"https:\/\/bestarbelegendary.com\/es\/\",\"name\":\"be star be legendary - www.bestarbelegendary.com\",\"isPartOf\":{\"@id\":\"https:\/\/bestarbelegendary.com\/es\/#website\"},\"datePublished\":\"2022-07-01T20:22:13+00:00\",\"dateModified\":\"2022-07-04T13:34:38+00:00\",\"breadcrumb\":{\"@id\":\"https:\/\/bestarbelegendary.com\/es\/#breadcrumb\"},\"inLanguage\":\"es\",\"potentialAction\":[{\"@type\":\"ReadAction\",\"target\":[[\"https:\/\/bestarbelegendary.com\/es\/\"]]}]},{\"@type\":\"BreadcrumbList\",\"@id\":\"https:\/\/bestarbelegendary.com\/es\/#breadcrumb\",\"itemListElement\":[{\"@type\":\"ListItem\",\"position\":1,\"name\":\"In\u00edcio\",\"item\":\"https:\/\/bestarbelegendary.com\/es\/\"},{\"@type\":\"ListItem\",\"position\":2,\"name\":\"Home\"}]},{\"@type\":\"WebSite\",\"@id\":\"https:\/\/bestarbelegendary.com\/es\/#website\",\"url\":\"https:\/\/bestarbelegendary.com\/es\/\",\"name\":\"be star be legendary\",\"description\":\"www.bestarbelegendary.com\",\"potentialAction\":[{\"@type\":\"SearchAction\",\"target\":{\"@type\":\"EntryPoint\",\"urlTemplate\":\"https:\/\/bestarbelegendary.com\/es\/?s={search_term_string}\"},\"query-input\":{\"@type\":\"PropertyValueSpecification\",\"valueRequired\":true,\"valueName\":\"search_term_string\"}}],\"inLanguage\":\"es\"}]}<\/script>\n<!-- \/ Yoast SEO plugin. -->","yoast_head_json":{"title":"be star be legendary - www.bestarbelegendary.com","robots":{"index":"index","follow":"follow","max-snippet":"max-snippet:-1","max-image-preview":"max-image-preview:large","max-video-preview":"max-video-preview:-1"},"canonical":"https:\/\/bestarbelegendary.com\/es\/","og_locale":"es_ES","og_type":"article","og_title":"be star be legendary - www.bestarbelegendary.com","og_description":"Disculpa, pero esta entrada est\u00e1 disponible s\u00f3lo en Portugu\u00eas.","og_url":"https:\/\/bestarbelegendary.com\/es\/","og_site_name":"be star be legendary","article_modified_time":"2022-07-04T13:34:38+00:00","twitter_card":"summary_large_image","schema":{"@context":"https:\/\/schema.org","@graph":[{"@type":"WebPage","@id":"https:\/\/bestarbelegendary.com\/es\/","url":"https:\/\/bestarbelegendary.com\/es\/","name":"be star be legendary - www.bestarbelegendary.com","isPartOf":{"@id":"https:\/\/bestarbelegendary.com\/es\/#website"},"datePublished":"2022-07-01T20:22:13+00:00","dateModified":"2022-07-04T13:34:38+00:00","breadcrumb":{"@id":"https:\/\/bestarbelegendary.com\/es\/#breadcrumb"},"inLanguage":"es","potentialAction":[{"@type":"ReadAction","target":[["https:\/\/bestarbelegendary.com\/es\/"]]}]},{"@type":"BreadcrumbList","@id":"https:\/\/bestarbelegendary.com\/es\/#breadcrumb","itemListElement":[{"@type":"ListItem","position":1,"name":"In\u00edcio","item":"https:\/\/bestarbelegendary.com\/es\/"},{"@type":"ListItem","position":2,"name":"Home"}]},{"@type":"WebSite","@id":"https:\/\/bestarbelegendary.com\/es\/#website","url":"https:\/\/bestarbelegendary.com\/es\/","name":"be star be legendary","description":"www.bestarbelegendary.com","potentialAction":[{"@type":"SearchAction","target":{"@type":"EntryPoint","urlTemplate":"https:\/\/bestarbelegendary.com\/es\/?s={search_term_string}"},"query-input":{"@type":"PropertyValueSpecification","valueRequired":true,"valueName":"search_term_string"}}],"inLanguage":"es"}]}},"_links":{"self":[{"href":"https:\/\/bestarbelegendary.com\/es\/wp-json\/wp\/v2\/pages\/7","targetHints":{"allow":["GET"]}}],"collection":[{"href":"https:\/\/bestarbelegendary.com\/es\/wp-json\/wp\/v2\/pages"}],"about":[{"href":"https:\/\/bestarbelegendary.com\/es\/wp-json\/wp\/v2\/types\/page"}],"author":[{"embeddable":true,"href":"https:\/\/bestarbelegendary.com\/es\/wp-json\/wp\/v2\/users\/1"}],"replies":[{"embeddable":true,"href":"https:\/\/bestarbelegendary.com\/es\/wp-json\/wp\/v2\/comments?post=7"}],"version-history":[{"count":3,"href":"https:\/\/bestarbelegendary.com\/es\/wp-json\/wp\/v2\/pages\/7\/revisions"}],"predecessor-version":[{"id":467,"href":"https:\/\/bestarbelegendary.com\/es\/wp-json\/wp\/v2\/pages\/7\/revisions\/467"}],"wp:attachment":[{"href":"https:\/\/bestarbelegendary.com\/es\/wp-json\/wp\/v2\/media?parent=7"}],"curies":[{"name":"wp","href":"https:\/\/api.w.org\/{rel}","templated":true}]}}