{"id":24,"date":"2022-07-01T21:22:17","date_gmt":"2022-07-01T20:22:17","guid":{"rendered":"https:\/\/bestarbelegendary.com\/formacao\/"},"modified":"2022-10-12T17:56:59","modified_gmt":"2022-10-12T16:56:59","slug":"formacao","status":"publish","type":"page","link":"https:\/\/bestarbelegendary.com\/es\/formacao\/","title":{"rendered":"Capacitaci\u00f3n"},"content":{"rendered":"<p><\/p>\n<h3><strong>Cambie su visi\u00f3n<\/strong><\/h3>\n<p>Un d\u00eda alguien nos hizo a cada uno de nosotros algunas preguntas que ahora queremos hacerle a usted.<\/p>\n<figure id=\"attachment_235\" aria-describedby=\"caption-attachment-235\" style=\"width: 600px\" class=\"wp-caption aligncenter\"><img decoding=\"async\" class=\"wp-image-235 size-medium\" src=\"https:\/\/bestarbelegendary.com\/wp-content\/uploads\/2022\/07\/equipa-2-600x314.jpg\" alt=\"\" width=\"600\" height=\"314\" srcset=\"https:\/\/bestarbelegendary.com\/wp-content\/uploads\/2022\/07\/equipa-2-600x314.jpg 600w, https:\/\/bestarbelegendary.com\/wp-content\/uploads\/2022\/07\/equipa-2-768x402.jpg 768w, https:\/\/bestarbelegendary.com\/wp-content\/uploads\/2022\/07\/equipa-2.jpg 956w\" sizes=\"(max-width: 600px) 100vw, 600px\" \/><figcaption id=\"caption-attachment-235\" class=\"wp-caption-text\">F\u00e1tima Silva, Bruno Gon\u00e7alves, Roger Vilar, Sofia Costa, Iolanda Grenha, Teresa Freitas e Andr\u00e9 Martins<\/figcaption><\/figure>\n<p><strong>&#8211; Alguna vez has querido cambiar tu vida, pero has dudado de ti mismo y de tus capacidades? Crees que no eres capaz.<\/strong><\/p>\n<p><strong>&#8211; Crees que tienes mala suerte y que una vida mejor no es para ti?<\/strong><\/p>\n<p><strong>&#8211; Alguna vez se ha sentido perdido y no est\u00e1 seguro de cu\u00e1l es su prop\u00f3sito en la vida?<\/strong><\/p>\n<p><strong>&#8211; Alguna vez has tenido la sensaci\u00f3n de haber conseguido los objetivos que te hab\u00edas propuesto, pero al final no sientes ninguna satisfacci\u00f3n?<\/strong><\/p>\n<p><strong>&#8211; Alguna vez has sentido que cuando compartes tu forma de pensar y tus ideas nadie te entiende ni te valora, e incluso puede que te juzguen?<\/strong><\/p>\n<p><strong>&#8211; Has sentido alguna vez que, por mucho que te esfuerces, no te sientes feliz?<\/strong><\/p>\n<p><strong>&#8211; Tiene poco tiempo para hacer lo que le gusta y para estar con sus seres queridos?<\/strong><\/p>\n<p>Todos hemos sentido el impacto de una de estas preguntas, porque reflejaba alg\u00fan aspecto de nuestra vida que nos causaba malestar. Si t\u00fa tambi\u00e9n te identificas con esto, es porque no est\u00e1s invirtiendo en ti y trabajando tu mente como deber\u00edas.<\/p>\n<p>Te has preguntado alguna vez por qu\u00e9 vamos varias veces al gimnasio, por ejemplo, pero quiz\u00e1 nunca lees ning\u00fan libro, ni haces ning\u00fan entrenamiento que pueda ayudarte a tener una vida m\u00e1s feliz?<\/p>\n<p>Vivimos en una \u00e9poca en la que se viven muchas apariencias y se fomenta el culto al cuerpo. No hay nada malo en ello, pero como todo en la vida tiene que haber un equilibrio. Nuestro bienestar empieza desde dentro hacia fuera. Cuando est\u00e1s bien por dentro, esto se reflejar\u00e1 en el exterior. De hecho, imagina a alguien que empieza una sesi\u00f3n de entrenamiento en el gimnasio, o una dieta, pero se siente completamente desmotivado, \u00bfdurante cu\u00e1nto tiempo ser\u00e1 constante esa persona? \u00bfQu\u00e9 resultados obtendr\u00e1n? Todo comienza en nuestra mente, es la mente la que tiene el poder de llevarnos al \u00e9xito, o al fracaso total en cualquier \u00e1rea de nuestra vida.<\/p>\n<figure id=\"attachment_513\" aria-describedby=\"caption-attachment-513\" style=\"width: 600px\" class=\"wp-caption aligncenter\"><img decoding=\"async\" class=\"wp-image-513 size-medium\" src=\"https:\/\/bestarbelegendary.com\/wp-content\/uploads\/2022\/09\/Web_Photo_Editor-27-600x398.jpg\" alt=\"\" width=\"600\" height=\"398\" srcset=\"https:\/\/bestarbelegendary.com\/wp-content\/uploads\/2022\/09\/Web_Photo_Editor-27-600x398.jpg 600w, https:\/\/bestarbelegendary.com\/wp-content\/uploads\/2022\/09\/Web_Photo_Editor-27-768x510.jpg 768w, https:\/\/bestarbelegendary.com\/wp-content\/uploads\/2022\/09\/Web_Photo_Editor-27.jpg 967w\" sizes=\"(max-width: 600px) 100vw, 600px\" \/><figcaption id=\"caption-attachment-513\" class=\"wp-caption-text\">Jantar tem\u00e1tico num Congresso | Paula Perry, Sam, Daniela Lima, Roger Vilar, Sofia Costa, Teresa Freitas, Iolanda Grenha, Eduardo Ara\u00fajo, Paulo, Bruno Gon\u00e7alves<\/figcaption><\/figure>\n<p>Cuando decidimos decir s\u00ed a esta oportunidad, entramos en el mundo del desarrollo personal y fue realmente transformador para cada uno de nosotros. No s\u00f3lo a nivel profesional, sino tambi\u00e9n a nivel personal. Hemos aprendido tanto que un texto no ser\u00eda suficiente para describirlo&#8230;<\/p>\n<p>A nivel profesional hemos aprendido, por ejemplo: c\u00f3mo gestionar mejor nuestro tiempo, c\u00f3mo aumentar nuestra motivaci\u00f3n y concentraci\u00f3n, c\u00f3mo establecer objetivos, c\u00f3mo afrontar mejor los retos, c\u00f3mo comunicarnos de forma m\u00e1s eficiente, desarrollar habilidades de liderazgo, etc.<\/p>\n<p>A nivel personal, entre otros aspectos, aprendemos: a gestionar nuestras emociones de forma m\u00e1s inteligente, a tener relaciones familiares m\u00e1s satisfactorias, a ser mejores padres, a aumentar la confianza en nosotros mismos, etc.<\/p>\n<figure id=\"attachment_537\" aria-describedby=\"caption-attachment-537\" style=\"width: 526px\" class=\"wp-caption aligncenter\"><img decoding=\"async\" class=\"wp-image-537 size-full\" src=\"https:\/\/bestarbelegendary.com\/wp-content\/uploads\/2022\/09\/Eduardo-e-Bruno.jpg\" alt=\"\" width=\"526\" height=\"789\" \/><figcaption id=\"caption-attachment-537\" class=\"wp-caption-text\">Jantar tem\u00e1tico de Congresso: Eduardo Ara\u00fajo &#8211; @instagram.com\/edward_araujo97 | Bruno Gon\u00e7alves &#8211; @instagram\/brunog_29<\/figcaption><\/figure>\n<p>Su Gimnasio Mental le ofrece un programa de formaci\u00f3n de desarrollo personal completo y asequible. El objetivo principal es dar a cualquier persona las herramientas adecuadas para construir la vida que desea. Aquellos que realmente quieran mejorar su vida tendr\u00e1n un acompa\u00f1amiento constante para garantizar resultados reales y duraderos en la mejora de la calidad de vida, en sus diferentes \u00e1mbitos.<\/p>\n<p>El desarrollo fue el primer paso para que nuestras vidas empezaran por fin a cambiar, despu\u00e9s de tantos intentos frustrados por los que todos hemos pasado. Hoy en d\u00eda vivimos la vida con m\u00e1s sabidur\u00eda, lo que nos aporta confianza y, en consecuencia, tranquilidad. Conseguimos potenciar los resultados, superar con mucha m\u00e1s facilidad cualquier obst\u00e1culo que pueda surgir en el camino.\u00a0 Y somos conscientes de que con concentraci\u00f3n, persistencia, constancia y voluntad de aprender, nuestro crecimiento ser\u00e1 continuo.<\/p>\n<h3><strong>Academia de formacion<\/strong><\/h3>\n<figure id=\"attachment_261\" aria-describedby=\"caption-attachment-261\" style=\"width: 600px\" class=\"wp-caption aligncenter\"><img decoding=\"async\" class=\"wp-image-261 size-medium\" src=\"https:\/\/bestarbelegendary.com\/wp-content\/uploads\/2022\/07\/Roger-editada-600x399.jpg\" alt=\"\" width=\"600\" height=\"399\" srcset=\"https:\/\/bestarbelegendary.com\/wp-content\/uploads\/2022\/07\/Roger-editada-600x399.jpg 600w, https:\/\/bestarbelegendary.com\/wp-content\/uploads\/2022\/07\/Roger-editada-768x511.jpg 768w, https:\/\/bestarbelegendary.com\/wp-content\/uploads\/2022\/07\/Roger-editada.jpg 955w\" sizes=\"(max-width: 600px) 100vw, 600px\" \/><figcaption id=\"caption-attachment-261\" class=\"wp-caption-text\">Roger Vilar | @instagram.com\/rogervilar_go_pro<\/figcaption><\/figure>\n<p>Propone un abordaje multidisciplinario principalmente al Desarrollo Personal, explorando \u00e1reas como la Programaci\u00f3n Neuroling\u00fc\u00edstica (PNL), Coaching, Hipnosis, Psicolog\u00eda, Liderazgo y Persuasi\u00f3n. M\u00e1s que un conjunto de cursos, promovemos nuestra propia cultura, que reconoce que la clave para tener \u00e9xito profesional y una vida feliz reside en las relaciones que somos capaces de construir (empezando por las que tenemos con nosotros mismos).<\/p>\n<figure id=\"attachment_195\" aria-describedby=\"caption-attachment-195\" style=\"width: 600px\" class=\"wp-caption aligncenter\"><img decoding=\"async\" class=\"size-medium wp-image-195\" src=\"https:\/\/bestarbelegendary.com\/wp-content\/uploads\/2022\/07\/PicsArt_07-05-05.52.04-600x409.jpg\" alt=\"\" width=\"600\" height=\"409\" srcset=\"https:\/\/bestarbelegendary.com\/wp-content\/uploads\/2022\/07\/PicsArt_07-05-05.52.04-600x409.jpg 600w, https:\/\/bestarbelegendary.com\/wp-content\/uploads\/2022\/07\/PicsArt_07-05-05.52.04-1150x784.jpg 1150w, https:\/\/bestarbelegendary.com\/wp-content\/uploads\/2022\/07\/PicsArt_07-05-05.52.04-768x523.jpg 768w, https:\/\/bestarbelegendary.com\/wp-content\/uploads\/2022\/07\/PicsArt_07-05-05.52.04-1536x1047.jpg 1536w, https:\/\/bestarbelegendary.com\/wp-content\/uploads\/2022\/07\/PicsArt_07-05-05.52.04.jpg 1736w\" sizes=\"(max-width: 600px) 100vw, 600px\" \/><figcaption id=\"caption-attachment-195\" class=\"wp-caption-text\">Sofia Costa | @instagram.comsofia_mumboss_traveler<\/figcaption><\/figure>\n<p>&nbsp;<\/p>\n<figure id=\"attachment_260\" aria-describedby=\"caption-attachment-260\" style=\"width: 600px\" class=\"wp-caption aligncenter\"><img decoding=\"async\" class=\"size-medium wp-image-260\" src=\"https:\/\/bestarbelegendary.com\/wp-content\/uploads\/2022\/07\/1658943885562-600x412.jpg\" alt=\"\" width=\"600\" height=\"412\" srcset=\"https:\/\/bestarbelegendary.com\/wp-content\/uploads\/2022\/07\/1658943885562-600x412.jpg 600w, https:\/\/bestarbelegendary.com\/wp-content\/uploads\/2022\/07\/1658943885562-768x528.jpg 768w, https:\/\/bestarbelegendary.com\/wp-content\/uploads\/2022\/07\/1658943885562.jpg 783w\" sizes=\"(max-width: 600px) 100vw, 600px\" \/><figcaption id=\"caption-attachment-260\" class=\"wp-caption-text\">Iolanda Grenha | https:\/\/iolandagrenha.com\/<\/figcaption><\/figure>\n<p>&nbsp;<\/p>\n<figure id=\"attachment_213\" aria-describedby=\"caption-attachment-213\" style=\"width: 600px\" class=\"wp-caption aligncenter\"><img decoding=\"async\" class=\"wp-image-213 size-medium\" src=\"https:\/\/bestarbelegendary.com\/wp-content\/uploads\/2022\/07\/Fatima-600x569.jpg\" alt=\"\" width=\"600\" height=\"569\" srcset=\"https:\/\/bestarbelegendary.com\/wp-content\/uploads\/2022\/07\/Fatima-600x569.jpg 600w, https:\/\/bestarbelegendary.com\/wp-content\/uploads\/2022\/07\/Fatima-768x728.jpg 768w, https:\/\/bestarbelegendary.com\/wp-content\/uploads\/2022\/07\/Fatima.jpg 881w\" sizes=\"(max-width: 600px) 100vw, 600px\" \/><figcaption id=\"caption-attachment-213\" class=\"wp-caption-text\">F\u00e1tima Silva | https:\/\/www.instagram.com\/ganheiasasparavoar\/<\/figcaption><\/figure>\n<p>&nbsp;<\/p>","protected":false},"excerpt":{"rendered":"<p>Cambie su visi\u00f3n Un d\u00eda alguien nos hizo a cada uno de nosotros algunas preguntas que ahora queremos hacerle a usted. &#8211; Alguna vez has querido cambiar tu vida, pero has dudado de ti mismo y de tus capacidades? Crees que no eres capaz. &#8211; Crees que tienes mala suerte y que una vida mejor [&hellip;]<\/p>\n","protected":false},"author":1,"featured_media":523,"parent":0,"menu_order":0,"comment_status":"closed","ping_status":"closed","template":"templates\/formacao.php","meta":{"footnotes":""},"class_list":["post-24","page","type-page","status-publish","has-post-thumbnail","hentry"],"yoast_head":"<!-- This site is optimized with the Yoast SEO plugin v26.0 - https:\/\/yoast.com\/wordpress\/plugins\/seo\/ -->\n<title>Capacitaci\u00f3n - be star be legendary<\/title>\n<meta name=\"robots\" content=\"index, follow, max-snippet:-1, max-image-preview:large, max-video-preview:-1\" \/>\n<link rel=\"canonical\" href=\"https:\/\/bestarbelegendary.com\/es\/formacao\/\" \/>\n<meta property=\"og:locale\" content=\"es_ES\" \/>\n<meta property=\"og:type\" content=\"article\" \/>\n<meta property=\"og:title\" content=\"Capacitaci\u00f3n - be star be legendary\" \/>\n<meta property=\"og:description\" content=\"Cambie su visi\u00f3n Un d\u00eda alguien nos hizo a cada uno de nosotros algunas preguntas que ahora queremos hacerle a usted. &#8211; Alguna vez has querido cambiar tu vida, pero has dudado de ti mismo y de tus capacidades? Crees que no eres capaz. &#8211; Crees que tienes mala suerte y que una vida mejor [&hellip;]\" \/>\n<meta property=\"og:url\" content=\"https:\/\/bestarbelegendary.com\/es\/formacao\/\" \/>\n<meta property=\"og:site_name\" content=\"be star be legendary\" \/>\n<meta property=\"article:modified_time\" content=\"2022-10-12T16:56:59+00:00\" \/>\n<meta property=\"og:image\" content=\"https:\/\/bestarbelegendary.com\/wp-content\/uploads\/2022\/09\/Jantar-Congresso-topo-1.jpg\" \/>\n\t<meta property=\"og:image:width\" content=\"967\" \/>\n\t<meta property=\"og:image:height\" content=\"553\" \/>\n\t<meta property=\"og:image:type\" content=\"image\/jpeg\" \/>\n<meta name=\"twitter:card\" content=\"summary_large_image\" \/>\n<meta name=\"twitter:label1\" content=\"Tiempo de lectura\" \/>\n\t<meta name=\"twitter:data1\" content=\"8 minutos\" \/>\n<script type=\"application\/ld+json\" class=\"yoast-schema-graph\">{\"@context\":\"https:\/\/schema.org\",\"@graph\":[{\"@type\":\"WebPage\",\"@id\":\"https:\/\/bestarbelegendary.com\/es\/formacao\/\",\"url\":\"https:\/\/bestarbelegendary.com\/es\/formacao\/\",\"name\":\"Capacitaci\u00f3n - be star be legendary\",\"isPartOf\":{\"@id\":\"https:\/\/bestarbelegendary.com\/es\/#website\"},\"primaryImageOfPage\":{\"@id\":\"https:\/\/bestarbelegendary.com\/es\/formacao\/#primaryimage\"},\"image\":{\"@id\":\"https:\/\/bestarbelegendary.com\/formacao\/#primaryimage\"},\"thumbnailUrl\":\"https:\/\/bestarbelegendary.com\/wp-content\/uploads\/2022\/09\/Jantar-Congresso-topo-1.jpg\",\"datePublished\":\"2022-07-01T20:22:17+00:00\",\"dateModified\":\"2022-10-12T16:56:59+00:00\",\"breadcrumb\":{\"@id\":\"https:\/\/bestarbelegendary.com\/es\/formacao\/#breadcrumb\"},\"inLanguage\":\"es\",\"potentialAction\":[{\"@type\":\"ReadAction\",\"target\":[[\"https:\/\/bestarbelegendary.com\/es\/formacao\/\"]]}]},{\"@type\":\"ImageObject\",\"inLanguage\":\"es\",\"@id\":\"https:\/\/bestarbelegendary.com\/es\/formacao\/#primaryimage\",\"url\":\"https:\/\/bestarbelegendary.com\/wp-content\/uploads\/2022\/09\/Jantar-Congresso-topo-1.jpg\",\"contentUrl\":\"https:\/\/bestarbelegendary.com\/wp-content\/uploads\/2022\/09\/Jantar-Congresso-topo-1.jpg\",\"width\":967,\"height\":553},{\"@type\":\"BreadcrumbList\",\"@id\":\"https:\/\/bestarbelegendary.com\/es\/formacao\/#breadcrumb\",\"itemListElement\":[{\"@type\":\"ListItem\",\"position\":1,\"name\":\"In\u00edcio\",\"item\":\"https:\/\/bestarbelegendary.com\/es\/\"},{\"@type\":\"ListItem\",\"position\":2,\"name\":\"Forma\u00e7\u00e3o\"}]},{\"@type\":\"WebSite\",\"@id\":\"https:\/\/bestarbelegendary.com\/es\/#website\",\"url\":\"https:\/\/bestarbelegendary.com\/es\/\",\"name\":\"be star be legendary\",\"description\":\"www.bestarbelegendary.com\",\"potentialAction\":[{\"@type\":\"SearchAction\",\"target\":{\"@type\":\"EntryPoint\",\"urlTemplate\":\"https:\/\/bestarbelegendary.com\/es\/?s={search_term_string}\"},\"query-input\":{\"@type\":\"PropertyValueSpecification\",\"valueRequired\":true,\"valueName\":\"search_term_string\"}}],\"inLanguage\":\"es\"}]}<\/script>\n<!-- \/ Yoast SEO plugin. -->","yoast_head_json":{"title":"Capacitaci\u00f3n - be star be legendary","robots":{"index":"index","follow":"follow","max-snippet":"max-snippet:-1","max-image-preview":"max-image-preview:large","max-video-preview":"max-video-preview:-1"},"canonical":"https:\/\/bestarbelegendary.com\/es\/formacao\/","og_locale":"es_ES","og_type":"article","og_title":"Capacitaci\u00f3n - be star be legendary","og_description":"Cambie su visi\u00f3n Un d\u00eda alguien nos hizo a cada uno de nosotros algunas preguntas que ahora queremos hacerle a usted. &#8211; Alguna vez has querido cambiar tu vida, pero has dudado de ti mismo y de tus capacidades? Crees que no eres capaz. &#8211; Crees que tienes mala suerte y que una vida mejor [&hellip;]","og_url":"https:\/\/bestarbelegendary.com\/es\/formacao\/","og_site_name":"be star be legendary","article_modified_time":"2022-10-12T16:56:59+00:00","og_image":[{"width":967,"height":553,"url":"https:\/\/bestarbelegendary.com\/wp-content\/uploads\/2022\/09\/Jantar-Congresso-topo-1.jpg","type":"image\/jpeg"}],"twitter_card":"summary_large_image","twitter_misc":{"Tiempo de lectura":"8 minutos"},"schema":{"@context":"https:\/\/schema.org","@graph":[{"@type":"WebPage","@id":"https:\/\/bestarbelegendary.com\/es\/formacao\/","url":"https:\/\/bestarbelegendary.com\/es\/formacao\/","name":"Capacitaci\u00f3n - be star be legendary","isPartOf":{"@id":"https:\/\/bestarbelegendary.com\/es\/#website"},"primaryImageOfPage":{"@id":"https:\/\/bestarbelegendary.com\/es\/formacao\/#primaryimage"},"image":{"@id":"https:\/\/bestarbelegendary.com\/formacao\/#primaryimage"},"thumbnailUrl":"https:\/\/bestarbelegendary.com\/wp-content\/uploads\/2022\/09\/Jantar-Congresso-topo-1.jpg","datePublished":"2022-07-01T20:22:17+00:00","dateModified":"2022-10-12T16:56:59+00:00","breadcrumb":{"@id":"https:\/\/bestarbelegendary.com\/es\/formacao\/#breadcrumb"},"inLanguage":"es","potentialAction":[{"@type":"ReadAction","target":[["https:\/\/bestarbelegendary.com\/es\/formacao\/"]]}]},{"@type":"ImageObject","inLanguage":"es","@id":"https:\/\/bestarbelegendary.com\/es\/formacao\/#primaryimage","url":"https:\/\/bestarbelegendary.com\/wp-content\/uploads\/2022\/09\/Jantar-Congresso-topo-1.jpg","contentUrl":"https:\/\/bestarbelegendary.com\/wp-content\/uploads\/2022\/09\/Jantar-Congresso-topo-1.jpg","width":967,"height":553},{"@type":"BreadcrumbList","@id":"https:\/\/bestarbelegendary.com\/es\/formacao\/#breadcrumb","itemListElement":[{"@type":"ListItem","position":1,"name":"In\u00edcio","item":"https:\/\/bestarbelegendary.com\/es\/"},{"@type":"ListItem","position":2,"name":"Forma\u00e7\u00e3o"}]},{"@type":"WebSite","@id":"https:\/\/bestarbelegendary.com\/es\/#website","url":"https:\/\/bestarbelegendary.com\/es\/","name":"be star be legendary","description":"www.bestarbelegendary.com","potentialAction":[{"@type":"SearchAction","target":{"@type":"EntryPoint","urlTemplate":"https:\/\/bestarbelegendary.com\/es\/?s={search_term_string}"},"query-input":{"@type":"PropertyValueSpecification","valueRequired":true,"valueName":"search_term_string"}}],"inLanguage":"es"}]}},"_links":{"self":[{"href":"https:\/\/bestarbelegendary.com\/es\/wp-json\/wp\/v2\/pages\/24","targetHints":{"allow":["GET"]}}],"collection":[{"href":"https:\/\/bestarbelegendary.com\/es\/wp-json\/wp\/v2\/pages"}],"about":[{"href":"https:\/\/bestarbelegendary.com\/es\/wp-json\/wp\/v2\/types\/page"}],"author":[{"embeddable":true,"href":"https:\/\/bestarbelegendary.com\/es\/wp-json\/wp\/v2\/users\/1"}],"replies":[{"embeddable":true,"href":"https:\/\/bestarbelegendary.com\/es\/wp-json\/wp\/v2\/comments?post=24"}],"version-history":[{"count":4,"href":"https:\/\/bestarbelegendary.com\/es\/wp-json\/wp\/v2\/pages\/24\/revisions"}],"predecessor-version":[{"id":734,"href":"https:\/\/bestarbelegendary.com\/es\/wp-json\/wp\/v2\/pages\/24\/revisions\/734"}],"wp:featuredmedia":[{"embeddable":true,"href":"https:\/\/bestarbelegendary.com\/es\/wp-json\/wp\/v2\/media\/523"}],"wp:attachment":[{"href":"https:\/\/bestarbelegendary.com\/es\/wp-json\/wp\/v2\/media?parent=24"}],"curies":[{"name":"wp","href":"https:\/\/api.w.org\/{rel}","templated":true}]}}