{"id":20,"date":"2022-07-01T21:22:17","date_gmt":"2022-07-01T20:22:17","guid":{"rendered":"https:\/\/bestarbelegendary.com\/oportunidade-de-negocio\/"},"modified":"2022-12-17T12:17:30","modified_gmt":"2022-12-17T12:17:30","slug":"oportunidade-de-negocio","status":"publish","type":"page","link":"https:\/\/bestarbelegendary.com\/es\/oportunidade-de-negocio\/","title":{"rendered":"Oportunidad de Negocio"},"content":{"rendered":"<p><figure id=\"attachment_262\" aria-describedby=\"caption-attachment-262\" style=\"width: 1150px\" class=\"wp-caption aligncenter\"><img decoding=\"async\" class=\"wp-image-262 size-large\" src=\"https:\/\/bestarbelegendary.com\/wp-content\/uploads\/2022\/07\/IMG-20220513-WA0041-1150x766.jpg\" alt=\"\" width=\"1150\" height=\"766\" srcset=\"https:\/\/bestarbelegendary.com\/wp-content\/uploads\/2022\/07\/IMG-20220513-WA0041-1150x766.jpg 1150w, https:\/\/bestarbelegendary.com\/wp-content\/uploads\/2022\/07\/IMG-20220513-WA0041-600x400.jpg 600w, https:\/\/bestarbelegendary.com\/wp-content\/uploads\/2022\/07\/IMG-20220513-WA0041-768x512.jpg 768w, https:\/\/bestarbelegendary.com\/wp-content\/uploads\/2022\/07\/IMG-20220513-WA0041-1536x1024.jpg 1536w, https:\/\/bestarbelegendary.com\/wp-content\/uploads\/2022\/07\/IMG-20220513-WA0041.jpg 2048w\" sizes=\"(max-width: 1150px) 100vw, 1150px\" \/><figcaption id=\"caption-attachment-262\" class=\"wp-caption-text\">Roger Vilar | @instagram.com\/rogervilar_go_pro<\/figcaption><\/figure><\/p>\n<p>Crear un negocio online en el \u00e1mbito del turismo.<\/p>\n<p>Podr\u00e1s ganar comisiones ilimitadas promocionando y comercializando todo tipo de productos tur\u00edsticos: alojamiento, paquetes, cruceros, rent-a-car&#8230;<\/p>\n<p>Esta es una oportunidad que te permite alcanzar la vida que tanto deseas.<\/p>\n<figure id=\"attachment_540\" aria-describedby=\"caption-attachment-540\" style=\"width: 950px\" class=\"wp-caption aligncenter\"><img decoding=\"async\" class=\"wp-image-540\" src=\"https:\/\/bestarbelegendary.com\/wp-content\/uploads\/2022\/09\/image00015.jpeg\" alt=\"\" width=\"950\" height=\"1430\" \/><figcaption id=\"caption-attachment-540\" class=\"wp-caption-text\">Eduardo Ara\u00fajo | @instagram.com\/edward_araujo97<\/figcaption><\/figure>\n<p><span style=\"font-weight: 400;\">La empresa con la que trabajamos es consciente de que el mundo ha cambiado y cada vez m\u00e1s personas valoran las opiniones de sus conocidos, o incluso acuden a pedir sugerencias a trav\u00e9s de las redes sociales. De este modo, decidieron apostar por la publicidad a trav\u00e9s de una recomendaci\u00f3n mediante un sistema sencillo.<\/span><\/p>\n<p><span style=\"font-weight: 400;\">Si eres de los que piensan: \u00abno s\u00e9 vender\u00bb, \u00abno conozco a nadie\u00bb o \u00abno quiero molestar a nadie, no hay problema. Muchos de nosotros tambi\u00e9n tuvimos esos pensamientos, antes de conocer bien el negocio y darnos cuenta de que tendr\u00edamos un equipo que nos ense\u00f1ar\u00eda y acompa\u00f1ar\u00eda en este nuevo camino. Pero despu\u00e9s nos dimos cuenta de que \u00e9ramos capaces despu\u00e9s de todo, y es bueno que no nos hayamos dejado limitar por los miedos que sent\u00edamos.<\/span><\/p>\n<p><span style=\"font-weight: 400;\">Todos nosotros, en nuestra vida cotidiana, vendemos un producto, una experiencia, un servicio, un concepto o incluso algo que hemos aprendido y no nos damos cuenta porque lo hacemos de forma natural y sencilla. Pero si lo piensas, eso es vender. Ahora imagina que te vas de fin de semana, que te alegras y decides compartir fotos del hotel, o que recomiendas ese hotel a un amigo. Sin darse cuenta, est\u00e1 vendiendo indirectamente su experiencia. Cuando recomiendas algo que te gusta, puedes estar compartiendo algo que le interesa a otra persona.\u00a0<\/span><\/p>\n<p style=\"text-align: center;\"><iframe title=\"YouTube video player\" src=\"https:\/\/www.youtube.com\/embed\/zgMUG4jMPlk\" width=\"560\" height=\"315\" frameborder=\"0\" allowfullscreen=\"allowfullscreen\"><\/iframe><\/p>\n<p>Un testimonio &#8211; JOANA NASCIMENTO (residente en Lisboa), licenciada en Derecho<\/p>\n<ul>\n<li>Trabaja a tiempo parcial.<\/li>\n<li>TOP 5 en RESERVAS en febrero 2020 con una facturaci\u00f3n de 22.836\u20ac.<\/li>\n<li>TOP 3 CONSULTOR DE VIAJES del a\u00f1o 2020<\/li>\n<\/ul>\n<figure id=\"attachment_528\" aria-describedby=\"caption-attachment-528\" style=\"width: 1080px\" class=\"wp-caption aligncenter\"><img decoding=\"async\" class=\"wp-image-528 size-full\" src=\"https:\/\/bestarbelegendary.com\/wp-content\/uploads\/2022\/09\/Sofia-trabalho-online.jpg\" alt=\"\" width=\"1080\" height=\"977\" srcset=\"https:\/\/bestarbelegendary.com\/wp-content\/uploads\/2022\/09\/Sofia-trabalho-online.jpg 1080w, https:\/\/bestarbelegendary.com\/wp-content\/uploads\/2022\/09\/Sofia-trabalho-online-600x543.jpg 600w, https:\/\/bestarbelegendary.com\/wp-content\/uploads\/2022\/09\/Sofia-trabalho-online-768x695.jpg 768w\" sizes=\"(max-width: 1080px) 100vw, 1080px\" \/><figcaption id=\"caption-attachment-528\" class=\"wp-caption-text\">Sofia Costa | @sofia_mumboss_traveler<\/figcaption><\/figure>\n<p><span style=\"font-weight: 400;\">La empresa con la que trabajamos es consciente de que el mundo ha cambiado y cada vez m\u00e1s personas valoran las opiniones de sus conocidos, o incluso acuden a pedir sugerencias a trav\u00e9s de las redes sociales. De este modo, decidieron apostar por la publicidad a trav\u00e9s de una recomendaci\u00f3n mediante un sistema sencillo.<\/span><\/p>\n<p><span style=\"font-weight: 400;\">Si eres de los que piensan: \u00abno s\u00e9 vender\u00bb, \u00abno conozco a nadie\u00bb o \u00abno quiero molestar a nadie, no hay problema. Muchos de nosotros tambi\u00e9n tuvimos esos pensamientos, antes de conocer bien el negocio y darnos cuenta de que tendr\u00edamos un equipo que nos ense\u00f1ar\u00eda y acompa\u00f1ar\u00eda en este nuevo camino. Pero despu\u00e9s nos dimos cuenta de que \u00e9ramos capaces despu\u00e9s de todo, y es bueno que no nos hayamos dejado limitar por los miedos que sent\u00edamos.<\/span><\/p>\n<p><span style=\"font-weight: 400;\">Todos nosotros, en nuestra vida cotidiana, vendemos un producto, una experiencia, un servicio, un concepto o incluso algo que hemos aprendido y no nos damos cuenta porque lo hacemos de forma natural y sencilla. Pero si lo piensas, eso es vender. Ahora imagina que te vas de fin de semana, que te alegras y decides compartir fotos del hotel, o que recomiendas ese hotel a un amigo. Sin darse cuenta, est\u00e1 vendiendo indirectamente su experiencia. Cuando recomiendas algo que te gusta, puedes estar compartiendo algo que le interesa a otra persona.\u00a0<\/span><\/p>","protected":false},"excerpt":{"rendered":"<p>Crear un negocio online en el \u00e1mbito del turismo. Podr\u00e1s ganar comisiones ilimitadas promocionando y comercializando todo tipo de productos tur\u00edsticos: alojamiento, paquetes, cruceros, rent-a-car&#8230; Esta es una oportunidad que te permite alcanzar la vida que tanto deseas. La empresa con la que trabajamos es consciente de que el mundo ha cambiado y cada vez [&hellip;]<\/p>\n","protected":false},"author":1,"featured_media":465,"parent":0,"menu_order":0,"comment_status":"closed","ping_status":"closed","template":"templates\/business-opportunity.php","meta":{"footnotes":""},"class_list":["post-20","page","type-page","status-publish","has-post-thumbnail","hentry"],"yoast_head":"<!-- This site is optimized with the Yoast SEO plugin v26.0 - https:\/\/yoast.com\/wordpress\/plugins\/seo\/ -->\n<title>Oportunidad de Negocio - be star be legendary<\/title>\n<meta name=\"robots\" content=\"index, follow, max-snippet:-1, max-image-preview:large, max-video-preview:-1\" \/>\n<link rel=\"canonical\" href=\"https:\/\/bestarbelegendary.com\/es\/oportunidade-de-negocio\/\" \/>\n<meta property=\"og:locale\" content=\"es_ES\" \/>\n<meta property=\"og:type\" content=\"article\" \/>\n<meta property=\"og:title\" content=\"Oportunidad de Negocio - be star be legendary\" \/>\n<meta property=\"og:description\" content=\"Crear un negocio online en el \u00e1mbito del turismo. Podr\u00e1s ganar comisiones ilimitadas promocionando y comercializando todo tipo de productos tur\u00edsticos: alojamiento, paquetes, cruceros, rent-a-car&#8230; Esta es una oportunidad que te permite alcanzar la vida que tanto deseas. La empresa con la que trabajamos es consciente de que el mundo ha cambiado y cada vez [&hellip;]\" \/>\n<meta property=\"og:url\" content=\"https:\/\/bestarbelegendary.com\/es\/oportunidade-de-negocio\/\" \/>\n<meta property=\"og:site_name\" content=\"be star be legendary\" \/>\n<meta property=\"article:modified_time\" content=\"2022-12-17T12:17:30+00:00\" \/>\n<meta property=\"og:image\" content=\"https:\/\/bestarbelegendary.com\/wp-content\/uploads\/2022\/09\/Grupo-em-topo-de-montanha.png\" \/>\n\t<meta property=\"og:image:width\" content=\"720\" \/>\n\t<meta property=\"og:image:height\" content=\"480\" \/>\n\t<meta property=\"og:image:type\" content=\"image\/png\" \/>\n<meta name=\"twitter:card\" content=\"summary_large_image\" \/>\n<meta name=\"twitter:label1\" content=\"Tiempo de lectura\" \/>\n\t<meta name=\"twitter:data1\" content=\"3 minutos\" \/>\n<script type=\"application\/ld+json\" class=\"yoast-schema-graph\">{\"@context\":\"https:\/\/schema.org\",\"@graph\":[{\"@type\":\"WebPage\",\"@id\":\"https:\/\/bestarbelegendary.com\/es\/oportunidade-de-negocio\/\",\"url\":\"https:\/\/bestarbelegendary.com\/es\/oportunidade-de-negocio\/\",\"name\":\"Oportunidad de Negocio - be star be legendary\",\"isPartOf\":{\"@id\":\"https:\/\/bestarbelegendary.com\/es\/#website\"},\"primaryImageOfPage\":{\"@id\":\"https:\/\/bestarbelegendary.com\/es\/oportunidade-de-negocio\/#primaryimage\"},\"image\":{\"@id\":\"https:\/\/bestarbelegendary.com\/oportunidade-de-negocio\/#primaryimage\"},\"thumbnailUrl\":\"https:\/\/bestarbelegendary.com\/wp-content\/uploads\/2022\/09\/Grupo-em-topo-de-montanha.png\",\"datePublished\":\"2022-07-01T20:22:17+00:00\",\"dateModified\":\"2022-12-17T12:17:30+00:00\",\"breadcrumb\":{\"@id\":\"https:\/\/bestarbelegendary.com\/es\/oportunidade-de-negocio\/#breadcrumb\"},\"inLanguage\":\"es\",\"potentialAction\":[{\"@type\":\"ReadAction\",\"target\":[[\"https:\/\/bestarbelegendary.com\/es\/oportunidade-de-negocio\/\"]]}]},{\"@type\":\"ImageObject\",\"inLanguage\":\"es\",\"@id\":\"https:\/\/bestarbelegendary.com\/es\/oportunidade-de-negocio\/#primaryimage\",\"url\":\"https:\/\/bestarbelegendary.com\/wp-content\/uploads\/2022\/09\/Grupo-em-topo-de-montanha.png\",\"contentUrl\":\"https:\/\/bestarbelegendary.com\/wp-content\/uploads\/2022\/09\/Grupo-em-topo-de-montanha.png\",\"width\":720,\"height\":480},{\"@type\":\"BreadcrumbList\",\"@id\":\"https:\/\/bestarbelegendary.com\/es\/oportunidade-de-negocio\/#breadcrumb\",\"itemListElement\":[{\"@type\":\"ListItem\",\"position\":1,\"name\":\"In\u00edcio\",\"item\":\"https:\/\/bestarbelegendary.com\/es\/\"},{\"@type\":\"ListItem\",\"position\":2,\"name\":\"Oportunidade de neg\u00f3cio\"}]},{\"@type\":\"WebSite\",\"@id\":\"https:\/\/bestarbelegendary.com\/es\/#website\",\"url\":\"https:\/\/bestarbelegendary.com\/es\/\",\"name\":\"be star be legendary\",\"description\":\"www.bestarbelegendary.com\",\"potentialAction\":[{\"@type\":\"SearchAction\",\"target\":{\"@type\":\"EntryPoint\",\"urlTemplate\":\"https:\/\/bestarbelegendary.com\/es\/?s={search_term_string}\"},\"query-input\":{\"@type\":\"PropertyValueSpecification\",\"valueRequired\":true,\"valueName\":\"search_term_string\"}}],\"inLanguage\":\"es\"}]}<\/script>\n<!-- \/ Yoast SEO plugin. -->","yoast_head_json":{"title":"Oportunidad de Negocio - be star be legendary","robots":{"index":"index","follow":"follow","max-snippet":"max-snippet:-1","max-image-preview":"max-image-preview:large","max-video-preview":"max-video-preview:-1"},"canonical":"https:\/\/bestarbelegendary.com\/es\/oportunidade-de-negocio\/","og_locale":"es_ES","og_type":"article","og_title":"Oportunidad de Negocio - be star be legendary","og_description":"Crear un negocio online en el \u00e1mbito del turismo. Podr\u00e1s ganar comisiones ilimitadas promocionando y comercializando todo tipo de productos tur\u00edsticos: alojamiento, paquetes, cruceros, rent-a-car&#8230; Esta es una oportunidad que te permite alcanzar la vida que tanto deseas. La empresa con la que trabajamos es consciente de que el mundo ha cambiado y cada vez [&hellip;]","og_url":"https:\/\/bestarbelegendary.com\/es\/oportunidade-de-negocio\/","og_site_name":"be star be legendary","article_modified_time":"2022-12-17T12:17:30+00:00","og_image":[{"width":720,"height":480,"url":"https:\/\/bestarbelegendary.com\/wp-content\/uploads\/2022\/09\/Grupo-em-topo-de-montanha.png","type":"image\/png"}],"twitter_card":"summary_large_image","twitter_misc":{"Tiempo de lectura":"3 minutos"},"schema":{"@context":"https:\/\/schema.org","@graph":[{"@type":"WebPage","@id":"https:\/\/bestarbelegendary.com\/es\/oportunidade-de-negocio\/","url":"https:\/\/bestarbelegendary.com\/es\/oportunidade-de-negocio\/","name":"Oportunidad de Negocio - be star be legendary","isPartOf":{"@id":"https:\/\/bestarbelegendary.com\/es\/#website"},"primaryImageOfPage":{"@id":"https:\/\/bestarbelegendary.com\/es\/oportunidade-de-negocio\/#primaryimage"},"image":{"@id":"https:\/\/bestarbelegendary.com\/oportunidade-de-negocio\/#primaryimage"},"thumbnailUrl":"https:\/\/bestarbelegendary.com\/wp-content\/uploads\/2022\/09\/Grupo-em-topo-de-montanha.png","datePublished":"2022-07-01T20:22:17+00:00","dateModified":"2022-12-17T12:17:30+00:00","breadcrumb":{"@id":"https:\/\/bestarbelegendary.com\/es\/oportunidade-de-negocio\/#breadcrumb"},"inLanguage":"es","potentialAction":[{"@type":"ReadAction","target":[["https:\/\/bestarbelegendary.com\/es\/oportunidade-de-negocio\/"]]}]},{"@type":"ImageObject","inLanguage":"es","@id":"https:\/\/bestarbelegendary.com\/es\/oportunidade-de-negocio\/#primaryimage","url":"https:\/\/bestarbelegendary.com\/wp-content\/uploads\/2022\/09\/Grupo-em-topo-de-montanha.png","contentUrl":"https:\/\/bestarbelegendary.com\/wp-content\/uploads\/2022\/09\/Grupo-em-topo-de-montanha.png","width":720,"height":480},{"@type":"BreadcrumbList","@id":"https:\/\/bestarbelegendary.com\/es\/oportunidade-de-negocio\/#breadcrumb","itemListElement":[{"@type":"ListItem","position":1,"name":"In\u00edcio","item":"https:\/\/bestarbelegendary.com\/es\/"},{"@type":"ListItem","position":2,"name":"Oportunidade de neg\u00f3cio"}]},{"@type":"WebSite","@id":"https:\/\/bestarbelegendary.com\/es\/#website","url":"https:\/\/bestarbelegendary.com\/es\/","name":"be star be legendary","description":"www.bestarbelegendary.com","potentialAction":[{"@type":"SearchAction","target":{"@type":"EntryPoint","urlTemplate":"https:\/\/bestarbelegendary.com\/es\/?s={search_term_string}"},"query-input":{"@type":"PropertyValueSpecification","valueRequired":true,"valueName":"search_term_string"}}],"inLanguage":"es"}]}},"_links":{"self":[{"href":"https:\/\/bestarbelegendary.com\/es\/wp-json\/wp\/v2\/pages\/20","targetHints":{"allow":["GET"]}}],"collection":[{"href":"https:\/\/bestarbelegendary.com\/es\/wp-json\/wp\/v2\/pages"}],"about":[{"href":"https:\/\/bestarbelegendary.com\/es\/wp-json\/wp\/v2\/types\/page"}],"author":[{"embeddable":true,"href":"https:\/\/bestarbelegendary.com\/es\/wp-json\/wp\/v2\/users\/1"}],"replies":[{"embeddable":true,"href":"https:\/\/bestarbelegendary.com\/es\/wp-json\/wp\/v2\/comments?post=20"}],"version-history":[{"count":3,"href":"https:\/\/bestarbelegendary.com\/es\/wp-json\/wp\/v2\/pages\/20\/revisions"}],"predecessor-version":[{"id":843,"href":"https:\/\/bestarbelegendary.com\/es\/wp-json\/wp\/v2\/pages\/20\/revisions\/843"}],"wp:featuredmedia":[{"embeddable":true,"href":"https:\/\/bestarbelegendary.com\/es\/wp-json\/wp\/v2\/media\/465"}],"wp:attachment":[{"href":"https:\/\/bestarbelegendary.com\/es\/wp-json\/wp\/v2\/media?parent=20"}],"curies":[{"name":"wp","href":"https:\/\/api.w.org\/{rel}","templated":true}]}}