{"id":16,"date":"2022-07-01T21:22:15","date_gmt":"2022-07-01T20:22:15","guid":{"rendered":"https:\/\/bestarbelegendary.com\/consultoria-de-viagem\/"},"modified":"2022-10-12T17:53:51","modified_gmt":"2022-10-12T16:53:51","slug":"consultoria-de-viagem","status":"publish","type":"page","link":"https:\/\/bestarbelegendary.com\/es\/consultoria-de-viagem\/","title":{"rendered":"Consultor\u00eda de viajes"},"content":{"rendered":"<p>Desde viajes de bajo coste hasta de lujo, elija su destino y nosotros estaremos aqu\u00ed para hacer realidad su deseo.<\/p>\n<p><strong>Tenemos 2 opciones adaptadas a tus deseos:<\/strong><\/p>\n<p><strong>OPCI\u00d3N 1 &#8211; ME GUSTA INVESTIGAR Y RESERVAR MIS PROPIOS VIAJES!<\/strong><\/p>\n<p><img decoding=\"async\" class=\"aligncenter wp-image-532 size-large\" src=\"https:\/\/bestarbelegendary.com\/wp-content\/uploads\/2022\/09\/plataforma-aveiro-1150x850.jpg\" alt=\"\" width=\"1150\" height=\"850\" srcset=\"https:\/\/bestarbelegendary.com\/wp-content\/uploads\/2022\/09\/plataforma-aveiro-1150x850.jpg 1150w, https:\/\/bestarbelegendary.com\/wp-content\/uploads\/2022\/09\/plataforma-aveiro-600x443.jpg 600w, https:\/\/bestarbelegendary.com\/wp-content\/uploads\/2022\/09\/plataforma-aveiro-768x567.jpg 768w, https:\/\/bestarbelegendary.com\/wp-content\/uploads\/2022\/09\/plataforma-aveiro.jpg 1440w\" sizes=\"(max-width: 1150px) 100vw, 1150px\" \/><br \/>\nEntonces podemos recomendarle nuestra plataforma, donde puede registrarse como cliente de forma gratuita y reservar sus propios viajes. Y si te interesa, puedes registrarte como afiliado y ganar comisiones en todos tus viajes.<\/p>\n<p><strong>OPCI\u00d3N 2 &#8211; NECESITO ASESORAMIENTO SOBRE EL VIAJE<\/strong><\/p>\n<figure id=\"attachment_525\" aria-describedby=\"caption-attachment-525\" style=\"width: 1000px\" class=\"wp-caption aligncenter\"><img decoding=\"async\" class=\"wp-image-525 size-full\" src=\"https:\/\/bestarbelegendary.com\/wp-content\/uploads\/2022\/09\/PicsArt_09-15-11.49.10-1.jpg\" alt=\"\" width=\"1000\" height=\"750\" srcset=\"https:\/\/bestarbelegendary.com\/wp-content\/uploads\/2022\/09\/PicsArt_09-15-11.49.10-1.jpg 1000w, https:\/\/bestarbelegendary.com\/wp-content\/uploads\/2022\/09\/PicsArt_09-15-11.49.10-1-600x450.jpg 600w, https:\/\/bestarbelegendary.com\/wp-content\/uploads\/2022\/09\/PicsArt_09-15-11.49.10-1-768x576.jpg 768w\" sizes=\"(max-width: 1000px) 100vw, 1000px\" \/><figcaption id=\"caption-attachment-525\" class=\"wp-caption-text\">Iolanda Grenha | iolandagrenha.com<\/figcaption><\/figure>\n<p>Planificamos sus viajes nacionales o internacionales seg\u00fan sus gustos, sus objetivos y su presupuesto.<\/p>\n<p><strong>1. No sabes exactamente a d\u00f3nde quieres ir?<\/strong><\/p>\n<figure id=\"attachment_729\" aria-describedby=\"caption-attachment-729\" style=\"width: 1150px\" class=\"wp-caption aligncenter\"><img decoding=\"async\" class=\"size-large wp-image-729\" src=\"https:\/\/bestarbelegendary.com\/wp-content\/uploads\/2022\/10\/Estocolmo-89-1150x896.jpg\" alt=\"\" width=\"1150\" height=\"896\" srcset=\"https:\/\/bestarbelegendary.com\/wp-content\/uploads\/2022\/10\/Estocolmo-89-1150x896.jpg 1150w, https:\/\/bestarbelegendary.com\/wp-content\/uploads\/2022\/10\/Estocolmo-89-600x467.jpg 600w, https:\/\/bestarbelegendary.com\/wp-content\/uploads\/2022\/10\/Estocolmo-89-768x598.jpg 768w, https:\/\/bestarbelegendary.com\/wp-content\/uploads\/2022\/10\/Estocolmo-89-1536x1196.jpg 1536w, https:\/\/bestarbelegendary.com\/wp-content\/uploads\/2022\/10\/Estocolmo-89.jpg 2008w\" sizes=\"(max-width: 1150px) 100vw, 1150px\" \/><figcaption id=\"caption-attachment-729\" class=\"wp-caption-text\">Estocolmo &#8211; Joana Nascimento | @instagram.com\/in_the_mood_to_travel<\/figcaption><\/figure>\n<p>No hay problema, hablaremos con usted para entender lo que es importante para usted en el viaje que quiere hacer y le propondremos opciones seg\u00fan lo que quiera.<br \/>\n<strong>2. Viaja por primera vez con ni\u00f1os y no sabe d\u00f3nde ir?<\/strong><\/p>\n<figure id=\"attachment_533\" aria-describedby=\"caption-attachment-533\" style=\"width: 1080px\" class=\"wp-caption aligncenter\"><img decoding=\"async\" class=\"wp-image-533 size-full\" src=\"https:\/\/bestarbelegendary.com\/wp-content\/uploads\/2022\/09\/sofia-roger-e-filhos.jpg\" alt=\"\" width=\"1080\" height=\"1080\" srcset=\"https:\/\/bestarbelegendary.com\/wp-content\/uploads\/2022\/09\/sofia-roger-e-filhos.jpg 1080w, https:\/\/bestarbelegendary.com\/wp-content\/uploads\/2022\/09\/sofia-roger-e-filhos-600x600.jpg 600w, https:\/\/bestarbelegendary.com\/wp-content\/uploads\/2022\/09\/sofia-roger-e-filhos-250x250.jpg 250w, https:\/\/bestarbelegendary.com\/wp-content\/uploads\/2022\/09\/sofia-roger-e-filhos-768x768.jpg 768w\" sizes=\"(max-width: 1080px) 100vw, 1080px\" \/><figcaption id=\"caption-attachment-533\" class=\"wp-caption-text\">Palma de Maiorca &#8211; Sofia Costa: @instagram.com\/sofia_mumboss_traveler | Roger Vilar: @instagram.com\/rogervilar_go_pro<\/figcaption><\/figure>\n<p>Vamos a sugerir algunos destinos en los que algunos de nosotros ya hemos estado con nuestros hijos, o que sabemos que han gustado a muchos clientes que tambi\u00e9n han viajado con ni\u00f1os.<br \/>\n<strong>3. No quiere volar, as\u00ed que busca un buen destino que pueda visitar en coche?<\/strong><br \/>\nLe ayudaremos a elegir la ubicaci\u00f3n, el alojamiento, podr\u00e1 recibir orientaci\u00f3n sobre las excursiones y las atracciones en el destino.<br \/>\n<strong>4. Va a visitar otro continente por primera vez y no sabe qu\u00e9 documentos necesita?<\/strong><br \/>\nRecibir\u00e1s toda la orientaci\u00f3n que necesitas.<br \/>\n<strong>5. No sabe c\u00f3mo facturar en l\u00ednea para su vuelo?<\/strong><br \/>\nPuede contar con nosotros para ayudarle.<br \/>\n<strong>6. Y si algo va mal durante el viaje?<\/strong><br \/>\nPuede estar seguro de que dispondr\u00e1 de asistencia en viaje los 7 d\u00edas de la semana, las 24 horas del d\u00eda.<\/p>\n<figure id=\"attachment_669\" aria-describedby=\"caption-attachment-669\" style=\"width: 905px\" class=\"wp-caption aligncenter\"><img decoding=\"async\" class=\"wp-image-669 size-full\" src=\"https:\/\/bestarbelegendary.com\/wp-content\/uploads\/2022\/10\/Joana-Mascarenhas-grecia-1.jpg\" alt=\"\" width=\"905\" height=\"715\" srcset=\"https:\/\/bestarbelegendary.com\/wp-content\/uploads\/2022\/10\/Joana-Mascarenhas-grecia-1.jpg 905w, https:\/\/bestarbelegendary.com\/wp-content\/uploads\/2022\/10\/Joana-Mascarenhas-grecia-1-600x474.jpg 600w, https:\/\/bestarbelegendary.com\/wp-content\/uploads\/2022\/10\/Joana-Mascarenhas-grecia-1-768x607.jpg 768w\" sizes=\"(max-width: 905px) 100vw, 905px\" \/><figcaption id=\"caption-attachment-669\" class=\"wp-caption-text\">Gr\u00e9cia \u2013 Joana Mascarenhas | @instagram.com\/joanamascarenhass\/<\/figcaption><\/figure>\n<p>Como nos apasiona lo que hacemos, no hemos podido resistirnos a compartir con vosotros algunos consejos de viaje que os pueden ser \u00fatiles e informaci\u00f3n sobre diversos destinos.<\/p>","protected":false},"excerpt":{"rendered":"<p>Desde viajes de bajo coste hasta de lujo, elija su destino y nosotros estaremos aqu\u00ed para hacer realidad su deseo. Tenemos 2 opciones adaptadas a tus deseos: OPCI\u00d3N 1 &#8211; ME GUSTA INVESTIGAR Y RESERVAR MIS PROPIOS VIAJES! Entonces podemos recomendarle nuestra plataforma, donde puede registrarse como cliente de forma gratuita y reservar sus propios [&hellip;]<\/p>\n","protected":false},"author":1,"featured_media":668,"parent":0,"menu_order":0,"comment_status":"closed","ping_status":"closed","template":"templates\/consulting-services.php","meta":{"footnotes":""},"class_list":["post-16","page","type-page","status-publish","has-post-thumbnail","hentry"],"yoast_head":"<!-- This site is optimized with the Yoast SEO plugin v26.0 - https:\/\/yoast.com\/wordpress\/plugins\/seo\/ -->\n<title>Consultor\u00eda de viajes - be star be legendary<\/title>\n<meta name=\"robots\" content=\"index, follow, max-snippet:-1, max-image-preview:large, max-video-preview:-1\" \/>\n<link rel=\"canonical\" href=\"https:\/\/bestarbelegendary.com\/es\/consultoria-de-viagem\/\" \/>\n<meta property=\"og:locale\" content=\"es_ES\" \/>\n<meta property=\"og:type\" content=\"article\" \/>\n<meta property=\"og:title\" content=\"Consultor\u00eda de viajes - be star be legendary\" \/>\n<meta property=\"og:description\" content=\"Desde viajes de bajo coste hasta de lujo, elija su destino y nosotros estaremos aqu\u00ed para hacer realidad su deseo. Tenemos 2 opciones adaptadas a tus deseos: OPCI\u00d3N 1 &#8211; ME GUSTA INVESTIGAR Y RESERVAR MIS PROPIOS VIAJES! Entonces podemos recomendarle nuestra plataforma, donde puede registrarse como cliente de forma gratuita y reservar sus propios [&hellip;]\" \/>\n<meta property=\"og:url\" content=\"https:\/\/bestarbelegendary.com\/es\/consultoria-de-viagem\/\" \/>\n<meta property=\"og:site_name\" content=\"be star be legendary\" \/>\n<meta property=\"article:modified_time\" content=\"2022-10-12T16:53:51+00:00\" \/>\n<meta property=\"og:image\" content=\"https:\/\/bestarbelegendary.com\/wp-content\/uploads\/2022\/10\/Imagem-topo-1.jpg\" \/>\n\t<meta property=\"og:image:width\" content=\"1927\" \/>\n\t<meta property=\"og:image:height\" content=\"898\" \/>\n\t<meta property=\"og:image:type\" content=\"image\/jpeg\" \/>\n<meta name=\"twitter:card\" content=\"summary_large_image\" \/>\n<meta name=\"twitter:label1\" content=\"Tiempo de lectura\" \/>\n\t<meta name=\"twitter:data1\" content=\"3 minutos\" \/>\n<script type=\"application\/ld+json\" class=\"yoast-schema-graph\">{\"@context\":\"https:\/\/schema.org\",\"@graph\":[{\"@type\":\"WebPage\",\"@id\":\"https:\/\/bestarbelegendary.com\/es\/consultoria-de-viagem\/\",\"url\":\"https:\/\/bestarbelegendary.com\/es\/consultoria-de-viagem\/\",\"name\":\"Consultor\u00eda de viajes - be star be legendary\",\"isPartOf\":{\"@id\":\"https:\/\/bestarbelegendary.com\/es\/#website\"},\"primaryImageOfPage\":{\"@id\":\"https:\/\/bestarbelegendary.com\/es\/consultoria-de-viagem\/#primaryimage\"},\"image\":{\"@id\":\"https:\/\/bestarbelegendary.com\/consultoria-de-viagem\/#primaryimage\"},\"thumbnailUrl\":\"https:\/\/bestarbelegendary.com\/wp-content\/uploads\/2022\/10\/Imagem-topo-1.jpg\",\"datePublished\":\"2022-07-01T20:22:15+00:00\",\"dateModified\":\"2022-10-12T16:53:51+00:00\",\"breadcrumb\":{\"@id\":\"https:\/\/bestarbelegendary.com\/es\/consultoria-de-viagem\/#breadcrumb\"},\"inLanguage\":\"es\",\"potentialAction\":[{\"@type\":\"ReadAction\",\"target\":[[\"https:\/\/bestarbelegendary.com\/es\/consultoria-de-viagem\/\"]]}]},{\"@type\":\"ImageObject\",\"inLanguage\":\"es\",\"@id\":\"https:\/\/bestarbelegendary.com\/es\/consultoria-de-viagem\/#primaryimage\",\"url\":\"https:\/\/bestarbelegendary.com\/wp-content\/uploads\/2022\/10\/Imagem-topo-1.jpg\",\"contentUrl\":\"https:\/\/bestarbelegendary.com\/wp-content\/uploads\/2022\/10\/Imagem-topo-1.jpg\",\"width\":1927,\"height\":898},{\"@type\":\"BreadcrumbList\",\"@id\":\"https:\/\/bestarbelegendary.com\/es\/consultoria-de-viagem\/#breadcrumb\",\"itemListElement\":[{\"@type\":\"ListItem\",\"position\":1,\"name\":\"In\u00edcio\",\"item\":\"https:\/\/bestarbelegendary.com\/es\/\"},{\"@type\":\"ListItem\",\"position\":2,\"name\":\"Consultoria de Viagem\"}]},{\"@type\":\"WebSite\",\"@id\":\"https:\/\/bestarbelegendary.com\/es\/#website\",\"url\":\"https:\/\/bestarbelegendary.com\/es\/\",\"name\":\"be star be legendary\",\"description\":\"www.bestarbelegendary.com\",\"potentialAction\":[{\"@type\":\"SearchAction\",\"target\":{\"@type\":\"EntryPoint\",\"urlTemplate\":\"https:\/\/bestarbelegendary.com\/es\/?s={search_term_string}\"},\"query-input\":{\"@type\":\"PropertyValueSpecification\",\"valueRequired\":true,\"valueName\":\"search_term_string\"}}],\"inLanguage\":\"es\"}]}<\/script>\n<!-- \/ Yoast SEO plugin. -->","yoast_head_json":{"title":"Consultor\u00eda de viajes - be star be legendary","robots":{"index":"index","follow":"follow","max-snippet":"max-snippet:-1","max-image-preview":"max-image-preview:large","max-video-preview":"max-video-preview:-1"},"canonical":"https:\/\/bestarbelegendary.com\/es\/consultoria-de-viagem\/","og_locale":"es_ES","og_type":"article","og_title":"Consultor\u00eda de viajes - be star be legendary","og_description":"Desde viajes de bajo coste hasta de lujo, elija su destino y nosotros estaremos aqu\u00ed para hacer realidad su deseo. Tenemos 2 opciones adaptadas a tus deseos: OPCI\u00d3N 1 &#8211; ME GUSTA INVESTIGAR Y RESERVAR MIS PROPIOS VIAJES! Entonces podemos recomendarle nuestra plataforma, donde puede registrarse como cliente de forma gratuita y reservar sus propios [&hellip;]","og_url":"https:\/\/bestarbelegendary.com\/es\/consultoria-de-viagem\/","og_site_name":"be star be legendary","article_modified_time":"2022-10-12T16:53:51+00:00","og_image":[{"width":1927,"height":898,"url":"https:\/\/bestarbelegendary.com\/wp-content\/uploads\/2022\/10\/Imagem-topo-1.jpg","type":"image\/jpeg"}],"twitter_card":"summary_large_image","twitter_misc":{"Tiempo de lectura":"3 minutos"},"schema":{"@context":"https:\/\/schema.org","@graph":[{"@type":"WebPage","@id":"https:\/\/bestarbelegendary.com\/es\/consultoria-de-viagem\/","url":"https:\/\/bestarbelegendary.com\/es\/consultoria-de-viagem\/","name":"Consultor\u00eda de viajes - be star be legendary","isPartOf":{"@id":"https:\/\/bestarbelegendary.com\/es\/#website"},"primaryImageOfPage":{"@id":"https:\/\/bestarbelegendary.com\/es\/consultoria-de-viagem\/#primaryimage"},"image":{"@id":"https:\/\/bestarbelegendary.com\/consultoria-de-viagem\/#primaryimage"},"thumbnailUrl":"https:\/\/bestarbelegendary.com\/wp-content\/uploads\/2022\/10\/Imagem-topo-1.jpg","datePublished":"2022-07-01T20:22:15+00:00","dateModified":"2022-10-12T16:53:51+00:00","breadcrumb":{"@id":"https:\/\/bestarbelegendary.com\/es\/consultoria-de-viagem\/#breadcrumb"},"inLanguage":"es","potentialAction":[{"@type":"ReadAction","target":[["https:\/\/bestarbelegendary.com\/es\/consultoria-de-viagem\/"]]}]},{"@type":"ImageObject","inLanguage":"es","@id":"https:\/\/bestarbelegendary.com\/es\/consultoria-de-viagem\/#primaryimage","url":"https:\/\/bestarbelegendary.com\/wp-content\/uploads\/2022\/10\/Imagem-topo-1.jpg","contentUrl":"https:\/\/bestarbelegendary.com\/wp-content\/uploads\/2022\/10\/Imagem-topo-1.jpg","width":1927,"height":898},{"@type":"BreadcrumbList","@id":"https:\/\/bestarbelegendary.com\/es\/consultoria-de-viagem\/#breadcrumb","itemListElement":[{"@type":"ListItem","position":1,"name":"In\u00edcio","item":"https:\/\/bestarbelegendary.com\/es\/"},{"@type":"ListItem","position":2,"name":"Consultoria de Viagem"}]},{"@type":"WebSite","@id":"https:\/\/bestarbelegendary.com\/es\/#website","url":"https:\/\/bestarbelegendary.com\/es\/","name":"be star be legendary","description":"www.bestarbelegendary.com","potentialAction":[{"@type":"SearchAction","target":{"@type":"EntryPoint","urlTemplate":"https:\/\/bestarbelegendary.com\/es\/?s={search_term_string}"},"query-input":{"@type":"PropertyValueSpecification","valueRequired":true,"valueName":"search_term_string"}}],"inLanguage":"es"}]}},"_links":{"self":[{"href":"https:\/\/bestarbelegendary.com\/es\/wp-json\/wp\/v2\/pages\/16","targetHints":{"allow":["GET"]}}],"collection":[{"href":"https:\/\/bestarbelegendary.com\/es\/wp-json\/wp\/v2\/pages"}],"about":[{"href":"https:\/\/bestarbelegendary.com\/es\/wp-json\/wp\/v2\/types\/page"}],"author":[{"embeddable":true,"href":"https:\/\/bestarbelegendary.com\/es\/wp-json\/wp\/v2\/users\/1"}],"replies":[{"embeddable":true,"href":"https:\/\/bestarbelegendary.com\/es\/wp-json\/wp\/v2\/comments?post=16"}],"version-history":[{"count":3,"href":"https:\/\/bestarbelegendary.com\/es\/wp-json\/wp\/v2\/pages\/16\/revisions"}],"predecessor-version":[{"id":733,"href":"https:\/\/bestarbelegendary.com\/es\/wp-json\/wp\/v2\/pages\/16\/revisions\/733"}],"wp:featuredmedia":[{"embeddable":true,"href":"https:\/\/bestarbelegendary.com\/es\/wp-json\/wp\/v2\/media\/668"}],"wp:attachment":[{"href":"https:\/\/bestarbelegendary.com\/es\/wp-json\/wp\/v2\/media?parent=16"}],"curies":[{"name":"wp","href":"https:\/\/api.w.org\/{rel}","templated":true}]}}