{"id":12,"date":"2022-07-01T21:22:14","date_gmt":"2022-07-01T20:22:14","guid":{"rendered":"https:\/\/bestarbelegendary.com\/sobre-nos\/"},"modified":"2022-11-10T22:15:06","modified_gmt":"2022-11-10T22:15:06","slug":"sobre-nos","status":"publish","type":"page","link":"https:\/\/bestarbelegendary.com\/es\/sobre-nos\/","title":{"rendered":"Sobre nosostros"},"content":{"rendered":"<p><span style=\"font-weight: 400;\">Somos un grupo de personas que vivimos sin grandes perspectivas de futuro. Nos resignamos a trabajos que la mayor\u00eda de las veces ni siquiera nos gustaban y en los que trabaj\u00e1bamos s\u00f3lo para pagar las facturas diarias. Muchos de nosotros, por muy dedicados que fu\u00e9ramos, ni siquiera \u00e9ramos valorados porque \u00e9ramos un simple n\u00famero en la estructura de la empresa. Sent\u00edamos una profunda insatisfacci\u00f3n por trabajar tantas horas y ganar tan poco, o incluso ganar bien, pero no tener tiempo para nuestra familia, ya que \u00abcambi\u00e1bamos tiempo por dinero\u00bb.<\/span><\/p>\n<p><span style=\"font-weight: 400;\">Nos dimos cuenta de que nos \u00abpusimos la camiseta\u00bb de nuestra empresa para hacer realidad los sue\u00f1os de otras personas. Pero ten\u00edamos nuestros sue\u00f1os guardados en un caj\u00f3n, porque nunca intentamos hacerlos realidad. Porque nos han educado para elegir el camino que parece m\u00e1s seguro, y por eso nos da miedo asumir riesgos y cambiar lo supuestamente \u00abcorrecto, por lo incierto\u00bb.<\/span><\/p>\n<p><span style=\"font-weight: 400;\">Algunos de nosotros incluso nos arriesgamos a montar un negocio por nuestra cuenta. Pero entendimos que era muy caro, a veces implicaba una inversi\u00f3n de miles de euros y no siempre est\u00e1bamos dispuestos a hacerlo sin tener alg\u00fan apoyo financiero, o estrat\u00e9gico.<\/span><\/p>\n<h4><strong>QU\u00c9 NOS UNE?<\/strong><\/h4>\n<figure id=\"attachment_513\" aria-describedby=\"caption-attachment-513\" style=\"width: 967px\" class=\"wp-caption aligncenter\"><img decoding=\"async\" class=\"wp-image-513 size-full\" src=\"https:\/\/bestarbelegendary.com\/wp-content\/uploads\/2022\/09\/Web_Photo_Editor-27.jpg\" alt=\"\" width=\"967\" height=\"642\" srcset=\"https:\/\/bestarbelegendary.com\/wp-content\/uploads\/2022\/09\/Web_Photo_Editor-27.jpg 967w, https:\/\/bestarbelegendary.com\/wp-content\/uploads\/2022\/09\/Web_Photo_Editor-27-600x398.jpg 600w, https:\/\/bestarbelegendary.com\/wp-content\/uploads\/2022\/09\/Web_Photo_Editor-27-768x510.jpg 768w\" sizes=\"(max-width: 967px) 100vw, 967px\" \/><figcaption id=\"caption-attachment-513\" class=\"wp-caption-text\">Jantar tem\u00e1tico num Congresso | Paula Perry, Sam, Daniela Lima, Roger Vilar, Sofia Costa, Teresa Freitas, Iolanda Grenha, Eduardo Ara\u00fajo, Paulo, Bruno Gon\u00e7alves<\/figcaption><\/figure>\n<p><span style=\"font-weight: 400;\"><strong>Te han preguntado alguna vez cu\u00e1l ser\u00eda el trabajo de tus sue\u00f1os si no dependieras del dinero?<\/strong>\u00a0<\/span><\/p>\n<p><span style=\"font-weight: 400;\">Un d\u00eda alguien nos hizo esa pregunta. Y tambi\u00e9n nos pidi\u00f3 que defini\u00e9ramos c\u00f3mo ser\u00eda ese trabajo. Nuestras respuestas no eran exactamente iguales, pero ten\u00edan varios puntos en com\u00fan. Ser due\u00f1os de nuestro tiempo para tener m\u00e1s disponibilidad para la familia, poder trabajar donde queramos. Tambi\u00e9n quer\u00edamos un trabajo que nos reconociera por nuestro rendimiento, que tuviera un plan de carrera que nos permitiera ganar m\u00e1s y m\u00e1s sin tener que trabajar m\u00e1s horas y que nos proporcionara libertad financiera. Adem\u00e1s, pensamos que ser\u00eda incre\u00edble poder trabajar con gente que nos gusta y poder viajar m\u00e1s. Pensamos que ya est\u00e1bamos so\u00f1ando demasiado, pero para ser realmente perfectos nos encantar\u00eda ayudar a otras personas a tener tambi\u00e9n una vida con prop\u00f3sito y m\u00e1s calidad.<\/span><\/p>\n<p><span style=\"font-weight: 400;\">Todos hemos cre\u00eddo, pr\u00e1cticamente toda la vida, que era imposible tener una ocupaci\u00f3n con estas caracter\u00edsticas.<\/span><\/p>\n<p><span style=\"font-weight: 400;\">Hasta que un d\u00eda, alguien nos present\u00f3 la oportunidad que siempre so\u00f1amos, en una innovadora multinacional portuguesa que desde 2015 ha ganado millones de euros. Esta oportunidad es a\u00fan mejor de lo que imagin\u00e1bamos, ya que por un lado nos permiti\u00f3 una incre\u00edble transformaci\u00f3n interna a trav\u00e9s del desarrollo personal y por otro lado trabajar en el \u00e1rea del turismo que factura billones de euros anualmente. Se trata de un \u00e1mbito fascinante, ya que pr\u00e1cticamente no conocemos a nadie a quien no le guste viajar, lo que significa que todas las personas son clientes potenciales. De hecho, si nos fijamos, la mayor\u00eda de la gente se pasa los meses de trabajo so\u00f1ando con las ansiadas vacaciones y, a veces, se pasa meses ahorrando dinero para viajar. Adem\u00e1s, es incre\u00edble tener la sensaci\u00f3n de que tienes la posibilidad de contribuir a hacer realidad los sue\u00f1os de alguien.<\/span><\/p>\n<h4><strong>QU\u00c9 HACEMOS?<\/strong><\/h4>\n<p><span style=\"font-weight: 400;\">La empresa con la que trabajamos es consciente de que el mundo ha cambiado y cada vez m\u00e1s personas valoran las opiniones de sus conocidos, o incluso acuden a pedir sugerencias a trav\u00e9s de las redes sociales. De este modo, decidieron apostar por la publicidad a trav\u00e9s de una recomendaci\u00f3n mediante un sistema sencillo.<\/span><\/p>\n<p><span style=\"font-weight: 400;\">Si eres de los que piensan: \u00abno s\u00e9 vender\u00bb, \u00abno conozco a nadie\u00bb o \u00abno quiero molestar a nadie, no hay problema. Muchos de nosotros tambi\u00e9n tuvimos esos pensamientos, antes de conocer bien el negocio y darnos cuenta de que tendr\u00edamos un equipo que nos ense\u00f1ar\u00eda y acompa\u00f1ar\u00eda en este nuevo camino. Pero despu\u00e9s nos dimos cuenta de que \u00e9ramos capaces despu\u00e9s de todo, y es bueno que no nos hayamos dejado limitar por los miedos que sent\u00edamos.<\/span><\/p>\n<p><span style=\"font-weight: 400;\">Todos nosotros, en nuestra vida cotidiana, vendemos un producto, una experiencia, un servicio, un concepto o incluso algo que hemos aprendido y no nos damos cuenta porque lo hacemos de forma natural y sencilla. Pero si lo piensas, eso es vender. Ahora imagina que te vas de fin de semana, que te alegras y decides compartir fotos del hotel, o que recomiendas ese hotel a un amigo. Sin darse cuenta, est\u00e1 vendiendo indirectamente su experiencia. Cuando recomiendas algo que te gusta, puedes estar compartiendo algo que le interesa a otra persona.\u00a0<\/span><\/p>\n<h3><strong>Quieres ganar dinero con tus recomendaciones?\u00a0<\/strong><\/h3>\n<p><span style=\"font-weight: 400;\">Decidimos darnos una oportunidad, porque r\u00e1pidamente comprendimos que ten\u00edamos en nuestras manos algo \u00fanico y con un inmenso potencial. Actualmente ya trabajamos con personas de varios pa\u00edses, porque l\u00f3gicamente, algo tan bueno debe ser compartido en todo el mundo.<\/span><\/p>\n<p><span style=\"font-weight: 400;\">Hoy en d\u00eda no tememos al futuro, cuando pensamos en \u00e9l sentimos una enorme ilusi\u00f3n, estamos ansiosos por todo lo que vamos a conseguir y por la vida que vamos a proporcionar a los que m\u00e1s queremos, porque estamos seguros de que lo mejor est\u00e1 por llegar.<\/span><\/p>\n<p>&nbsp;<\/p>","protected":false},"excerpt":{"rendered":"<p>Somos un grupo de personas que vivimos sin grandes perspectivas de futuro. Nos resignamos a trabajos que la mayor\u00eda de las veces ni siquiera nos gustaban y en los que trabaj\u00e1bamos s\u00f3lo para pagar las facturas diarias. Muchos de nosotros, por muy dedicados que fu\u00e9ramos, ni siquiera \u00e9ramos valorados porque \u00e9ramos un simple n\u00famero en [&hellip;]<\/p>\n","protected":false},"author":1,"featured_media":235,"parent":0,"menu_order":0,"comment_status":"closed","ping_status":"closed","template":"templates\/about.php","meta":{"footnotes":""},"class_list":["post-12","page","type-page","status-publish","has-post-thumbnail","hentry"],"yoast_head":"<!-- This site is optimized with the Yoast SEO plugin v26.0 - https:\/\/yoast.com\/wordpress\/plugins\/seo\/ -->\n<title>Sobre nosostros - be star be legendary<\/title>\n<meta name=\"robots\" content=\"index, follow, max-snippet:-1, max-image-preview:large, max-video-preview:-1\" \/>\n<link rel=\"canonical\" href=\"https:\/\/bestarbelegendary.com\/es\/sobre-nos\/\" \/>\n<meta property=\"og:locale\" content=\"es_ES\" \/>\n<meta property=\"og:type\" content=\"article\" \/>\n<meta property=\"og:title\" content=\"Sobre nosostros - be star be legendary\" \/>\n<meta property=\"og:description\" content=\"Somos un grupo de personas que vivimos sin grandes perspectivas de futuro. Nos resignamos a trabajos que la mayor\u00eda de las veces ni siquiera nos gustaban y en los que trabaj\u00e1bamos s\u00f3lo para pagar las facturas diarias. Muchos de nosotros, por muy dedicados que fu\u00e9ramos, ni siquiera \u00e9ramos valorados porque \u00e9ramos un simple n\u00famero en [&hellip;]\" \/>\n<meta property=\"og:url\" content=\"https:\/\/bestarbelegendary.com\/es\/sobre-nos\/\" \/>\n<meta property=\"og:site_name\" content=\"be star be legendary\" \/>\n<meta property=\"article:modified_time\" content=\"2022-11-10T22:15:06+00:00\" \/>\n<meta property=\"og:image\" content=\"https:\/\/bestarbelegendary.com\/wp-content\/uploads\/2022\/07\/equipa-2.jpg\" \/>\n\t<meta property=\"og:image:width\" content=\"956\" \/>\n\t<meta property=\"og:image:height\" content=\"501\" \/>\n\t<meta property=\"og:image:type\" content=\"image\/jpeg\" \/>\n<meta name=\"twitter:card\" content=\"summary_large_image\" \/>\n<meta name=\"twitter:label1\" content=\"Tiempo de lectura\" \/>\n\t<meta name=\"twitter:data1\" content=\"6 minutos\" \/>\n<script type=\"application\/ld+json\" class=\"yoast-schema-graph\">{\"@context\":\"https:\/\/schema.org\",\"@graph\":[{\"@type\":\"WebPage\",\"@id\":\"https:\/\/bestarbelegendary.com\/es\/sobre-nos\/\",\"url\":\"https:\/\/bestarbelegendary.com\/es\/sobre-nos\/\",\"name\":\"Sobre nosostros - be star be legendary\",\"isPartOf\":{\"@id\":\"https:\/\/bestarbelegendary.com\/es\/#website\"},\"primaryImageOfPage\":{\"@id\":\"https:\/\/bestarbelegendary.com\/es\/sobre-nos\/#primaryimage\"},\"image\":{\"@id\":\"https:\/\/bestarbelegendary.com\/sobre-nos\/#primaryimage\"},\"thumbnailUrl\":\"https:\/\/bestarbelegendary.com\/wp-content\/uploads\/2022\/07\/equipa-2.jpg\",\"datePublished\":\"2022-07-01T20:22:14+00:00\",\"dateModified\":\"2022-11-10T22:15:06+00:00\",\"breadcrumb\":{\"@id\":\"https:\/\/bestarbelegendary.com\/es\/sobre-nos\/#breadcrumb\"},\"inLanguage\":\"es\",\"potentialAction\":[{\"@type\":\"ReadAction\",\"target\":[[\"https:\/\/bestarbelegendary.com\/es\/sobre-nos\/\"]]}]},{\"@type\":\"ImageObject\",\"inLanguage\":\"es\",\"@id\":\"https:\/\/bestarbelegendary.com\/es\/sobre-nos\/#primaryimage\",\"url\":\"https:\/\/bestarbelegendary.com\/wp-content\/uploads\/2022\/07\/equipa-2.jpg\",\"contentUrl\":\"https:\/\/bestarbelegendary.com\/wp-content\/uploads\/2022\/07\/equipa-2.jpg\",\"width\":956,\"height\":501},{\"@type\":\"BreadcrumbList\",\"@id\":\"https:\/\/bestarbelegendary.com\/es\/sobre-nos\/#breadcrumb\",\"itemListElement\":[{\"@type\":\"ListItem\",\"position\":1,\"name\":\"In\u00edcio\",\"item\":\"https:\/\/bestarbelegendary.com\/es\/\"},{\"@type\":\"ListItem\",\"position\":2,\"name\":\"Sobre n\u00f3s\"}]},{\"@type\":\"WebSite\",\"@id\":\"https:\/\/bestarbelegendary.com\/es\/#website\",\"url\":\"https:\/\/bestarbelegendary.com\/es\/\",\"name\":\"be star be legendary\",\"description\":\"www.bestarbelegendary.com\",\"potentialAction\":[{\"@type\":\"SearchAction\",\"target\":{\"@type\":\"EntryPoint\",\"urlTemplate\":\"https:\/\/bestarbelegendary.com\/es\/?s={search_term_string}\"},\"query-input\":{\"@type\":\"PropertyValueSpecification\",\"valueRequired\":true,\"valueName\":\"search_term_string\"}}],\"inLanguage\":\"es\"}]}<\/script>\n<!-- \/ Yoast SEO plugin. -->","yoast_head_json":{"title":"Sobre nosostros - be star be legendary","robots":{"index":"index","follow":"follow","max-snippet":"max-snippet:-1","max-image-preview":"max-image-preview:large","max-video-preview":"max-video-preview:-1"},"canonical":"https:\/\/bestarbelegendary.com\/es\/sobre-nos\/","og_locale":"es_ES","og_type":"article","og_title":"Sobre nosostros - be star be legendary","og_description":"Somos un grupo de personas que vivimos sin grandes perspectivas de futuro. Nos resignamos a trabajos que la mayor\u00eda de las veces ni siquiera nos gustaban y en los que trabaj\u00e1bamos s\u00f3lo para pagar las facturas diarias. Muchos de nosotros, por muy dedicados que fu\u00e9ramos, ni siquiera \u00e9ramos valorados porque \u00e9ramos un simple n\u00famero en [&hellip;]","og_url":"https:\/\/bestarbelegendary.com\/es\/sobre-nos\/","og_site_name":"be star be legendary","article_modified_time":"2022-11-10T22:15:06+00:00","og_image":[{"width":956,"height":501,"url":"https:\/\/bestarbelegendary.com\/wp-content\/uploads\/2022\/07\/equipa-2.jpg","type":"image\/jpeg"}],"twitter_card":"summary_large_image","twitter_misc":{"Tiempo de lectura":"6 minutos"},"schema":{"@context":"https:\/\/schema.org","@graph":[{"@type":"WebPage","@id":"https:\/\/bestarbelegendary.com\/es\/sobre-nos\/","url":"https:\/\/bestarbelegendary.com\/es\/sobre-nos\/","name":"Sobre nosostros - be star be legendary","isPartOf":{"@id":"https:\/\/bestarbelegendary.com\/es\/#website"},"primaryImageOfPage":{"@id":"https:\/\/bestarbelegendary.com\/es\/sobre-nos\/#primaryimage"},"image":{"@id":"https:\/\/bestarbelegendary.com\/sobre-nos\/#primaryimage"},"thumbnailUrl":"https:\/\/bestarbelegendary.com\/wp-content\/uploads\/2022\/07\/equipa-2.jpg","datePublished":"2022-07-01T20:22:14+00:00","dateModified":"2022-11-10T22:15:06+00:00","breadcrumb":{"@id":"https:\/\/bestarbelegendary.com\/es\/sobre-nos\/#breadcrumb"},"inLanguage":"es","potentialAction":[{"@type":"ReadAction","target":[["https:\/\/bestarbelegendary.com\/es\/sobre-nos\/"]]}]},{"@type":"ImageObject","inLanguage":"es","@id":"https:\/\/bestarbelegendary.com\/es\/sobre-nos\/#primaryimage","url":"https:\/\/bestarbelegendary.com\/wp-content\/uploads\/2022\/07\/equipa-2.jpg","contentUrl":"https:\/\/bestarbelegendary.com\/wp-content\/uploads\/2022\/07\/equipa-2.jpg","width":956,"height":501},{"@type":"BreadcrumbList","@id":"https:\/\/bestarbelegendary.com\/es\/sobre-nos\/#breadcrumb","itemListElement":[{"@type":"ListItem","position":1,"name":"In\u00edcio","item":"https:\/\/bestarbelegendary.com\/es\/"},{"@type":"ListItem","position":2,"name":"Sobre n\u00f3s"}]},{"@type":"WebSite","@id":"https:\/\/bestarbelegendary.com\/es\/#website","url":"https:\/\/bestarbelegendary.com\/es\/","name":"be star be legendary","description":"www.bestarbelegendary.com","potentialAction":[{"@type":"SearchAction","target":{"@type":"EntryPoint","urlTemplate":"https:\/\/bestarbelegendary.com\/es\/?s={search_term_string}"},"query-input":{"@type":"PropertyValueSpecification","valueRequired":true,"valueName":"search_term_string"}}],"inLanguage":"es"}]}},"_links":{"self":[{"href":"https:\/\/bestarbelegendary.com\/es\/wp-json\/wp\/v2\/pages\/12","targetHints":{"allow":["GET"]}}],"collection":[{"href":"https:\/\/bestarbelegendary.com\/es\/wp-json\/wp\/v2\/pages"}],"about":[{"href":"https:\/\/bestarbelegendary.com\/es\/wp-json\/wp\/v2\/types\/page"}],"author":[{"embeddable":true,"href":"https:\/\/bestarbelegendary.com\/es\/wp-json\/wp\/v2\/users\/1"}],"replies":[{"embeddable":true,"href":"https:\/\/bestarbelegendary.com\/es\/wp-json\/wp\/v2\/comments?post=12"}],"version-history":[{"count":3,"href":"https:\/\/bestarbelegendary.com\/es\/wp-json\/wp\/v2\/pages\/12\/revisions"}],"predecessor-version":[{"id":778,"href":"https:\/\/bestarbelegendary.com\/es\/wp-json\/wp\/v2\/pages\/12\/revisions\/778"}],"wp:featuredmedia":[{"embeddable":true,"href":"https:\/\/bestarbelegendary.com\/es\/wp-json\/wp\/v2\/media\/235"}],"wp:attachment":[{"href":"https:\/\/bestarbelegendary.com\/es\/wp-json\/wp\/v2\/media?parent=12"}],"curies":[{"name":"wp","href":"https:\/\/api.w.org\/{rel}","templated":true}]}}