{"id":10,"date":"2022-07-01T21:22:14","date_gmt":"2022-07-01T20:22:14","guid":{"rendered":"https:\/\/bestarbelegendary.com\/junta-te\/"},"modified":"2022-12-07T18:07:53","modified_gmt":"2022-12-07T18:07:53","slug":"junta-te","status":"publish","type":"page","link":"https:\/\/bestarbelegendary.com\/es\/junta-te\/","title":{"rendered":"\u00danete a nosotros"},"content":{"rendered":"<p>Si quieres tener una vida con m\u00e1s calidad y te identificas con nuestra visi\u00f3n, ofr\u00e9cete esta oportunidad. \u00danete a un equipo ganador.<br \/>\nPuede contar con nuestro apoyo desde el primer d\u00eda. Compartiremos nuestra experiencia y conocimiento contigo para que puedas alcanzar tus objetivos m\u00e1s f\u00e1cilmente.<\/p>","protected":false},"excerpt":{"rendered":"<p>Si quieres tener una vida con m\u00e1s calidad y te identificas con nuestra visi\u00f3n, ofr\u00e9cete esta oportunidad. \u00danete a un equipo ganador. Puede contar con nuestro apoyo desde el primer d\u00eda. Compartiremos nuestra experiencia y conocimiento contigo para que puedas alcanzar tus objetivos m\u00e1s f\u00e1cilmente.<\/p>\n","protected":false},"author":1,"featured_media":235,"parent":0,"menu_order":0,"comment_status":"closed","ping_status":"closed","template":"templates\/join-us.php","meta":{"footnotes":""},"class_list":["post-10","page","type-page","status-publish","has-post-thumbnail","hentry"],"yoast_head":"<!-- This site is optimized with the Yoast SEO plugin v26.0 - https:\/\/yoast.com\/wordpress\/plugins\/seo\/ -->\n<title>\u00danete a nosotros - be star be legendary<\/title>\n<meta name=\"robots\" content=\"index, follow, max-snippet:-1, max-image-preview:large, max-video-preview:-1\" \/>\n<link rel=\"canonical\" href=\"https:\/\/bestarbelegendary.com\/es\/junta-te\/\" \/>\n<meta property=\"og:locale\" content=\"es_ES\" \/>\n<meta property=\"og:type\" content=\"article\" \/>\n<meta property=\"og:title\" content=\"\u00danete a nosotros - be star be legendary\" \/>\n<meta property=\"og:description\" content=\"Si quieres tener una vida con m\u00e1s calidad y te identificas con nuestra visi\u00f3n, ofr\u00e9cete esta oportunidad. \u00danete a un equipo ganador. Puede contar con nuestro apoyo desde el primer d\u00eda. Compartiremos nuestra experiencia y conocimiento contigo para que puedas alcanzar tus objetivos m\u00e1s f\u00e1cilmente.\" \/>\n<meta property=\"og:url\" content=\"https:\/\/bestarbelegendary.com\/es\/junta-te\/\" \/>\n<meta property=\"og:site_name\" content=\"be star be legendary\" \/>\n<meta property=\"article:modified_time\" content=\"2022-12-07T18:07:53+00:00\" \/>\n<meta property=\"og:image\" content=\"https:\/\/bestarbelegendary.com\/wp-content\/uploads\/2022\/07\/equipa-2.jpg\" \/>\n\t<meta property=\"og:image:width\" content=\"956\" \/>\n\t<meta property=\"og:image:height\" content=\"501\" \/>\n\t<meta property=\"og:image:type\" content=\"image\/jpeg\" \/>\n<meta name=\"twitter:card\" content=\"summary_large_image\" \/>\n<meta name=\"twitter:label1\" content=\"Tiempo de lectura\" \/>\n\t<meta name=\"twitter:data1\" content=\"1 minuto\" \/>\n<script type=\"application\/ld+json\" class=\"yoast-schema-graph\">{\"@context\":\"https:\/\/schema.org\",\"@graph\":[{\"@type\":\"WebPage\",\"@id\":\"https:\/\/bestarbelegendary.com\/es\/junta-te\/\",\"url\":\"https:\/\/bestarbelegendary.com\/es\/junta-te\/\",\"name\":\"\u00danete a nosotros - be star be legendary\",\"isPartOf\":{\"@id\":\"https:\/\/bestarbelegendary.com\/es\/#website\"},\"primaryImageOfPage\":{\"@id\":\"https:\/\/bestarbelegendary.com\/es\/junta-te\/#primaryimage\"},\"image\":{\"@id\":\"https:\/\/bestarbelegendary.com\/junta-te\/#primaryimage\"},\"thumbnailUrl\":\"https:\/\/bestarbelegendary.com\/wp-content\/uploads\/2022\/07\/equipa-2.jpg\",\"datePublished\":\"2022-07-01T20:22:14+00:00\",\"dateModified\":\"2022-12-07T18:07:53+00:00\",\"breadcrumb\":{\"@id\":\"https:\/\/bestarbelegendary.com\/es\/junta-te\/#breadcrumb\"},\"inLanguage\":\"es\",\"potentialAction\":[{\"@type\":\"ReadAction\",\"target\":[[\"https:\/\/bestarbelegendary.com\/es\/junta-te\/\"]]}]},{\"@type\":\"ImageObject\",\"inLanguage\":\"es\",\"@id\":\"https:\/\/bestarbelegendary.com\/es\/junta-te\/#primaryimage\",\"url\":\"https:\/\/bestarbelegendary.com\/wp-content\/uploads\/2022\/07\/equipa-2.jpg\",\"contentUrl\":\"https:\/\/bestarbelegendary.com\/wp-content\/uploads\/2022\/07\/equipa-2.jpg\",\"width\":956,\"height\":501},{\"@type\":\"BreadcrumbList\",\"@id\":\"https:\/\/bestarbelegendary.com\/es\/junta-te\/#breadcrumb\",\"itemListElement\":[{\"@type\":\"ListItem\",\"position\":1,\"name\":\"In\u00edcio\",\"item\":\"https:\/\/bestarbelegendary.com\/es\/\"},{\"@type\":\"ListItem\",\"position\":2,\"name\":\"Junta-te a n\u00f3s\"}]},{\"@type\":\"WebSite\",\"@id\":\"https:\/\/bestarbelegendary.com\/es\/#website\",\"url\":\"https:\/\/bestarbelegendary.com\/es\/\",\"name\":\"be star be legendary\",\"description\":\"www.bestarbelegendary.com\",\"potentialAction\":[{\"@type\":\"SearchAction\",\"target\":{\"@type\":\"EntryPoint\",\"urlTemplate\":\"https:\/\/bestarbelegendary.com\/es\/?s={search_term_string}\"},\"query-input\":{\"@type\":\"PropertyValueSpecification\",\"valueRequired\":true,\"valueName\":\"search_term_string\"}}],\"inLanguage\":\"es\"}]}<\/script>\n<!-- \/ Yoast SEO plugin. -->","yoast_head_json":{"title":"\u00danete a nosotros - be star be legendary","robots":{"index":"index","follow":"follow","max-snippet":"max-snippet:-1","max-image-preview":"max-image-preview:large","max-video-preview":"max-video-preview:-1"},"canonical":"https:\/\/bestarbelegendary.com\/es\/junta-te\/","og_locale":"es_ES","og_type":"article","og_title":"\u00danete a nosotros - be star be legendary","og_description":"Si quieres tener una vida con m\u00e1s calidad y te identificas con nuestra visi\u00f3n, ofr\u00e9cete esta oportunidad. \u00danete a un equipo ganador. Puede contar con nuestro apoyo desde el primer d\u00eda. Compartiremos nuestra experiencia y conocimiento contigo para que puedas alcanzar tus objetivos m\u00e1s f\u00e1cilmente.","og_url":"https:\/\/bestarbelegendary.com\/es\/junta-te\/","og_site_name":"be star be legendary","article_modified_time":"2022-12-07T18:07:53+00:00","og_image":[{"width":956,"height":501,"url":"https:\/\/bestarbelegendary.com\/wp-content\/uploads\/2022\/07\/equipa-2.jpg","type":"image\/jpeg"}],"twitter_card":"summary_large_image","twitter_misc":{"Tiempo de lectura":"1 minuto"},"schema":{"@context":"https:\/\/schema.org","@graph":[{"@type":"WebPage","@id":"https:\/\/bestarbelegendary.com\/es\/junta-te\/","url":"https:\/\/bestarbelegendary.com\/es\/junta-te\/","name":"\u00danete a nosotros - be star be legendary","isPartOf":{"@id":"https:\/\/bestarbelegendary.com\/es\/#website"},"primaryImageOfPage":{"@id":"https:\/\/bestarbelegendary.com\/es\/junta-te\/#primaryimage"},"image":{"@id":"https:\/\/bestarbelegendary.com\/junta-te\/#primaryimage"},"thumbnailUrl":"https:\/\/bestarbelegendary.com\/wp-content\/uploads\/2022\/07\/equipa-2.jpg","datePublished":"2022-07-01T20:22:14+00:00","dateModified":"2022-12-07T18:07:53+00:00","breadcrumb":{"@id":"https:\/\/bestarbelegendary.com\/es\/junta-te\/#breadcrumb"},"inLanguage":"es","potentialAction":[{"@type":"ReadAction","target":[["https:\/\/bestarbelegendary.com\/es\/junta-te\/"]]}]},{"@type":"ImageObject","inLanguage":"es","@id":"https:\/\/bestarbelegendary.com\/es\/junta-te\/#primaryimage","url":"https:\/\/bestarbelegendary.com\/wp-content\/uploads\/2022\/07\/equipa-2.jpg","contentUrl":"https:\/\/bestarbelegendary.com\/wp-content\/uploads\/2022\/07\/equipa-2.jpg","width":956,"height":501},{"@type":"BreadcrumbList","@id":"https:\/\/bestarbelegendary.com\/es\/junta-te\/#breadcrumb","itemListElement":[{"@type":"ListItem","position":1,"name":"In\u00edcio","item":"https:\/\/bestarbelegendary.com\/es\/"},{"@type":"ListItem","position":2,"name":"Junta-te a n\u00f3s"}]},{"@type":"WebSite","@id":"https:\/\/bestarbelegendary.com\/es\/#website","url":"https:\/\/bestarbelegendary.com\/es\/","name":"be star be legendary","description":"www.bestarbelegendary.com","potentialAction":[{"@type":"SearchAction","target":{"@type":"EntryPoint","urlTemplate":"https:\/\/bestarbelegendary.com\/es\/?s={search_term_string}"},"query-input":{"@type":"PropertyValueSpecification","valueRequired":true,"valueName":"search_term_string"}}],"inLanguage":"es"}]}},"_links":{"self":[{"href":"https:\/\/bestarbelegendary.com\/es\/wp-json\/wp\/v2\/pages\/10","targetHints":{"allow":["GET"]}}],"collection":[{"href":"https:\/\/bestarbelegendary.com\/es\/wp-json\/wp\/v2\/pages"}],"about":[{"href":"https:\/\/bestarbelegendary.com\/es\/wp-json\/wp\/v2\/types\/page"}],"author":[{"embeddable":true,"href":"https:\/\/bestarbelegendary.com\/es\/wp-json\/wp\/v2\/users\/1"}],"replies":[{"embeddable":true,"href":"https:\/\/bestarbelegendary.com\/es\/wp-json\/wp\/v2\/comments?post=10"}],"version-history":[{"count":3,"href":"https:\/\/bestarbelegendary.com\/es\/wp-json\/wp\/v2\/pages\/10\/revisions"}],"predecessor-version":[{"id":831,"href":"https:\/\/bestarbelegendary.com\/es\/wp-json\/wp\/v2\/pages\/10\/revisions\/831"}],"wp:featuredmedia":[{"embeddable":true,"href":"https:\/\/bestarbelegendary.com\/es\/wp-json\/wp\/v2\/media\/235"}],"wp:attachment":[{"href":"https:\/\/bestarbelegendary.com\/es\/wp-json\/wp\/v2\/media?parent=10"}],"curies":[{"name":"wp","href":"https:\/\/api.w.org\/{rel}","templated":true}]}}