{"id":24,"date":"2022-07-01T21:22:17","date_gmt":"2022-07-01T20:22:17","guid":{"rendered":"https:\/\/bestarbelegendary.com\/formacao\/"},"modified":"2022-10-12T17:56:59","modified_gmt":"2022-10-12T16:56:59","slug":"formacao","status":"publish","type":"page","link":"https:\/\/bestarbelegendary.com\/en\/formacao\/","title":{"rendered":"Training"},"content":{"rendered":"<p><\/p>\n<h3><strong>Change your vision<\/strong><\/h3>\n<p>One day someone made to each of us some questions that we now want to ask you.<\/p>\n<figure id=\"attachment_235\" aria-describedby=\"caption-attachment-235\" style=\"width: 956px\" class=\"wp-caption aligncenter\"><img decoding=\"async\" class=\"wp-image-235 size-full\" src=\"https:\/\/bestarbelegendary.com\/wp-content\/uploads\/2022\/07\/equipa-2.jpg\" alt=\"\" width=\"956\" height=\"501\" srcset=\"https:\/\/bestarbelegendary.com\/wp-content\/uploads\/2022\/07\/equipa-2.jpg 956w, https:\/\/bestarbelegendary.com\/wp-content\/uploads\/2022\/07\/equipa-2-600x314.jpg 600w, https:\/\/bestarbelegendary.com\/wp-content\/uploads\/2022\/07\/equipa-2-768x402.jpg 768w\" sizes=\"(max-width: 956px) 100vw, 956px\" \/><figcaption id=\"caption-attachment-235\" class=\"wp-caption-text\">F\u00e1tima Silva, Bruno Gon\u00e7alves, Roger Vilar, Sofia Costa, Iolanda Grenha, Teresa Freitas e Andr\u00e9 Martins<\/figcaption><\/figure>\n<p><strong>&#8211; Have you ever wanted to change your life but doubted about yourself and your capacities? You believe that you\u2019re not capable!<\/strong><\/p>\n<p><strong>&#8211; Did you believe you\u2019re not lucky and have a better life is not for you?<\/strong><br \/>\n<strong>&#8211; Have you ever felt lost and don\u2019t know exactly what\u2019s your purpose of life?<\/strong><br \/>\n<strong>&#8211; Have you ever felt you reached the goals you defined but, in the end, didn\u2019t feel fulfilled?<\/strong><br \/>\n<strong>&#8211; Have you ever felt that when sharing your way of thinking and your ideas nobody understands you, underestimate and even judge you?<\/strong><br \/>\n<strong>&#8211; Have you ever felt that for as much as you make the effort you don\u2019t feel happy?<\/strong><br \/>\n<strong>&#8211; Is time short to do what you like and be whit the onesyou love?<\/strong><\/p>\n<p>All of us felt the impact of some of these questions because they reflected some aspects of your life which caused us discomfort. Is you also feel the same way that means you\u2019re note investing enough in yourself and working your mindset as you should.<br \/>\nHave you ever questioned why we feel the need of going to the gym usually, for example, but maybe never reading a book or learning something that could help you having a happier life?<br \/>\nWe\u2019re living in an era where we live a lot of appearances and the cult of the body is<br \/>\nencouraged.<\/p>\n<p>That is not wrong but, as everything in life, we need to have balance. Our well-being begins from inside to outside. When you feel good in the inside, that will reflect on your outsider.<br \/>\nImagine someone who starts going to the gym or to a nutritionist but feels completely<br \/>\ndiscouraged. For how long will that person be consistent? Which results will she have?<br \/>\nEverything starts in our mind; she has the power to take us to success or completely fail in every area of our life.<br \/>\nWhen we decided to say yes to this opportunity, we entered the world of personal<br \/>\ndevelopment, and it was truly transforming to each of us. Not only on a professional level but also at a personal one. We\u2019ve been learning so much that one text wouldn\u2019t be enough to describe it\u2026<\/p>\n<p>At a professional level we learnt, for example: how to better manage our time, how to increase our focus and motivation, to define goals, to better deal with challenges, out to communicate in a better way, to develop leadership capacities and so on.<br \/>\nAt a personal level we learnt, among others: to manage our emotions in a more intelligent way, to have more satisfying family relations, to be better parents, to increase our self-confidence and so on.<\/p>\n<figure id=\"attachment_537\" aria-describedby=\"caption-attachment-537\" style=\"width: 526px\" class=\"wp-caption aligncenter\"><img decoding=\"async\" class=\"wp-image-537 size-full\" src=\"https:\/\/bestarbelegendary.com\/wp-content\/uploads\/2022\/09\/Eduardo-e-Bruno.jpg\" alt=\"\" width=\"526\" height=\"789\" \/><figcaption id=\"caption-attachment-537\" class=\"wp-caption-text\">Jantar tem\u00e1tico de Congresso: Eduardo Ara\u00fajo &#8211; @instagram.com\/edward_araujo97 | Bruno Gon\u00e7alves &#8211; @instagram\/brunog_29<\/figcaption><\/figure>\n<p>Your Mental Gym provides a complete and accessible personal development training program.<br \/>\nThe main goal is to put the right tools within reach of anyone which will allow to build the life we aim. Those who really have the will to improve their lifes will have a permanent accompaniment in a way that lasting and real results will be guaranteed in the improvement of quality of life, in its many different areas.<\/p>\n<p>The development was the first step in the way that our life finally started to change, after many frustrated attempts for which all of us passed through. Currently, we live our life with more wisdom, which brings us confidence and, therefore, tranquility. We can boost results and overcome easily every obstacle which comes in our ways. And we are aware that, with focus, persistent, consistent and will to learn our growth will be continuous. which recognises that the key to being successful professionally and having a happy life lies in the relationships we are able to build (starting with the ones we have with ourselves).<\/p>\n<p><strong>TRAINING ACADEMY<\/strong><\/p>\n<figure id=\"attachment_261\" aria-describedby=\"caption-attachment-261\" style=\"width: 955px\" class=\"wp-caption aligncenter\"><img decoding=\"async\" class=\"wp-image-261 size-full\" src=\"https:\/\/bestarbelegendary.com\/wp-content\/uploads\/2022\/07\/Roger-editada.jpg\" alt=\"\" width=\"955\" height=\"635\" srcset=\"https:\/\/bestarbelegendary.com\/wp-content\/uploads\/2022\/07\/Roger-editada.jpg 955w, https:\/\/bestarbelegendary.com\/wp-content\/uploads\/2022\/07\/Roger-editada-600x399.jpg 600w, https:\/\/bestarbelegendary.com\/wp-content\/uploads\/2022\/07\/Roger-editada-768x511.jpg 768w\" sizes=\"(max-width: 955px) 100vw, 955px\" \/><figcaption id=\"caption-attachment-261\" class=\"wp-caption-text\">Roger Vilar | @instagram.com\/rogervilar_go_pro<\/figcaption><\/figure>\n<p>&#8211; <strong>Coaching Foundations<\/strong><\/p>\n<figure id=\"attachment_195\" aria-describedby=\"caption-attachment-195\" style=\"width: 1150px\" class=\"wp-caption aligncenter\"><img decoding=\"async\" class=\"wp-image-195 size-large\" src=\"https:\/\/bestarbelegendary.com\/wp-content\/uploads\/2022\/07\/PicsArt_07-05-05.52.04-1150x784.jpg\" alt=\"\" width=\"1150\" height=\"784\" srcset=\"https:\/\/bestarbelegendary.com\/wp-content\/uploads\/2022\/07\/PicsArt_07-05-05.52.04-1150x784.jpg 1150w, https:\/\/bestarbelegendary.com\/wp-content\/uploads\/2022\/07\/PicsArt_07-05-05.52.04-600x409.jpg 600w, https:\/\/bestarbelegendary.com\/wp-content\/uploads\/2022\/07\/PicsArt_07-05-05.52.04-768x523.jpg 768w, https:\/\/bestarbelegendary.com\/wp-content\/uploads\/2022\/07\/PicsArt_07-05-05.52.04-1536x1047.jpg 1536w, https:\/\/bestarbelegendary.com\/wp-content\/uploads\/2022\/07\/PicsArt_07-05-05.52.04.jpg 1736w\" sizes=\"(max-width: 1150px) 100vw, 1150px\" \/><figcaption id=\"caption-attachment-195\" class=\"wp-caption-text\">Sofia Costa | @instagram.com\/sofia_mumboss_traveler<\/figcaption><\/figure>\n<p>Coaching is a set of skills that can be learned and developed by anyone, at any stage of their life, in order to enhance their abilities.<br \/>\nThis entire process is achieved through scientifically proven methodologies, tools and<br \/>\ntechniques that help us understand how we think, react, change and evolve.<br \/>\nIt is important to note that the coaching process is not therapy. In Coaching, we work to set goals and objectives, not to treat pain, dysfunction or conflict. At most, we can help to become aware of this conflict, which has become a problem. Thus, Coaching is one of the most effective tools of Personal Development.<br \/>\nIn this course we will help you to understand and achieve what your life goals are!<\/p>\n<p><strong>&#8211; NLP basis<\/strong><br \/>\nNLP is the science that studies how language and emotions interfere with our actions.<br \/>\nKnowing how our mind works is the first step to improving our life. The second is knowing how to communicate effectively. And the third is perceiving others and building successful relationships.<br \/>\nThis course is your start in the world of personal development and on the path to finding your best version.<\/p>\n<p><strong>&#8211; Emotional Management: How to control thoughts and emotions<\/strong><\/p>\n<figure id=\"attachment_260\" aria-describedby=\"caption-attachment-260\" style=\"width: 950px\" class=\"wp-caption aligncenter\"><img decoding=\"async\" class=\"wp-image-260\" src=\"https:\/\/bestarbelegendary.com\/wp-content\/uploads\/2022\/07\/1658943885562-600x412.jpg\" alt=\"\" width=\"950\" height=\"653\" srcset=\"https:\/\/bestarbelegendary.com\/wp-content\/uploads\/2022\/07\/1658943885562-600x412.jpg 600w, https:\/\/bestarbelegendary.com\/wp-content\/uploads\/2022\/07\/1658943885562-768x528.jpg 768w, https:\/\/bestarbelegendary.com\/wp-content\/uploads\/2022\/07\/1658943885562.jpg 783w\" sizes=\"(max-width: 950px) 100vw, 950px\" \/><figcaption id=\"caption-attachment-260\" class=\"wp-caption-text\">Iolanda Grenha | https:\/\/iolandagrenha.com\/<\/figcaption><\/figure>\n<p>Surely you must have heard this phrase: &#8211; \u201cThe quality of your life is directly related to the quality of your emotions.\u201d<\/p>\n<p>If we constantly live in negative emotional states (anger, frustration, anxiety, sadness, etc.), it means that our life is exhausting and problematic. If, on the other hand, we focus more on the good side of things (joy, enthusiasm, calm, love, etc.), this will certainly make our path happier!<br \/>\nThis course was designed to provide you with the emotional and thought freedom you\u00b4re looking for, so you can live the life you\u00b4ve created for yourself.<\/p>\n<p><strong>&#8211; Linguistic Intelligence<\/strong><br \/>\nUsing words correctly is halfway to success!<br \/>\nThe way you communicate to the outside world will always influence the way other people see you! Communicating clearly and impacting other people through words is almost a gift!<br \/>\nSo, in this course, we will help you to communicate correctly and help you to get what you want! Through powerful questions you will be able to have more clarity about what you want for yourself!<\/p>\n<p><strong>&#8211; Leadership<\/strong><br \/>\nIs being a boss the same as being a leader?<br \/>\nFirst thing to retain, nobody is born a leader! Leadership is a skill that is acquired by<br \/>\nworking it!<br \/>\nWith this course you will learn ways to work on your leadership skills!<\/p>\n<p><strong>&#8211; Sales<\/strong><\/p>\n<figure id=\"attachment_213\" aria-describedby=\"caption-attachment-213\" style=\"width: 950px\" class=\"wp-caption aligncenter\"><img decoding=\"async\" class=\"wp-image-213\" src=\"https:\/\/bestarbelegendary.com\/wp-content\/uploads\/2022\/07\/Fatima-600x569.jpg\" alt=\"\" width=\"950\" height=\"900\" srcset=\"https:\/\/bestarbelegendary.com\/wp-content\/uploads\/2022\/07\/Fatima-600x569.jpg 600w, https:\/\/bestarbelegendary.com\/wp-content\/uploads\/2022\/07\/Fatima-768x728.jpg 768w, https:\/\/bestarbelegendary.com\/wp-content\/uploads\/2022\/07\/Fatima.jpg 881w\" sizes=\"(max-width: 950px) 100vw, 950px\" \/><figcaption id=\"caption-attachment-213\" class=\"wp-caption-text\">F\u00e1tima Silva | https:\/\/www.instagram.com\/ganheiasasparavoar\/<\/figcaption><\/figure>\n<p>You probably know someone who has said this many times\u2026 \u201cI have no ability to sell!\u201d<br \/>\nMaybe that person was \u201cborn\u201d for sales and hasn\u00b4t realized it yet!<br \/>\nAll of us at some point in our lives have had to persuade someone to buy or acquire<br \/>\nsomething, so in this course, you will learn how to persuade correctly and make yourself heard!<br \/>\nHere, let\u00b4s go guide you on a journey through the formula of persuasion that we extract from the best in the world. A formula that, when you start using it, will make you more persuasive on a daily basis and achieve truly inspiring results in any sector.<\/p>","protected":false},"excerpt":{"rendered":"<p>Change your vision One day someone made to each of us some questions that we now want to ask you. &#8211; Have you ever wanted to change your life but doubted about yourself and your capacities? You believe that you\u2019re not capable! &#8211; Did you believe you\u2019re not lucky and have a better life is [&hellip;]<\/p>\n","protected":false},"author":1,"featured_media":523,"parent":0,"menu_order":0,"comment_status":"closed","ping_status":"closed","template":"templates\/formacao.php","meta":{"footnotes":""},"class_list":["post-24","page","type-page","status-publish","has-post-thumbnail","hentry"],"yoast_head":"<!-- This site is optimized with the Yoast SEO plugin v26.0 - https:\/\/yoast.com\/wordpress\/plugins\/seo\/ -->\n<title>Training - be star be legendary<\/title>\n<meta name=\"robots\" content=\"index, follow, max-snippet:-1, max-image-preview:large, max-video-preview:-1\" \/>\n<link rel=\"canonical\" href=\"https:\/\/bestarbelegendary.com\/en\/formacao\/\" \/>\n<meta property=\"og:locale\" content=\"en_US\" \/>\n<meta property=\"og:type\" content=\"article\" \/>\n<meta property=\"og:title\" content=\"Training - be star be legendary\" \/>\n<meta property=\"og:description\" content=\"Change your vision One day someone made to each of us some questions that we now want to ask you. &#8211; Have you ever wanted to change your life but doubted about yourself and your capacities? You believe that you\u2019re not capable! &#8211; Did you believe you\u2019re not lucky and have a better life is [&hellip;]\" \/>\n<meta property=\"og:url\" content=\"https:\/\/bestarbelegendary.com\/en\/formacao\/\" \/>\n<meta property=\"og:site_name\" content=\"be star be legendary\" \/>\n<meta property=\"article:modified_time\" content=\"2022-10-12T16:56:59+00:00\" \/>\n<meta property=\"og:image\" content=\"https:\/\/bestarbelegendary.com\/wp-content\/uploads\/2022\/09\/Jantar-Congresso-topo-1.jpg\" \/>\n\t<meta property=\"og:image:width\" content=\"967\" \/>\n\t<meta property=\"og:image:height\" content=\"553\" \/>\n\t<meta property=\"og:image:type\" content=\"image\/jpeg\" \/>\n<meta name=\"twitter:card\" content=\"summary_large_image\" \/>\n<meta name=\"twitter:label1\" content=\"Est. reading time\" \/>\n\t<meta name=\"twitter:data1\" content=\"8 minutes\" \/>\n<script type=\"application\/ld+json\" class=\"yoast-schema-graph\">{\"@context\":\"https:\/\/schema.org\",\"@graph\":[{\"@type\":\"WebPage\",\"@id\":\"https:\/\/bestarbelegendary.com\/en\/formacao\/\",\"url\":\"https:\/\/bestarbelegendary.com\/en\/formacao\/\",\"name\":\"Training - be star be legendary\",\"isPartOf\":{\"@id\":\"https:\/\/bestarbelegendary.com\/en\/#website\"},\"primaryImageOfPage\":{\"@id\":\"https:\/\/bestarbelegendary.com\/en\/formacao\/#primaryimage\"},\"image\":{\"@id\":\"https:\/\/bestarbelegendary.com\/formacao\/#primaryimage\"},\"thumbnailUrl\":\"https:\/\/bestarbelegendary.com\/wp-content\/uploads\/2022\/09\/Jantar-Congresso-topo-1.jpg\",\"datePublished\":\"2022-07-01T20:22:17+00:00\",\"dateModified\":\"2022-10-12T16:56:59+00:00\",\"breadcrumb\":{\"@id\":\"https:\/\/bestarbelegendary.com\/en\/formacao\/#breadcrumb\"},\"inLanguage\":\"en-US\",\"potentialAction\":[{\"@type\":\"ReadAction\",\"target\":[[\"https:\/\/bestarbelegendary.com\/en\/formacao\/\"]]}]},{\"@type\":\"ImageObject\",\"inLanguage\":\"en-US\",\"@id\":\"https:\/\/bestarbelegendary.com\/en\/formacao\/#primaryimage\",\"url\":\"https:\/\/bestarbelegendary.com\/wp-content\/uploads\/2022\/09\/Jantar-Congresso-topo-1.jpg\",\"contentUrl\":\"https:\/\/bestarbelegendary.com\/wp-content\/uploads\/2022\/09\/Jantar-Congresso-topo-1.jpg\",\"width\":967,\"height\":553},{\"@type\":\"BreadcrumbList\",\"@id\":\"https:\/\/bestarbelegendary.com\/en\/formacao\/#breadcrumb\",\"itemListElement\":[{\"@type\":\"ListItem\",\"position\":1,\"name\":\"In\u00edcio\",\"item\":\"https:\/\/bestarbelegendary.com\/en\/\"},{\"@type\":\"ListItem\",\"position\":2,\"name\":\"Forma\u00e7\u00e3o\"}]},{\"@type\":\"WebSite\",\"@id\":\"https:\/\/bestarbelegendary.com\/en\/#website\",\"url\":\"https:\/\/bestarbelegendary.com\/en\/\",\"name\":\"be star be legendary\",\"description\":\"www.bestarbelegendary.com\",\"potentialAction\":[{\"@type\":\"SearchAction\",\"target\":{\"@type\":\"EntryPoint\",\"urlTemplate\":\"https:\/\/bestarbelegendary.com\/en\/?s={search_term_string}\"},\"query-input\":{\"@type\":\"PropertyValueSpecification\",\"valueRequired\":true,\"valueName\":\"search_term_string\"}}],\"inLanguage\":\"en-US\"}]}<\/script>\n<!-- \/ Yoast SEO plugin. -->","yoast_head_json":{"title":"Training - be star be legendary","robots":{"index":"index","follow":"follow","max-snippet":"max-snippet:-1","max-image-preview":"max-image-preview:large","max-video-preview":"max-video-preview:-1"},"canonical":"https:\/\/bestarbelegendary.com\/en\/formacao\/","og_locale":"en_US","og_type":"article","og_title":"Training - be star be legendary","og_description":"Change your vision One day someone made to each of us some questions that we now want to ask you. &#8211; Have you ever wanted to change your life but doubted about yourself and your capacities? You believe that you\u2019re not capable! &#8211; Did you believe you\u2019re not lucky and have a better life is [&hellip;]","og_url":"https:\/\/bestarbelegendary.com\/en\/formacao\/","og_site_name":"be star be legendary","article_modified_time":"2022-10-12T16:56:59+00:00","og_image":[{"width":967,"height":553,"url":"https:\/\/bestarbelegendary.com\/wp-content\/uploads\/2022\/09\/Jantar-Congresso-topo-1.jpg","type":"image\/jpeg"}],"twitter_card":"summary_large_image","twitter_misc":{"Est. reading time":"8 minutes"},"schema":{"@context":"https:\/\/schema.org","@graph":[{"@type":"WebPage","@id":"https:\/\/bestarbelegendary.com\/en\/formacao\/","url":"https:\/\/bestarbelegendary.com\/en\/formacao\/","name":"Training - be star be legendary","isPartOf":{"@id":"https:\/\/bestarbelegendary.com\/en\/#website"},"primaryImageOfPage":{"@id":"https:\/\/bestarbelegendary.com\/en\/formacao\/#primaryimage"},"image":{"@id":"https:\/\/bestarbelegendary.com\/formacao\/#primaryimage"},"thumbnailUrl":"https:\/\/bestarbelegendary.com\/wp-content\/uploads\/2022\/09\/Jantar-Congresso-topo-1.jpg","datePublished":"2022-07-01T20:22:17+00:00","dateModified":"2022-10-12T16:56:59+00:00","breadcrumb":{"@id":"https:\/\/bestarbelegendary.com\/en\/formacao\/#breadcrumb"},"inLanguage":"en-US","potentialAction":[{"@type":"ReadAction","target":[["https:\/\/bestarbelegendary.com\/en\/formacao\/"]]}]},{"@type":"ImageObject","inLanguage":"en-US","@id":"https:\/\/bestarbelegendary.com\/en\/formacao\/#primaryimage","url":"https:\/\/bestarbelegendary.com\/wp-content\/uploads\/2022\/09\/Jantar-Congresso-topo-1.jpg","contentUrl":"https:\/\/bestarbelegendary.com\/wp-content\/uploads\/2022\/09\/Jantar-Congresso-topo-1.jpg","width":967,"height":553},{"@type":"BreadcrumbList","@id":"https:\/\/bestarbelegendary.com\/en\/formacao\/#breadcrumb","itemListElement":[{"@type":"ListItem","position":1,"name":"In\u00edcio","item":"https:\/\/bestarbelegendary.com\/en\/"},{"@type":"ListItem","position":2,"name":"Forma\u00e7\u00e3o"}]},{"@type":"WebSite","@id":"https:\/\/bestarbelegendary.com\/en\/#website","url":"https:\/\/bestarbelegendary.com\/en\/","name":"be star be legendary","description":"www.bestarbelegendary.com","potentialAction":[{"@type":"SearchAction","target":{"@type":"EntryPoint","urlTemplate":"https:\/\/bestarbelegendary.com\/en\/?s={search_term_string}"},"query-input":{"@type":"PropertyValueSpecification","valueRequired":true,"valueName":"search_term_string"}}],"inLanguage":"en-US"}]}},"_links":{"self":[{"href":"https:\/\/bestarbelegendary.com\/en\/wp-json\/wp\/v2\/pages\/24","targetHints":{"allow":["GET"]}}],"collection":[{"href":"https:\/\/bestarbelegendary.com\/en\/wp-json\/wp\/v2\/pages"}],"about":[{"href":"https:\/\/bestarbelegendary.com\/en\/wp-json\/wp\/v2\/types\/page"}],"author":[{"embeddable":true,"href":"https:\/\/bestarbelegendary.com\/en\/wp-json\/wp\/v2\/users\/1"}],"replies":[{"embeddable":true,"href":"https:\/\/bestarbelegendary.com\/en\/wp-json\/wp\/v2\/comments?post=24"}],"version-history":[{"count":4,"href":"https:\/\/bestarbelegendary.com\/en\/wp-json\/wp\/v2\/pages\/24\/revisions"}],"predecessor-version":[{"id":734,"href":"https:\/\/bestarbelegendary.com\/en\/wp-json\/wp\/v2\/pages\/24\/revisions\/734"}],"wp:featuredmedia":[{"embeddable":true,"href":"https:\/\/bestarbelegendary.com\/en\/wp-json\/wp\/v2\/media\/523"}],"wp:attachment":[{"href":"https:\/\/bestarbelegendary.com\/en\/wp-json\/wp\/v2\/media?parent=24"}],"curies":[{"name":"wp","href":"https:\/\/api.w.org\/{rel}","templated":true}]}}